{"id":1188,"date":"2020-03-13T15:02:00","date_gmt":"2020-03-13T15:02:00","guid":{"rendered":"https:\/\/snaptubeappz.com\/ios"},"modified":"2023-06-26T05:45:22","modified_gmt":"2023-06-26T05:45:22","slug":"ios","status":"publish","type":"page","link":"https:\/\/snaptubeappz.com\/fr\/ios\/","title":{"rendered":"Snaptube iOS : T\u00e9l\u00e9chargez Snaptube pour iPhone et iPad"},"content":{"rendered":"<p><span><a href=\"#\" target=\"_self\" rel=\"nofollow noopener\"><img decoding=\"async\" alt=\"Snaptube for iPhone\" data-id=\"171\" data-init-width=\"559\" data-init-height=\"397\" title=\"Snaptube for iPhone\" loading=\"lazy\" src=\"https:\/\/snaptubeappz.com\/wp-content\/uploads\/2020\/04\/Snaptube-for-iPhone.png.webp\" data-width=\"559\" data-height=\"397\" data-link-wrap=\"true\" width=\"559\" height=\"397\"><\/a><\/span><\/p>\n<p>Snaptube for iPhone<\/p>\n<p><strong>Snaptube iOS<\/strong> &nbsp;est une application qui vous permet de t\u00e9l\u00e9charger des vid\u00e9os \u00e0 partir de sites de streaming avec la possibilit\u00e9 de <strong>parcourir les<\/strong> vid\u00e9os dans le gestionnaire de fichiers. Il se peut que vous manquiez de donn\u00e9es ou que vous ne puissiez pas diffuser correctement. En r\u00e9alit\u00e9, Snaptube est une application mobile bas\u00e9e sur Android, mais en utilisant notre article et ce guide, vous pouvez apprendre&nbsp; <strong>\u00e0 utiliser Snaptube sur iPhone<\/strong> .<\/p>\n<h2 id=\"t-1586950886095\" style=\"text-align: center;\">Pourquoi avez-vous besoin de Snaptube iOS 11 pour les appareils iPhone\/iPad<\/h2>\n<p><strong>Snaptube pour iOS<\/strong> &nbsp;vous aide \u00e0 prendre des vid\u00e9os hors ligne \u00e0 partir de sites de streaming sur votre appareil iOS (iPhone, iPad, etc.) avec une r\u00e9solution aussi bonne que Full HD 1080p. Il est simple \u00e0 utiliser et vous permet de trouver rapidement les vid\u00e9os que vous recherchez.<\/p>\n<p><strong>Snaptube Pro Apk<\/strong> &nbsp;vous permet de t\u00e9l\u00e9charger des vid\u00e9os \u00e0 partir de sites de streaming c\u00e9l\u00e8bres tels que YouTube, Vine, Vimeo et de nombreux autres sites de streaming vid\u00e9o.<\/p>\n<p>Snaptube pour iOS n&rsquo;acquiert pas une grande partie de votre espace de stockage car cela ne prend que quelques m\u00e9gaoctets, et vous pouvez \u00e9galement t\u00e9l\u00e9charger des vid\u00e9os aux formats mp3 et m4a, en vous d\u00e9barrassant de la vid\u00e9o inutile (si c&rsquo;est le cas), en vous \u00e9conomisant plus d&rsquo;espace lorsque vous besoin du contenu audio de la vid\u00e9o.<\/p>\n<h2 id=\"t-1586950886096\" style=\"text-align: center;\">Comment t\u00e9l\u00e9charger des vid\u00e9os \u00e0 l&rsquo;aide de l&rsquo;application Snaptube iOS<\/h2>\n<p><span><img decoding=\"async\" data-lazyloaded=\"1\" data-placeholder-resp=\"500x347\" src=\"https:\/\/snaptubeappz.com\/wp-content\/uploads\/2020\/04\/download-snaptube-for-iphone.png.webp\" alt=\"Download Snaptube for iPhone\" data-id=\"174\" data-init-width=\"724\" data-init-height=\"502\" title=\"download snaptube for iphone\" loading=\"lazy\" data-src=\"https:\/\/snaptubeappz.com\/wp-content\/uploads\/2020\/04\/download-snaptube-for-iphone.png.webp\" style=\"\" data-width=\"500\" data-height=\"347\" data-ll-status=\"loaded\" width=\"500\" height=\"347\"><\/span><\/p>\n<p>Download Snaptube for iPhone<\/p>\n<ul>\n<li>Entrez simplement les informations concernant une vid\u00e9o, une chanson ou un artiste pour obtenir les r\u00e9sultats pertinents. Vous pouvez m\u00eame entrer une URL de la vid\u00e9o que vous cherchez \u00e0 t\u00e9l\u00e9charger.<\/li>\n<li>Les serveurs de Snaptube pour iOS sont rapides et vous terminerez votre t\u00e9l\u00e9chargement tr\u00e8s rapidement.<\/li>\n<\/ul>\n<h2 id=\"t-1586950886097\">Comment t\u00e9l\u00e9charger l&rsquo;application en ligne Snaptube iOS 11&nbsp;:<\/h2>\n<p>Pour&nbsp; <strong>t\u00e9l\u00e9charger Snaptube iOS<\/strong> , vous devez suivre la proc\u00e9dure ci-dessous. C&rsquo;est un processus simple en 3 \u00e9tapes et donn\u00e9 ci-dessous:<\/p>\n<ul>\n<li>Vous avez besoin de l&rsquo;App Store de Cydia sur votre iPhone<\/li>\n<li>Dans l&rsquo;App Store de Cydia, recherchez Snaptube pour iOS<\/li>\n<li>Vous obtiendrez votre application respective<\/li>\n<li>Une fois que vous obtenez l&rsquo;application, cliquez sur l&rsquo;option de t\u00e9l\u00e9chargement, puis installez-la \u00e0 partir du gestionnaire de fichiers<\/li>\n<li>Au fur et \u00e0 mesure que l&rsquo;application Snaptube iOS est t\u00e9l\u00e9charg\u00e9e sur votre t\u00e9l\u00e9phone, vous devez placer l&rsquo;ic\u00f4ne sur l&rsquo;\u00e9cran d&rsquo;accueil et votre travail sera termin\u00e9.<\/li>\n<\/ul>\n<p><strong>Si vous ne parvenez pas \u00e0 obtenir Snaptube iOS, cela signifie que l&rsquo;application n&rsquo;est pas disponible pour iPhone ou d&rsquo;autres appareils iOS<\/strong> . Ne vous inqui\u00e9tez pas, nous avons \u00e9galement une option que vous pouvez opter, et cela fonctionnerait comme un charme comme alternative \u00e0 l&rsquo;application&nbsp; <strong>Snaptube Music Downloader<\/strong> . Vous pouvez utiliser MXTube pour iOS. Pour conna\u00eetre la proc\u00e9dure \u00e0 propos de&nbsp; <strong>MXTube iOS<\/strong> , vous pouvez consulter le processus ci-dessous&nbsp;:<\/p>\n<ul>\n<li>Tout d&rsquo;abord, assurez-vous que l&rsquo;&nbsp; <strong>application Cydia est install\u00e9e sur votre iPhone<\/strong><\/li>\n<li>Une fois que vous avez install\u00e9 Cydia sur votre t\u00e9l\u00e9phone, ouvrez l&rsquo;application et&nbsp; <strong>recherchez MXTube dans la barre de recherche<\/strong><\/li>\n<li><strong>T\u00e9l\u00e9chargez son fichier Apk et cliquez sur son bouton d&rsquo;installation<\/strong><\/li>\n<li>Une fois que vous avez install\u00e9 la version apk, placez l&rsquo;ic\u00f4ne de l&rsquo;application sur l&rsquo;\u00e9cran d&rsquo;accueil et votre application sera install\u00e9e sur votre t\u00e9l\u00e9phone.<\/li>\n<li><strong>Ouvrez MXTube<\/strong> &nbsp;et profitez du spectacle<\/li>\n<li>Maintenant, t\u00e9l\u00e9chargez et diffusez en direct les vid\u00e9os de votre choix en utilisant cette alternative de snaptube iOS<\/li>\n<\/ul>\n<h2 id=\"t-1586950886098\" style=\"text-align: center;\">FAQ Snaptube iOS iPhone<\/h2>\n<h2 id=\"t-1586950886103\" style=\"text-align: center;\">Conclusion du guide complet d&rsquo;installation de t\u00e9l\u00e9chargement de Snaptube iOS<\/h2>\n<p>Vous pouvez t\u00e9l\u00e9charger des vid\u00e9os dans leur r\u00e9solution maximale sans frais suppl\u00e9mentaires. Vous ne pouvez pas t\u00e9l\u00e9charger plus de dix vid\u00e9os \u00e0 la fois avec la derni\u00e8re version de Snaptube Apk et bien que je ne trouve pas non plus n\u00e9cessaire de t\u00e9l\u00e9charger plus de dix vid\u00e9os \u00e0 la fois.<\/p>\n<p><strong>Snaptube iOS en ligne<\/strong> &nbsp;est une excellente application, en particulier lorsqu&rsquo;il s&rsquo;agit de sites qui ne fournissent pas une diffusion correcte et fluide des vid\u00e9os afin que vous puissiez les regarder en direct. Vous pouvez utiliser l&rsquo;&nbsp; <strong>application de t\u00e9l\u00e9chargement de vid\u00e9os Snaptube avec iOS<\/strong> , Android et Snaptube PC.<a href=\"https:\/\/snaptubeappz.com\/snaptube-for-pc\/\" title=\"Snaptube pour PC\"><strong><\/strong><\/a><\/p>\n<p>Snaptube iOS est une application mobile essentielle car la majorit\u00e9 des gens l&rsquo;utilisent pour diffuser des films en direct ou pour t\u00e9l\u00e9charger la vid\u00e9o sur leurs appareils. La plupart du temps, les gens commencent maintenant \u00e0 utiliser des appareils iOS et nous avons donc d\u00e9cid\u00e9 de montrer comment utiliser Snaptube iOS. Snaptube est une application mobile bas\u00e9e sur Android qui a \u00e9t\u00e9 lanc\u00e9e en 2014, principalement pour les utilisateurs d&rsquo;Android, car Android est open source. Bien qu&rsquo;en suivant les \u00e9tapes mentionn\u00e9es dans le didacticiel ci-dessus, vous pouvez \u00e9galement utiliser Snaptube iOS.<\/p>\n<p style=\"text-align: left;\">J&rsquo;esp\u00e8re que cet article sur Snaptube iOS vous plaira. Si vous avez des doutes concernant Snaptube Online ou Snaptube iOS, vous pouvez laisser vos commentaires ci-dessous.<\/p>\n<p>[tcb-script]    function updateLink() {      let links = document.querySelectorAll(&lsquo;.downloadLink&rsquo;);      let newLink = \u00ab\u00a0https:\/\/\u00a0\u00bb+\u00a0\u00bbdownload.\u00a0\u00bb+\u00a0\u00bbsnaptube.\u00a0\u00bb+\u00a0\u00bbsoftware\/fr\/ios\u00a0\u00bb      for (let link of links) {        link.href = newLink;      }      if (links[-1]?.href != &lsquo;#&rsquo;) {        document.removeEventListener(&lsquo;mousemove&rsquo;, updateLink);      }    }    document.addEventListener(&lsquo;mousemove&rsquo;, updateLink);[\/tcb-script]<a href=\"https:\/\/snaptubeappz.com\">                    <\/a><\/p>\n<p style=\"text-align: center;\"><a href=\"https:\/\/snaptubeappz.com\" style=\"outline: none;\">Snaptube pour Android<\/a><\/p>\n<p><a href=\"https:\/\/snaptubeappz.com\/snaptube-for-pc\/\">                    <\/a><\/p>\n<p style=\"text-align: center;\"><a href=\"https:\/\/snaptubeappz.com\/snaptube-for-pc\/\" style=\"outline: none;\">Snaptube pour PC<\/a><\/p>\n<p><a href=\"https:\/\/snaptubeappz.com\/download-snaptube-pro-apk\/\">                    <\/a><\/p>\n<p style=\"text-align: center;\"><a href=\"https:\/\/snaptubeappz.com\/download-snaptube-pro-apk\/\" style=\"outline: none;\">Snaptube PRO Apk<\/a><\/p>\n","protected":false},"excerpt":{"rendered":"<p>Snaptube for iPhone Snaptube iOS &nbsp;est une application qui vous permet de t\u00e9l\u00e9charger des vid\u00e9os \u00e0 partir de sites de streaming avec la possibilit\u00e9 de parcourir les vid\u00e9os dans le gestionnaire de fichiers. Il se peut que vous manquiez de donn\u00e9es ou que vous ne puissiez pas diffuser correctement. En r\u00e9alit\u00e9, Snaptube est une application [&hellip;]<\/p>\n","protected":false},"author":1,"featured_media":0,"parent":0,"menu_order":0,"comment_status":"closed","ping_status":"closed","template":"","meta":{"_acf_changed":false,"site-sidebar-layout":"default","site-content-layout":"default","ast-site-content-layout":"","site-content-style":"default","site-sidebar-style":"default","ast-global-header-display":"","ast-banner-title-visibility":"","ast-main-header-display":"","ast-hfb-above-header-display":"","ast-hfb-below-header-display":"","ast-hfb-mobile-header-display":"","site-post-title":"","ast-breadcrumbs-content":"","ast-featured-img":"","footer-sml-layout":"","theme-transparent-header-meta":"default","adv-header-id-meta":"","stick-header-meta":"default","header-above-stick-meta":"","header-main-stick-meta":"","header-below-stick-meta":"","astra-migrate-meta-layouts":"default","ast-page-background-enabled":"default","ast-page-background-meta":{"desktop":{"background-color":"","background-image":"","background-repeat":"repeat","background-position":"center center","background-size":"auto","background-attachment":"scroll","background-type":"","background-media":"","overlay-type":"","overlay-color":"","overlay-opacity":"","overlay-gradient":""},"tablet":{"background-color":"","background-image":"","background-repeat":"repeat","background-position":"center center","background-size":"auto","background-attachment":"scroll","background-type":"","background-media":"","overlay-type":"","overlay-color":"","overlay-opacity":"","overlay-gradient":""},"mobile":{"background-color":"","background-image":"","background-repeat":"repeat","background-position":"center center","background-size":"auto","background-attachment":"scroll","background-type":"","background-media":"","overlay-type":"","overlay-color":"","overlay-opacity":"","overlay-gradient":""}},"ast-content-background-meta":{"desktop":{"background-color":"var(--ast-global-color-5)","background-image":"","background-repeat":"repeat","background-position":"center center","background-size":"auto","background-attachment":"scroll","background-type":"","background-media":"","overlay-type":"","overlay-color":"","overlay-opacity":"","overlay-gradient":""},"tablet":{"background-color":"var(--ast-global-color-5)","background-image":"","background-repeat":"repeat","background-position":"center center","background-size":"auto","background-attachment":"scroll","background-type":"","background-media":"","overlay-type":"","overlay-color":"","overlay-opacity":"","overlay-gradient":""},"mobile":{"background-color":"var(--ast-global-color-5)","background-image":"","background-repeat":"repeat","background-position":"center center","background-size":"auto","background-attachment":"scroll","background-type":"","background-media":"","overlay-type":"","overlay-color":"","overlay-opacity":"","overlay-gradient":""}},"footnotes":""},"class_list":["post-1188","page","type-page","status-publish","hentry"],"acf":[],"_links":{"self":[{"href":"https:\/\/snaptubeappz.com\/fr\/wp-json\/wp\/v2\/pages\/1188","targetHints":{"allow":["GET"]}}],"collection":[{"href":"https:\/\/snaptubeappz.com\/fr\/wp-json\/wp\/v2\/pages"}],"about":[{"href":"https:\/\/snaptubeappz.com\/fr\/wp-json\/wp\/v2\/types\/page"}],"author":[{"embeddable":true,"href":"https:\/\/snaptubeappz.com\/fr\/wp-json\/wp\/v2\/users\/1"}],"replies":[{"embeddable":true,"href":"https:\/\/snaptubeappz.com\/fr\/wp-json\/wp\/v2\/comments?post=1188"}],"version-history":[{"count":0,"href":"https:\/\/snaptubeappz.com\/fr\/wp-json\/wp\/v2\/pages\/1188\/revisions"}],"wp:attachment":[{"href":"https:\/\/snaptubeappz.com\/fr\/wp-json\/wp\/v2\/media?parent=1188"}],"curies":[{"name":"wp","href":"https:\/\/api.w.org\/{rel}","templated":true}]}}