{"id":5828,"date":"2024-05-04T18:39:44","date_gmt":"2024-05-04T18:39:44","guid":{"rendered":"https:\/\/snaptubeappz.com\/?page_id=5828"},"modified":"2024-05-04T19:10:28","modified_gmt":"2024-05-04T19:10:28","slug":"online","status":"publish","type":"page","link":"https:\/\/snaptubeappz.com\/es\/online\/","title":{"rendered":"Snaptube Online &#8211; Descargar v\u00eddeos MP4 HD GRATIS"},"content":{"rendered":"<p>[downloader_section]<\/p>\n<p>Bienvenido a <strong>Snaptube Online<\/strong>, tu plataforma \u00fanica para descargar v\u00eddeos offline desde tus plataformas de streaming de v\u00eddeo online favoritas.<\/p>\n<p>Nuestra plataforma es compatible con una amplia gama de sitios web, incluyendo Facebook, Instagram, Vimeo, Dailymotion, TikTok, y muchos m\u00e1s. Snaptube Online Video Downloader se esfuerza por ser su soluci\u00f3n definitiva para todas sus necesidades de descarga de v\u00eddeo de estas plataformas populares. Navega y descarga en cualquier momento y lugar.<\/p>\n<p>[btn]<\/p>\n<p>[table_of_content]<\/p>\n<p>[steps]<\/p>\n<p>[feature]<\/p>\n<h2 style=\"text-align: center;\">Limitaciones del uso de la aplicaci\u00f3n web Snaptube Online frente al uso de la aplicaci\u00f3n Snaptube en el m\u00f3vil<\/h2>\n<p>Aunque Snaptube Online proporciona una plataforma vers\u00e1til para la descarga de v\u00eddeo, es esencial reconocer algunas de las limitaciones que tiene en comparaci\u00f3n con la <a href=\"https:\/\/snaptubeappz.com\/es\/\">aplicaci\u00f3n Snaptube<\/a>:<\/p>\n<p>[limitations]<\/p>\n<p>[faq]<\/p>\n<p>[links]<\/p>\n","protected":false},"excerpt":{"rendered":"<p>[downloader_section] Bienvenido a Snaptube Online, tu plataforma \u00fanica para descargar v\u00eddeos offline desde tus plataformas de streaming de v\u00eddeo online favoritas. Nuestra plataforma es compatible con una amplia gama de sitios web, incluyendo Facebook, Instagram, Vimeo, Dailymotion, TikTok, y muchos m\u00e1s. Snaptube Online Video Downloader se esfuerza por ser su soluci\u00f3n definitiva para todas sus [&hellip;]<\/p>\n","protected":false},"author":1,"featured_media":0,"parent":0,"menu_order":0,"comment_status":"closed","ping_status":"closed","template":"","meta":{"_acf_changed":false,"site-sidebar-layout":"default","site-content-layout":"","ast-site-content-layout":"default","site-content-style":"default","site-sidebar-style":"default","ast-global-header-display":"","ast-banner-title-visibility":"","ast-main-header-display":"","ast-hfb-above-header-display":"","ast-hfb-below-header-display":"","ast-hfb-mobile-header-display":"","site-post-title":"","ast-breadcrumbs-content":"disabled","ast-featured-img":"disabled","footer-sml-layout":"","theme-transparent-header-meta":"default","adv-header-id-meta":"","stick-header-meta":"default","header-above-stick-meta":"","header-main-stick-meta":"","header-below-stick-meta":"","astra-migrate-meta-layouts":"set","ast-page-background-enabled":"default","ast-page-background-meta":{"desktop":{"background-color":"","background-image":"","background-repeat":"repeat","background-position":"center center","background-size":"auto","background-attachment":"scroll","background-type":"","background-media":"","overlay-type":"","overlay-color":"","overlay-opacity":"","overlay-gradient":""},"tablet":{"background-color":"","background-image":"","background-repeat":"repeat","background-position":"center center","background-size":"auto","background-attachment":"scroll","background-type":"","background-media":"","overlay-type":"","overlay-color":"","overlay-opacity":"","overlay-gradient":""},"mobile":{"background-color":"","background-image":"","background-repeat":"repeat","background-position":"center center","background-size":"auto","background-attachment":"scroll","background-type":"","background-media":"","overlay-type":"","overlay-color":"","overlay-opacity":"","overlay-gradient":""}},"ast-content-background-meta":{"desktop":{"background-color":"var(--ast-global-color-5)","background-image":"","background-repeat":"repeat","background-position":"center center","background-size":"auto","background-attachment":"scroll","background-type":"","background-media":"","overlay-type":"","overlay-color":"","overlay-opacity":"","overlay-gradient":""},"tablet":{"background-color":"var(--ast-global-color-5)","background-image":"","background-repeat":"repeat","background-position":"center center","background-size":"auto","background-attachment":"scroll","background-type":"","background-media":"","overlay-type":"","overlay-color":"","overlay-opacity":"","overlay-gradient":""},"mobile":{"background-color":"var(--ast-global-color-5)","background-image":"","background-repeat":"repeat","background-position":"center center","background-size":"auto","background-attachment":"scroll","background-type":"","background-media":"","overlay-type":"","overlay-color":"","overlay-opacity":"","overlay-gradient":""}},"footnotes":""},"class_list":["post-5828","page","type-page","status-publish","hentry"],"acf":[],"_links":{"self":[{"href":"https:\/\/snaptubeappz.com\/es\/wp-json\/wp\/v2\/pages\/5828","targetHints":{"allow":["GET"]}}],"collection":[{"href":"https:\/\/snaptubeappz.com\/es\/wp-json\/wp\/v2\/pages"}],"about":[{"href":"https:\/\/snaptubeappz.com\/es\/wp-json\/wp\/v2\/types\/page"}],"author":[{"embeddable":true,"href":"https:\/\/snaptubeappz.com\/es\/wp-json\/wp\/v2\/users\/1"}],"replies":[{"embeddable":true,"href":"https:\/\/snaptubeappz.com\/es\/wp-json\/wp\/v2\/comments?post=5828"}],"version-history":[{"count":4,"href":"https:\/\/snaptubeappz.com\/es\/wp-json\/wp\/v2\/pages\/5828\/revisions"}],"predecessor-version":[{"id":5872,"href":"https:\/\/snaptubeappz.com\/es\/wp-json\/wp\/v2\/pages\/5828\/revisions\/5872"}],"wp:attachment":[{"href":"https:\/\/snaptubeappz.com\/es\/wp-json\/wp\/v2\/media?parent=5828"}],"curies":[{"name":"wp","href":"https:\/\/api.w.org\/{rel}","templated":true}]}}