{"id":5407,"date":"2024-03-24T06:20:52","date_gmt":"2024-03-24T06:20:52","guid":{"rendered":"https:\/\/snaptubeappz.com\/?page_id=5407"},"modified":"2024-03-24T06:20:52","modified_gmt":"2024-03-24T06:20:52","slug":"about-us","status":"publish","type":"page","link":"https:\/\/snaptubeappz.com\/es\/about-us\/","title":{"rendered":"Qui\u00e9nes somos &#8211; El equipo de Snaptube Appz"},"content":{"rendered":"<p>Bienvenido a la <a href=\"https:\/\/snaptubeappz.com\/es\/\">web oficial de Snaptubeappz<\/a>, tu destino definitivo para toda la informaci\u00f3n relativa a Snaptubeappz, una conocida aplicaci\u00f3n de descarga de v\u00eddeos y m\u00fasica adaptada a dispositivos Android.<\/p>\n<h2>El comienzo del viaje<\/h2>\n<p>Fundada en noviembre de 2014, Snaptubeappz ha revolucionado la forma en que los usuarios interact\u00faan con los contenidos digitales. Esta aplicaci\u00f3n gratuita para Android facilita la descarga de v\u00eddeo y audio y sirve como agregador de redes sociales. Es compatible con una amplia gama de resoluciones de v\u00eddeo y formatos de audio, y atiende a m\u00e1s de 150 millones de usuarios hasta febrero de 2024.<\/p>\n<h2>Nuestro fundador y equipo<\/h2>\n<p>El visionario detr\u00e1s de Snaptubeappz es <a href=\"https:\/\/www.linkedin.com\/in\/chao-ding-1b67672b9\/\" data-schema-attribute=\"about\" target=\"_blank\" rel=\"noopener\">Chao Ding<\/a>, un joven ingeniero cuya fascinaci\u00f3n por el potencial de la tecnolog\u00eda para transformar vidas le llev\u00f3 a la creaci\u00f3n de Snaptubeappz. Su viaje, apoyado por un equipo dedicado de ingenieros, desarrolladores y dise\u00f1adores, transform\u00f3 su sue\u00f1o en la realidad de Snaptubeappz hoy: los esfuerzos colectivos de este equipo y su visi\u00f3n compartida de la innovaci\u00f3n impulsan el \u00e9xito de Snaptubeappz.<\/p>\n<figure id=\"attachment_5069\" aria-describedby=\"caption-attachment-5069\" style=\"width: 300px\" class=\"wp-caption alignnone\"><img loading=\"lazy\" decoding=\"async\" class=\"wp-image-5069 size-medium\" src=\"https:\/\/snaptubeappz.com\/wp-content\/uploads\/2024\/03\/Chao-Ding-Founder-of-Snaptube-Appz-300x295.webp\" alt=\"Chao Ding Founder of Snaptube Appz\" width=\"300\" height=\"295\" srcset=\"https:\/\/snaptubeappz.com\/wp-content\/uploads\/2024\/03\/Chao-Ding-Founder-of-Snaptube-Appz-300x295.webp 300w, https:\/\/snaptubeappz.com\/wp-content\/uploads\/2024\/03\/Chao-Ding-Founder-of-Snaptube-Appz.webp 631w\" sizes=\"auto, (max-width: 300px) 100vw, 300px\" \/><figcaption id=\"caption-attachment-5069\" class=\"wp-caption-text\"><a href=\"https:\/\/gravatar.com\/snaptubeappz\" data-schema-attribute=\"mentions\" target=\"_blank\" rel=\"noopener\">Chao Ding<\/a> Fundador de Snaptube Appz<\/figcaption><\/figure>\n<h2>Nuestra aplicaci\u00f3n<\/h2>\n<p>Snaptubeappz ofrece una interfaz f\u00e1cil de usar y una funcionalidad eficiente, lo que la convierte en un compa\u00f1ero de confianza para millones de personas en todo el mundo. Destaca por su capacidad para descargar v\u00eddeos, liberar espacio y gestionar m\u00fasica, atendiendo a diversas necesidades de los usuarios. A pesar de enfrentarse a retos como su eliminaci\u00f3n de Google Play Store, la empresa tom\u00f3 medidas inmediatas para resolver los problemas, lo que subraya su compromiso con la mejora continua y la confianza de los usuarios.<\/p>\n<h2>Cultura de empresa<\/h2>\n<p>En Snaptubeappz, nuestra cultura se basa en la innovaci\u00f3n, la colaboraci\u00f3n y el respeto. Valoramos las contribuciones \u00fanicas de cada miembro del equipo, fomentando un entorno en el que se alienta la creatividad, el aprendizaje continuo y el crecimiento personal. Nuestra pasi\u00f3n compartida por la tecnolog\u00eda y la innovaci\u00f3n nos une, impulsando nuestra misi\u00f3n de redefinir los l\u00edmites de la tecnolog\u00eda y la experiencia del usuario.<\/p>\n<h2>Ubicaci\u00f3n<\/h2>\n<p><strong>Nuestra sede en Shenzhen, Guangdong, China<\/strong>, un centro de innovaci\u00f3n tecnol\u00f3gica, es una fuente constante de inspiraci\u00f3n. Aqu\u00ed colaboramos para hacer realidad la visi\u00f3n de Chao Ding, mejorando y ampliando continuamente las capacidades de Snaptubeappz. Esta ubicaci\u00f3n estrat\u00e9gica nos mantiene a la vanguardia de la industria tecnol\u00f3gica, inspir\u00e1ndonos para innovar y sobresalir.<\/p>\n<p><iframe loading=\"lazy\" src=\"https:\/\/www.google.com\/maps\/embed?pb=!1m18!1m12!1m3!1d235679.12090543256!2d113.9357084524362!3d22.635651710705055!2m3!1f0!2f0!3f0!3m2!1i1024!2i768!4f13.1!3m3!1m2!1s0x3403f408d0e15291%3A0xfdee550db79280c9!2sShenzhen%2C%20Guangdong%20Province%2C%20China!5e0!3m2!1sen!2sin!4v1702212679147!5m2!1sen!2sin\" width=\"600\" height=\"450\" allowfullscreen=\"allowfullscreen\"><\/iframe><\/p>\n<p>\u00danete a nosotros para seguir transformando el panorama digital, aplicaci\u00f3n a aplicaci\u00f3n, con Snaptubeappz a la cabeza.<\/p>\n<p><em><span style=\"text-decoration: underline;\"><strong>Nota<\/strong> <\/span>&#8211; SnaptubeAppz.com es una plataforma independiente y no est\u00e1 afiliada a los creadores oficiales de Snaptube. No somos el proveedor oficial de la aplicaci\u00f3n Snaptube. Snaptube pertenece a sus creadores oficiales.<\/em><\/p>\n","protected":false},"excerpt":{"rendered":"<p>Bienvenido a la web oficial de Snaptubeappz, tu destino definitivo para toda la informaci\u00f3n relativa a Snaptubeappz, una conocida aplicaci\u00f3n de descarga de v\u00eddeos y m\u00fasica adaptada a dispositivos Android. El comienzo del viaje Fundada en noviembre de 2014, Snaptubeappz ha revolucionado la forma en que los usuarios interact\u00faan con los contenidos digitales. Esta aplicaci\u00f3n [&hellip;]<\/p>\n","protected":false},"author":1,"featured_media":0,"parent":0,"menu_order":0,"comment_status":"closed","ping_status":"closed","template":"","meta":{"_acf_changed":false,"site-sidebar-layout":"default","site-content-layout":"","ast-site-content-layout":"default","site-content-style":"default","site-sidebar-style":"default","ast-global-header-display":"","ast-banner-title-visibility":"","ast-main-header-display":"","ast-hfb-above-header-display":"","ast-hfb-below-header-display":"","ast-hfb-mobile-header-display":"","site-post-title":"","ast-breadcrumbs-content":"disabled","ast-featured-img":"","footer-sml-layout":"","theme-transparent-header-meta":"default","adv-header-id-meta":"","stick-header-meta":"default","header-above-stick-meta":"","header-main-stick-meta":"","header-below-stick-meta":"","astra-migrate-meta-layouts":"set","ast-page-background-enabled":"default","ast-page-background-meta":{"desktop":{"background-color":"","background-image":"","background-repeat":"repeat","background-position":"center center","background-size":"auto","background-attachment":"scroll","background-type":"","background-media":"","overlay-type":"","overlay-color":"","overlay-opacity":"","overlay-gradient":""},"tablet":{"background-color":"","background-image":"","background-repeat":"repeat","background-position":"center center","background-size":"auto","background-attachment":"scroll","background-type":"","background-media":"","overlay-type":"","overlay-color":"","overlay-opacity":"","overlay-gradient":""},"mobile":{"background-color":"","background-image":"","background-repeat":"repeat","background-position":"center center","background-size":"auto","background-attachment":"scroll","background-type":"","background-media":"","overlay-type":"","overlay-color":"","overlay-opacity":"","overlay-gradient":""}},"ast-content-background-meta":{"desktop":{"background-color":"var(--ast-global-color-5)","background-image":"","background-repeat":"repeat","background-position":"center center","background-size":"auto","background-attachment":"scroll","background-type":"","background-media":"","overlay-type":"","overlay-color":"","overlay-opacity":"","overlay-gradient":""},"tablet":{"background-color":"var(--ast-global-color-5)","background-image":"","background-repeat":"repeat","background-position":"center center","background-size":"auto","background-attachment":"scroll","background-type":"","background-media":"","overlay-type":"","overlay-color":"","overlay-opacity":"","overlay-gradient":""},"mobile":{"background-color":"var(--ast-global-color-5)","background-image":"","background-repeat":"repeat","background-position":"center center","background-size":"auto","background-attachment":"scroll","background-type":"","background-media":"","overlay-type":"","overlay-color":"","overlay-opacity":"","overlay-gradient":""}},"footnotes":""},"class_list":["post-5407","page","type-page","status-publish","hentry"],"acf":[],"_links":{"self":[{"href":"https:\/\/snaptubeappz.com\/es\/wp-json\/wp\/v2\/pages\/5407","targetHints":{"allow":["GET"]}}],"collection":[{"href":"https:\/\/snaptubeappz.com\/es\/wp-json\/wp\/v2\/pages"}],"about":[{"href":"https:\/\/snaptubeappz.com\/es\/wp-json\/wp\/v2\/types\/page"}],"author":[{"embeddable":true,"href":"https:\/\/snaptubeappz.com\/es\/wp-json\/wp\/v2\/users\/1"}],"replies":[{"embeddable":true,"href":"https:\/\/snaptubeappz.com\/es\/wp-json\/wp\/v2\/comments?post=5407"}],"version-history":[{"count":2,"href":"https:\/\/snaptubeappz.com\/es\/wp-json\/wp\/v2\/pages\/5407\/revisions"}],"predecessor-version":[{"id":5409,"href":"https:\/\/snaptubeappz.com\/es\/wp-json\/wp\/v2\/pages\/5407\/revisions\/5409"}],"wp:attachment":[{"href":"https:\/\/snaptubeappz.com\/es\/wp-json\/wp\/v2\/media?parent=5407"}],"curies":[{"name":"wp","href":"https:\/\/api.w.org\/{rel}","templated":true}]}}