{"id":5229,"date":"2024-03-18T06:25:08","date_gmt":"2024-03-18T06:25:08","guid":{"rendered":"https:\/\/snaptubeappz.com\/?page_id=5229"},"modified":"2025-06-25T16:59:26","modified_gmt":"2025-06-25T16:59:26","slug":"is-snaptube-safe","status":"publish","type":"page","link":"https:\/\/snaptubeappz.com\/es\/is-snaptube-safe\/","title":{"rendered":"\u00bfEs seguro descargar y utilizar Snaptube?"},"content":{"rendered":"<p>En los \u00faltimos a\u00f1os, la descarga de v\u00eddeos de diversas plataformas se ha hecho cada vez m\u00e1s popular, y <a href=\"https:\/\/snaptubeappz.com\/es\/\">Snaptube<\/a> se ha convertido en una aplicaci\u00f3n muy utilizada.<\/p>\n<p>La aplicaci\u00f3n ha ganado muchos adeptos gracias a su interfaz f\u00e1cil de usar y a sus diversas funciones. Sin embargo, a\u00fan quedan preguntas por responder sobre si es seguro descargar y utilizar Snaptube.<\/p>\n<p><span style=\"text-decoration: underline;\"><em><strong>Crux<\/strong><\/em><\/span> &#8211; Tras un examen exhaustivo y una prueba detallada realizada en la reputada plataforma VirusTotal, se ha confirmado que la aplicaci\u00f3n Snaptube es segura si se descarga desde una plataforma segura.<\/p>\n<p>[btn]<\/p>\n<p>Algunos usuarios est\u00e1n preocupados por su seguridad y se preguntan si la aplicaci\u00f3n supone alg\u00fan riesgo para sus dispositivos o su privacidad.<\/p>\n<p>Antes de llegar a una conclusi\u00f3n <strong>sobre la seguridad de snaptube<\/strong>, debemos tener en cuenta varios aspectos, como la disponibilidad de la aplicaci\u00f3n en las tiendas de aplicaciones oficiales, sus requisitos de permisos y las experiencias de los usuarios.<\/p>\n<p>[faq-1]<\/p>\n<p>[faq-2]<\/p>\n<h2 style=\"text-align: center;\">Prueba de seguridad de Snaptube en VirusTotal<\/h2>\n<p><strong>Para evaluar la seguridad de Snaptube, se realiz\u00f3 una prueba de VirusTotal.<\/strong><\/p>\n<p>VirusTotal es un sitio web que analiza archivos y URL en busca de posibles virus, gusanos, troyanos y otros contenidos maliciosos. Utiliza varios motores antivirus y esc\u00e1neres de sitios web para proporcionar un informe detallado sobre la seguridad del contenido enviado.<\/p>\n<p>Al enviar el archivo APK de Snaptube a VirusTotal, los resultados fueron tranquilizadores. El <strong>an\u00e1lisis indic\u00f3 que la aplicaci\u00f3n es segura y est\u00e1 libre de contenido malicioso<\/strong>. Este hallazgo a\u00f1ade una capa de confianza para los usuarios que est\u00e1n preocupados por la seguridad de la aplicaci\u00f3n, ya que m\u00faltiples soluciones antivirus de confianza la han examinado.<\/p>\n<p>Los interesados en profundizar en los detalles de la prueba pueden consultar el informe detallado en el sitio <a href=\"https:\/\/www.virustotal.com\/gui\/file\/2050196cc91a7bfe493ec1fed79fe22dea4dd5adb27ed5b912d133ceed02d8b0\/detection\" data-schema-attribute=\"mentions\" target=\"_blank\" rel=\"noopener\">web de VirusTotal<\/a>. Siempre es una buena pr\u00e1ctica realizar este tipo de pruebas o consultar fuentes de confianza cuando se tienen dudas sobre la seguridad de cualquier software o aplicaci\u00f3n.<\/p>\n<p>[faq-3]<\/p>\n","protected":false},"excerpt":{"rendered":"<p>En los \u00faltimos a\u00f1os, la descarga de v\u00eddeos de diversas plataformas se ha hecho cada vez m\u00e1s popular, y Snaptube se ha convertido en una aplicaci\u00f3n muy utilizada. La aplicaci\u00f3n ha ganado muchos adeptos gracias a su interfaz f\u00e1cil de usar y a sus diversas funciones. Sin embargo, a\u00fan quedan preguntas por responder sobre si [&hellip;]<\/p>\n","protected":false},"author":1,"featured_media":0,"parent":0,"menu_order":0,"comment_status":"closed","ping_status":"closed","template":"","meta":{"_acf_changed":false,"site-sidebar-layout":"default","site-content-layout":"","ast-site-content-layout":"default","site-content-style":"default","site-sidebar-style":"default","ast-global-header-display":"","ast-banner-title-visibility":"","ast-main-header-display":"","ast-hfb-above-header-display":"","ast-hfb-below-header-display":"","ast-hfb-mobile-header-display":"","site-post-title":"","ast-breadcrumbs-content":"disabled","ast-featured-img":"","footer-sml-layout":"","theme-transparent-header-meta":"default","adv-header-id-meta":"","stick-header-meta":"default","header-above-stick-meta":"","header-main-stick-meta":"","header-below-stick-meta":"","astra-migrate-meta-layouts":"set","ast-page-background-enabled":"default","ast-page-background-meta":{"desktop":{"background-color":"","background-image":"","background-repeat":"repeat","background-position":"center center","background-size":"auto","background-attachment":"scroll","background-type":"","background-media":"","overlay-type":"","overlay-color":"","overlay-opacity":"","overlay-gradient":""},"tablet":{"background-color":"","background-image":"","background-repeat":"repeat","background-position":"center center","background-size":"auto","background-attachment":"scroll","background-type":"","background-media":"","overlay-type":"","overlay-color":"","overlay-opacity":"","overlay-gradient":""},"mobile":{"background-color":"","background-image":"","background-repeat":"repeat","background-position":"center center","background-size":"auto","background-attachment":"scroll","background-type":"","background-media":"","overlay-type":"","overlay-color":"","overlay-opacity":"","overlay-gradient":""}},"ast-content-background-meta":{"desktop":{"background-color":"var(--ast-global-color-5)","background-image":"","background-repeat":"repeat","background-position":"center center","background-size":"auto","background-attachment":"scroll","background-type":"","background-media":"","overlay-type":"","overlay-color":"","overlay-opacity":"","overlay-gradient":""},"tablet":{"background-color":"var(--ast-global-color-5)","background-image":"","background-repeat":"repeat","background-position":"center center","background-size":"auto","background-attachment":"scroll","background-type":"","background-media":"","overlay-type":"","overlay-color":"","overlay-opacity":"","overlay-gradient":""},"mobile":{"background-color":"var(--ast-global-color-5)","background-image":"","background-repeat":"repeat","background-position":"center center","background-size":"auto","background-attachment":"scroll","background-type":"","background-media":"","overlay-type":"","overlay-color":"","overlay-opacity":"","overlay-gradient":""}},"footnotes":""},"class_list":["post-5229","page","type-page","status-publish","hentry"],"acf":[],"_links":{"self":[{"href":"https:\/\/snaptubeappz.com\/es\/wp-json\/wp\/v2\/pages\/5229","targetHints":{"allow":["GET"]}}],"collection":[{"href":"https:\/\/snaptubeappz.com\/es\/wp-json\/wp\/v2\/pages"}],"about":[{"href":"https:\/\/snaptubeappz.com\/es\/wp-json\/wp\/v2\/types\/page"}],"author":[{"embeddable":true,"href":"https:\/\/snaptubeappz.com\/es\/wp-json\/wp\/v2\/users\/1"}],"replies":[{"embeddable":true,"href":"https:\/\/snaptubeappz.com\/es\/wp-json\/wp\/v2\/comments?post=5229"}],"version-history":[{"count":2,"href":"https:\/\/snaptubeappz.com\/es\/wp-json\/wp\/v2\/pages\/5229\/revisions"}],"predecessor-version":[{"id":5437,"href":"https:\/\/snaptubeappz.com\/es\/wp-json\/wp\/v2\/pages\/5229\/revisions\/5437"}],"wp:attachment":[{"href":"https:\/\/snaptubeappz.com\/es\/wp-json\/wp\/v2\/media?parent=5229"}],"curies":[{"name":"wp","href":"https:\/\/api.w.org\/{rel}","templated":true}]}}