{"id":3354,"date":"2020-03-13T03:29:37","date_gmt":"2020-03-13T03:29:37","guid":{"rendered":"https:\/\/snaptubeappz.com\/privacy-policy\/"},"modified":"2023-02-26T06:23:38","modified_gmt":"2023-02-26T06:23:38","slug":"privacy-policy","status":"publish","type":"page","link":"https:\/\/snaptubeappz.com\/es\/privacy-policy\/","title":{"rendered":"pol\u00edtica de privacidad"},"content":{"rendered":"<p>Bienvenido a <a href=\"https:\/\/snaptubeappz.com\/es\/\">https:\/\/snaptubeappz.com\/es\/<\/a> (el \u201cSitio\u201d). Entendemos que la privacidad en l\u00ednea es importante para los usuarios de nuestro Sitio, especialmente cuando realizan negocios. Esta declaraci\u00f3n rige nuestras pol\u00edticas de privacidad con respecto a aquellos usuarios del Sitio (\u00abVisitantes\u00bb) que visitan sin realizar transacciones comerciales y Visitantes que se registran para realizar transacciones comerciales en el Sitio y hacen uso de los diversos servicios ofrecidos por Snaptube Appz (colectivamente, \u00abServicios \u201d) (\u201cClientes autorizados\u201d).<\/p>\n<p><b>\u00abInformaci\u00f3n de identificaci\u00f3n personal\u00bb<\/b><\/p>\n<p>se refiere a cualquier informaci\u00f3n que identifique o pueda usarse para identificar, contactar o ubicar a la persona a quien pertenece dicha informaci\u00f3n, incluidos, entre otros, nombre, direcci\u00f3n, n\u00famero de tel\u00e9fono, n\u00famero de fax, direcci\u00f3n de correo electr\u00f3nico, perfiles financieros, seguridad social n\u00famero e informaci\u00f3n de la tarjeta de cr\u00e9dito. Personalmente, la informaci\u00f3n identificable no incluye informaci\u00f3n recopilada de forma an\u00f3nima (es decir, sin la identificaci\u00f3n del usuario individual) o informaci\u00f3n demogr\u00e1fica no relacionada con una persona identificada.<\/p>\n<p><b>\u00bfQu\u00e9 informaci\u00f3n de identificaci\u00f3n personal se recopila?<\/b><\/p>\n<p>Podemos recopilar informaci\u00f3n b\u00e1sica del perfil de usuario de todos nuestros Visitantes. Recopilamos la siguiente informaci\u00f3n adicional de nuestros Clientes autorizados: los nombres, direcciones, n\u00fameros de tel\u00e9fono y direcciones de correo electr\u00f3nico de los Clientes autorizados, la naturaleza y el tama\u00f1o de la empresa, y la naturaleza y el tama\u00f1o del inventario publicitario que el Cliente autorizado pretende comprar o vender.<\/p>\n<p><b>\u00bfQu\u00e9 organizaciones recopilan la informaci\u00f3n?<\/b><\/p>\n<p>Adem\u00e1s de nuestra recopilaci\u00f3n directa de informaci\u00f3n, nuestros proveedores de servicios externos (como compa\u00f1\u00edas de tarjetas de cr\u00e9dito, c\u00e1maras de compensaci\u00f3n y bancos) que pueden proporcionar servicios tales como servicios de cr\u00e9dito, seguros y dep\u00f3sito en garant\u00eda pueden recopilar esta informaci\u00f3n de nuestros Visitantes y Clientes autorizados. No controlamos c\u00f3mo estos terceros usan dicha informaci\u00f3n, pero les pedimos que divulguen c\u00f3mo usan la informaci\u00f3n personal que les proporcionan los Visitantes y los Clientes autorizados. Algunos de estos terceros pueden ser intermediarios que act\u00faan \u00fanicamente como eslabones en la cadena de distribuci\u00f3n y no almacenan, retienen ni utilizan la informaci\u00f3n que se les proporciona.<\/p>\n<p><b>\u00bfC\u00f3mo utiliza el Sitio la informaci\u00f3n de identificaci\u00f3n personal?<\/b><\/p>\n<p>Utilizamos informaci\u00f3n de identificaci\u00f3n personal para personalizar el sitio, realizar ofertas de servicios adecuadas y cumplir con las solicitudes de compra y venta en el sitio. Podemos enviar correos electr\u00f3nicos a los Visitantes y Clientes autorizados sobre investigaciones u oportunidades de compra y venta en el Sitio o informaci\u00f3n relacionada con el tema del Sitio. Tambi\u00e9n podemos usar informaci\u00f3n de identificaci\u00f3n personal para contactar a los visitantes y clientes autorizados en respuesta a consultas espec\u00edficas o para proporcionar la informaci\u00f3n solicitada.<\/p>\n<p><b>\u00bfCon qui\u00e9n se puede compartir la informaci\u00f3n?<\/b><\/p>\n<p>La informaci\u00f3n de identificaci\u00f3n personal sobre los Clientes autorizados se puede compartir con otros Clientes autorizados que deseen evaluar posibles transacciones con otros Clientes autorizados. Podemos compartir informaci\u00f3n agregada sobre nuestros Visitantes, incluidos los datos demogr\u00e1ficos de nuestros Visitantes y Clientes autorizados, con nuestras agencias afiliadas y proveedores externos. Tambi\u00e9n ofrecemos la oportunidad de \u00aboptar por no recibir\u00bb informaci\u00f3n o ser contactado por nosotros o por cualquier agencia que act\u00fae en nuestro nombre.<\/p>\n<p><b>\u00bfC\u00f3mo se almacena la informaci\u00f3n de identificaci\u00f3n personal?<\/b><\/p>\n<p>La informaci\u00f3n de identificaci\u00f3n personal recopilada por Snaptube Appz se almacena de forma segura y no es accesible para terceros o empleados de Snaptube Appz, excepto para el uso indicado anteriormente.<\/p>\n<p>\u00bfQu\u00e9 opciones est\u00e1n disponibles para los visitantes con respecto a la recopilaci\u00f3n, el uso y la distribuci\u00f3n de la informaci\u00f3n?<\/p>\n<p>Los visitantes y los Clientes autorizados pueden optar por no recibir informaci\u00f3n no solicitada o no ser contactados por nosotros y\/o nuestros proveedores y agencias afiliadas respondiendo a los correos electr\u00f3nicos seg\u00fan las instrucciones, o comunic\u00e1ndose con nosotros en<\/p>\n<p><b>\u00bfSe utilizan cookies en el sitio?<\/b><\/p>\n<p>Las cookies se utilizan por una variedad de razones. Utilizamos Cookies para obtener informaci\u00f3n sobre las preferencias de nuestros Visitantes y los servicios que seleccionan. Tambi\u00e9n utilizamos cookies con fines de seguridad para proteger a nuestros clientes autorizados. Por ejemplo, si un Cliente autorizado inicia sesi\u00f3n y el sitio no se utiliza durante m\u00e1s de 10 minutos, autom\u00e1ticamente cerraremos la sesi\u00f3n del Cliente autorizado.<\/p>\n<p><b>\u00bfC\u00f3mo utiliza Snaptube Appz la informaci\u00f3n de inicio de sesi\u00f3n?<\/b><\/p>\n<p>Snaptube Appz utiliza la informaci\u00f3n de inicio de sesi\u00f3n, que incluye, entre otros, direcciones IP, ISP y tipos de navegador, para analizar tendencias, administrar el Sitio, rastrear el movimiento y el uso de un usuario y recopilar informaci\u00f3n demogr\u00e1fica amplia.<\/p>\n<p>\u00bfQu\u00e9 socios o proveedores de servicios tienen acceso a la informaci\u00f3n de identificaci\u00f3n personal de los visitantes y\/o clientes autorizados en el sitio?<\/p>\n<p>Snaptube Appz ha entrado y seguir\u00e1 entrando en asociaciones y otras afiliaciones con una serie de proveedores. Dichos proveedores pueden tener acceso a cierta informaci\u00f3n de identificaci\u00f3n personal seg\u00fan sea necesario para evaluar la elegibilidad del servicio de los clientes autorizados. Nuestra pol\u00edtica de privacidad no cubre su recopilaci\u00f3n o uso de esta informaci\u00f3n. Divulgaci\u00f3n de informaci\u00f3n de identificaci\u00f3n personal para cumplir con la ley. Divulgaremos informaci\u00f3n de identificaci\u00f3n personal para cumplir con una orden judicial o citaci\u00f3n o una solicitud de una agencia de aplicaci\u00f3n de la ley para divulgar informaci\u00f3n. Tambi\u00e9n divulgaremos informaci\u00f3n de identificaci\u00f3n personal cuando sea razonablemente necesario para proteger la seguridad de nuestros visitantes y clientes autorizados.<\/p>\n<p><b>\u00bfC\u00f3mo mantiene seguro el Sitio la informaci\u00f3n de identificaci\u00f3n personal?<\/b><\/p>\n<p>Todos nuestros empleados est\u00e1n familiarizados con nuestra pol\u00edtica y pr\u00e1cticas de seguridad. La informaci\u00f3n de identificaci\u00f3n personal de nuestros visitantes y clientes autorizados solo es accesible para un n\u00famero limitado de empleados calificados a quienes se les proporciona una contrase\u00f1a para poder acceder a la informaci\u00f3n. Auditamos nuestros sistemas y procesos de seguridad peri\u00f3dicamente. La informaci\u00f3n confidencial, como n\u00fameros de tarjetas de cr\u00e9dito o n\u00fameros de seguro social, est\u00e1 protegida por protocolos de encriptaci\u00f3n, implementados para proteger la informaci\u00f3n enviada a trav\u00e9s de Internet. Si bien tomamos medidas comercialmente razonables para mantener un sitio seguro, las comunicaciones electr\u00f3nicas y las bases de datos est\u00e1n sujetas a errores, manipulaciones e intrusiones, y no podemos garantizar que tales eventos no se llevar\u00e1n a cabo y no seremos responsables ante los Visitantes o Clientes autorizados para tales ocurrencias.<\/p>\n<p><b>\u00bfC\u00f3mo pueden los visitantes corregir cualquier imprecisi\u00f3n en la informaci\u00f3n de identificaci\u00f3n personal?<\/b><\/p>\n<p>Los visitantes y los clientes autorizados pueden comunicarse con nosotros para actualizar la informaci\u00f3n de identificaci\u00f3n personal sobre ellos o para corregir cualquier inexactitud envi\u00e1ndonos un correo electr\u00f3nico a apksnaptubeinfo@gmail.com<\/p>\n<p><b>\u00bfPuede un visitante eliminar o desactivar la informaci\u00f3n de identificaci\u00f3n personal recopilada por el sitio?<\/b><\/p>\n<p>Proporcionamos a los visitantes y clientes autorizados un mecanismo para eliminar\/desactivar la informaci\u00f3n de identificaci\u00f3n personal de la base de datos del sitio poni\u00e9ndose en contacto con . Sin embargo, debido a las copias de seguridad y los registros de eliminaciones, puede ser imposible eliminar la entrada de un Visitante sin conservar alguna informaci\u00f3n residual. Una persona que solicite que se desactive la informaci\u00f3n de identificaci\u00f3n personal, esta informaci\u00f3n se eliminar\u00e1 funcionalmente, y no venderemos, transferiremos ni utilizaremos la informaci\u00f3n de identificaci\u00f3n personal relacionada con esa persona de ninguna manera en el futuro.<\/p>\n<p><b>\u00bfQu\u00e9 sucede si la Pol\u00edtica de privacidad cambia?<\/b><\/p>\n<p>Informaremos a nuestros Visitantes y Clientes autorizados sobre los cambios en nuestra pol\u00edtica de privacidad mediante la publicaci\u00f3n de dichos cambios en el Sitio. Sin embargo, si cambiamos nuestra pol\u00edtica de privacidad de una manera que pueda causar la divulgaci\u00f3n de informaci\u00f3n de identificaci\u00f3n personal que un Visitante o Cliente autorizado ha solicitado previamente que no se divulgue, nos comunicaremos con dicho Visitante o Cliente autorizado para permitir que dicho Visitante o Cliente autorizado evite tal divulgaci\u00f3n.<\/p>\n<p><b>Enlaces:<\/b><\/p>\n<p>https:\/\/snaptubeappz.com contiene enlaces a otros sitios web. Tenga en cuenta que cuando hace clic en uno de estos enlaces, se est\u00e1 moviendo a otro sitio web. Le recomendamos que lea las declaraciones de privacidad de estos sitios vinculados, ya que sus pol\u00edticas de privacidad pueden diferir de las nuestras.<\/p>\n","protected":false},"excerpt":{"rendered":"<p>Bienvenido a https:\/\/snaptubeappz.com\/es\/ (el \u201cSitio\u201d). Entendemos que la privacidad en l\u00ednea es importante para los usuarios de nuestro Sitio, especialmente cuando realizan negocios. Esta declaraci\u00f3n rige nuestras pol\u00edticas de privacidad con respecto a aquellos usuarios del Sitio (\u00abVisitantes\u00bb) que visitan sin realizar transacciones comerciales y Visitantes que se registran para realizar transacciones comerciales en el [&hellip;]<\/p>\n","protected":false},"author":1,"featured_media":0,"parent":0,"menu_order":0,"comment_status":"closed","ping_status":"open","template":"","meta":{"_acf_changed":false,"site-sidebar-layout":"default","site-content-layout":"default","ast-site-content-layout":"","site-content-style":"default","site-sidebar-style":"default","ast-global-header-display":"","ast-banner-title-visibility":"","ast-main-header-display":"","ast-hfb-above-header-display":"","ast-hfb-below-header-display":"","ast-hfb-mobile-header-display":"","site-post-title":"","ast-breadcrumbs-content":"","ast-featured-img":"","footer-sml-layout":"","theme-transparent-header-meta":"default","adv-header-id-meta":"","stick-header-meta":"default","header-above-stick-meta":"","header-main-stick-meta":"","header-below-stick-meta":"","astra-migrate-meta-layouts":"default","ast-page-background-enabled":"default","ast-page-background-meta":{"desktop":{"background-color":"","background-image":"","background-repeat":"repeat","background-position":"center center","background-size":"auto","background-attachment":"scroll","background-type":"","background-media":"","overlay-type":"","overlay-color":"","overlay-opacity":"","overlay-gradient":""},"tablet":{"background-color":"","background-image":"","background-repeat":"repeat","background-position":"center center","background-size":"auto","background-attachment":"scroll","background-type":"","background-media":"","overlay-type":"","overlay-color":"","overlay-opacity":"","overlay-gradient":""},"mobile":{"background-color":"","background-image":"","background-repeat":"repeat","background-position":"center center","background-size":"auto","background-attachment":"scroll","background-type":"","background-media":"","overlay-type":"","overlay-color":"","overlay-opacity":"","overlay-gradient":""}},"ast-content-background-meta":{"desktop":{"background-color":"var(--ast-global-color-5)","background-image":"","background-repeat":"repeat","background-position":"center center","background-size":"auto","background-attachment":"scroll","background-type":"","background-media":"","overlay-type":"","overlay-color":"","overlay-opacity":"","overlay-gradient":""},"tablet":{"background-color":"var(--ast-global-color-5)","background-image":"","background-repeat":"repeat","background-position":"center center","background-size":"auto","background-attachment":"scroll","background-type":"","background-media":"","overlay-type":"","overlay-color":"","overlay-opacity":"","overlay-gradient":""},"mobile":{"background-color":"var(--ast-global-color-5)","background-image":"","background-repeat":"repeat","background-position":"center center","background-size":"auto","background-attachment":"scroll","background-type":"","background-media":"","overlay-type":"","overlay-color":"","overlay-opacity":"","overlay-gradient":""}},"footnotes":""},"class_list":["post-3354","page","type-page","status-publish","hentry"],"acf":[],"_links":{"self":[{"href":"https:\/\/snaptubeappz.com\/es\/wp-json\/wp\/v2\/pages\/3354","targetHints":{"allow":["GET"]}}],"collection":[{"href":"https:\/\/snaptubeappz.com\/es\/wp-json\/wp\/v2\/pages"}],"about":[{"href":"https:\/\/snaptubeappz.com\/es\/wp-json\/wp\/v2\/types\/page"}],"author":[{"embeddable":true,"href":"https:\/\/snaptubeappz.com\/es\/wp-json\/wp\/v2\/users\/1"}],"replies":[{"embeddable":true,"href":"https:\/\/snaptubeappz.com\/es\/wp-json\/wp\/v2\/comments?post=3354"}],"version-history":[{"count":0,"href":"https:\/\/snaptubeappz.com\/es\/wp-json\/wp\/v2\/pages\/3354\/revisions"}],"wp:attachment":[{"href":"https:\/\/snaptubeappz.com\/es\/wp-json\/wp\/v2\/media?parent=3354"}],"curies":[{"name":"wp","href":"https:\/\/api.w.org\/{rel}","templated":true}]}}