{"id":3291,"date":"2020-03-13T13:43:28","date_gmt":"2020-03-13T13:43:28","guid":{"rendered":"https:\/\/snaptubeappz.com\/terms-of-use\/"},"modified":"2023-02-25T18:22:46","modified_gmt":"2023-02-25T18:22:46","slug":"terms-of-use","status":"publish","type":"page","link":"https:\/\/snaptubeappz.com\/es\/terms-of-use\/","title":{"rendered":"Condiciones de uso"},"content":{"rendered":"<p>\u00a1Bienvenido a <a href=\"https:\/\/snaptubeappz.com\/es\/\">https:\/\/snaptubeappz.com\/es\/<\/a>! Le agradecemos su inter\u00e9s por nuestras aplicaciones para Android. Antes de utilizar nuestro sitio web o descargar cualquier aplicaci\u00f3n, lea atentamente las siguientes Condiciones de uso. Al acceder o utilizar nuestro sitio web o descargar cualquier aplicaci\u00f3n, usted acepta estas Condiciones de uso.<\/p>\n<ol>\n<li><strong>Requisitos<\/strong>: Debe tener al menos 18 a\u00f1os para utilizar nuestro sitio web y descargar nuestras aplicaciones. Al utilizar nuestro sitio web y descargar nuestras aplicaciones, usted declara que es mayor de 18 a\u00f1os.<\/li>\n<li><strong>Propiedad Intelectual<\/strong>: Todo el contenido de snaptubeappz.com, incluyendo pero no limitado a texto, gr\u00e1ficos, logotipos, iconos, im\u00e1genes, clips de audio y v\u00eddeo, software y c\u00f3digo, es propiedad de snaptubeappz.com o de sus licenciantes y est\u00e1 protegido por las leyes de propiedad intelectual. Queda prohibido el uso de cualquier contenido de nuestra p\u00e1gina web o aplicaciones sin nuestro consentimiento previo por escrito.<\/li>\n<li><strong>Uso de las Aplicaciones<\/strong>: Nuestras aplicaciones est\u00e1n destinadas exclusivamente al uso personal. No puede utilizar nuestras aplicaciones con fines comerciales ni para distribuir o compartir material protegido por derechos de autor sin el permiso expreso del propietario de dichos derechos. No podr\u00e1 utilizar nuestras aplicaciones para infringir ninguna ley o vulnerar los derechos de terceros.<\/li>\n<li><strong>Contenido del usuario<\/strong>: El usuario podr\u00e1 enviar contenidos, como rese\u00f1as o comentarios, a trav\u00e9s de nuestro sitio web o nuestras aplicaciones. Al enviar contenido, usted otorga a snaptubeappz.com una licencia no exclusiva, libre de regal\u00edas, perpetua y mundial para usar, distribuir y mostrar su contenido en cualquier medio.<\/li>\n<li><strong>Indemnizaci\u00f3n<\/strong>: Usted se compromete a indemnizar y mantener snaptubeappz.com, sus afiliados, y sus respectivos directores, funcionarios, empleados y agentes de cualquier reclamaci\u00f3n, demanda o da\u00f1o, incluyendo honorarios razonables de abogados, que surjan de su uso de nuestro sitio web o aplicaciones o su violaci\u00f3n de estas Condiciones de Uso.<\/li>\n<li><strong>Exclusi\u00f3n de garant\u00edas<\/strong>: Nuestro sitio web y nuestras aplicaciones se proporcionan \u00abtal cual\u00bb, sin garant\u00edas de ning\u00fan tipo, ya sean expresas o impl\u00edcitas, incluidas, entre otras, las garant\u00edas impl\u00edcitas de comerciabilidad e idoneidad para un fin determinado. No garantizamos que nuestro sitio web o nuestras aplicaciones est\u00e9n libres de errores o no sufran interrupciones.<\/li>\n<li><strong>Limitaci\u00f3n de Responsabilidad<\/strong>: En ning\u00fan caso snaptubeappz.com, sus afiliados, o sus respectivos directores, funcionarios, empleados o agentes ser\u00e1n responsables de ning\u00fan da\u00f1o directo, indirecto, punitivo, incidental, especial o consecuente que surja de o est\u00e9 relacionado de alguna manera con el uso de nuestro sitio web o aplicaciones, ya sea basado en contrato, agravio, responsabilidad estricta o cualquier otra teor\u00eda de responsabilidad.<\/li>\n<li><strong>Cambios en las Condiciones de uso<\/strong>: Nos reservamos el derecho a modificar estas Condiciones de uso en cualquier momento. Publicaremos las Condiciones de Uso actualizadas en nuestro sitio web, y el uso continuado de nuestro sitio web o aplicaciones despu\u00e9s de dichos cambios constituye su aceptaci\u00f3n de las nuevas Condiciones de Uso.<\/li>\n<li><strong>Legislaci\u00f3n aplicable<\/strong>: Estas Condiciones de Uso se regir\u00e1n e interpretar\u00e1n de conformidad con las leyes de la jurisdicci\u00f3n en la que snaptubeappz.com se encuentra, sin dar efecto a ninguna elecci\u00f3n de ley o conflicto de disposiciones legales.<\/li>\n<\/ol>\n<p>Si tiene alguna pregunta sobre estas Condiciones de Uso, p\u00f3ngase en contacto con nosotros en <a href=\"mailto:support@snaptubeappz.com\">support@snaptubeappz.com<\/a>.<\/p>\n","protected":false},"excerpt":{"rendered":"<p>\u00a1Bienvenido a https:\/\/snaptubeappz.com\/es\/! Le agradecemos su inter\u00e9s por nuestras aplicaciones para Android. Antes de utilizar nuestro sitio web o descargar cualquier aplicaci\u00f3n, lea atentamente las siguientes Condiciones de uso. Al acceder o utilizar nuestro sitio web o descargar cualquier aplicaci\u00f3n, usted acepta estas Condiciones de uso. Requisitos: Debe tener al menos 18 a\u00f1os para utilizar [&hellip;]<\/p>\n","protected":false},"author":1,"featured_media":0,"parent":0,"menu_order":0,"comment_status":"closed","ping_status":"closed","template":"","meta":{"_acf_changed":false,"site-sidebar-layout":"no-sidebar","site-content-layout":"plain-container","ast-site-content-layout":"","site-content-style":"default","site-sidebar-style":"default","ast-global-header-display":"","ast-banner-title-visibility":"","ast-main-header-display":"","ast-hfb-above-header-display":"","ast-hfb-below-header-display":"","ast-hfb-mobile-header-display":"","site-post-title":"","ast-breadcrumbs-content":"","ast-featured-img":"","footer-sml-layout":"","theme-transparent-header-meta":"default","adv-header-id-meta":"","stick-header-meta":"default","header-above-stick-meta":"","header-main-stick-meta":"","header-below-stick-meta":"","astra-migrate-meta-layouts":"default","ast-page-background-enabled":"default","ast-page-background-meta":{"desktop":{"background-color":"","background-image":"","background-repeat":"repeat","background-position":"center center","background-size":"auto","background-attachment":"scroll","background-type":"","background-media":"","overlay-type":"","overlay-color":"","overlay-opacity":"","overlay-gradient":""},"tablet":{"background-color":"","background-image":"","background-repeat":"repeat","background-position":"center center","background-size":"auto","background-attachment":"scroll","background-type":"","background-media":"","overlay-type":"","overlay-color":"","overlay-opacity":"","overlay-gradient":""},"mobile":{"background-color":"","background-image":"","background-repeat":"repeat","background-position":"center center","background-size":"auto","background-attachment":"scroll","background-type":"","background-media":"","overlay-type":"","overlay-color":"","overlay-opacity":"","overlay-gradient":""}},"ast-content-background-meta":{"desktop":{"background-color":"var(--ast-global-color-5)","background-image":"","background-repeat":"repeat","background-position":"center center","background-size":"auto","background-attachment":"scroll","background-type":"","background-media":"","overlay-type":"","overlay-color":"","overlay-opacity":"","overlay-gradient":""},"tablet":{"background-color":"var(--ast-global-color-5)","background-image":"","background-repeat":"repeat","background-position":"center center","background-size":"auto","background-attachment":"scroll","background-type":"","background-media":"","overlay-type":"","overlay-color":"","overlay-opacity":"","overlay-gradient":""},"mobile":{"background-color":"var(--ast-global-color-5)","background-image":"","background-repeat":"repeat","background-position":"center center","background-size":"auto","background-attachment":"scroll","background-type":"","background-media":"","overlay-type":"","overlay-color":"","overlay-opacity":"","overlay-gradient":""}},"footnotes":""},"class_list":["post-3291","page","type-page","status-publish","hentry"],"acf":[],"_links":{"self":[{"href":"https:\/\/snaptubeappz.com\/es\/wp-json\/wp\/v2\/pages\/3291","targetHints":{"allow":["GET"]}}],"collection":[{"href":"https:\/\/snaptubeappz.com\/es\/wp-json\/wp\/v2\/pages"}],"about":[{"href":"https:\/\/snaptubeappz.com\/es\/wp-json\/wp\/v2\/types\/page"}],"author":[{"embeddable":true,"href":"https:\/\/snaptubeappz.com\/es\/wp-json\/wp\/v2\/users\/1"}],"replies":[{"embeddable":true,"href":"https:\/\/snaptubeappz.com\/es\/wp-json\/wp\/v2\/comments?post=3291"}],"version-history":[{"count":0,"href":"https:\/\/snaptubeappz.com\/es\/wp-json\/wp\/v2\/pages\/3291\/revisions"}],"wp:attachment":[{"href":"https:\/\/snaptubeappz.com\/es\/wp-json\/wp\/v2\/media?parent=3291"}],"curies":[{"name":"wp","href":"https:\/\/api.w.org\/{rel}","templated":true}]}}