{"id":327,"date":"2020-03-13T14:22:39","date_gmt":"2020-03-13T14:22:39","guid":{"rendered":"https:\/\/snaptubeappz.com\/home"},"modified":"2025-09-08T13:32:47","modified_gmt":"2025-09-08T13:32:47","slug":"descargar-snaptube-apk-snaptube-original-para-gratis-2024","status":"publish","type":"page","link":"https:\/\/snaptubeappz.com\/es\/","title":{"rendered":"Descargar Snaptube APK &#8211; Snaptube Original Para Gratis 2025"},"content":{"rendered":"<p style=\"text-align: center;\">[btn-1]<\/p>\n<p style=\"text-align: center;\">[img-1]<\/p>\n<p style=\"text-align: center;\">[link-1]<\/p>\n<p style=\"text-align: center;\">[btn-2]<\/p>\n<p style=\"text-align: center;\">[table]<\/p>\n<h2 style=\"text-align: center;\">\u00bfQu\u00e9 es Snaptube?<\/h2>\n<p><strong>Snaptube<\/strong> es una aplicaci\u00f3n para Android que descarga sin esfuerzo v\u00eddeos de redes sociales populares y otros sitios web de entretenimiento como YouTube, Facebook, TikTok, Instagram, DailyMotion y WhatsApp. Snaptube tambi\u00e9n permite a los usuarios convertir los archivos de v\u00eddeo a formato MP3 y guardarlos para un acceso r\u00e1pido.<\/p>\n<p>Snaptube debut\u00f3 oficialmente en noviembre de 2014, y casi mil millones de personas descargaron la aplicaci\u00f3n en todo el mundo. El n\u00famero de v\u00eddeos descargados diariamente supera los 90 millones. Por desgracia, Snaptube ya no est\u00e1 disponible en Google Play Store.<\/p>\n<p>Es compatible con conocidas tiendas de aplicaciones, como Uptodown.com, Aptoide.com y la tienda 9Apps. La <strong>aplicaci\u00f3n Snaptube<\/strong> ofrece audio en formatos MP3 y M4A y v\u00eddeo en 144p, 720p, 1080p HD, 2K HD y 4K HD.<\/p>\n<p>[table_of_content]<\/p>\n<p>[install]<\/p>\n<p>[how-to-use]<\/p>\n<h2 style=\"text-align: center;\">Caracter\u00edsticas de Snaptube<\/h2>\n<p>Snaptube tiene varias caracter\u00edsticas que se adaptan a los usuarios que buscan descargar y gestionar contenido multimedia. Aqu\u00ed tienes una lista detallada de sus principales caracter\u00edsticas:<\/p>\n<p>[features]<\/p>\n<h2 style=\"text-align: center;\">Seguridad y privacidad de Snaptube<\/h2>\n<p>La seguridad<strong> y la privacidad al utilizar una aplicaci\u00f3n como Snaptube son consideraciones esenciales<\/strong>. Aunque Snaptube ofrece una forma c\u00f3moda de descargar v\u00eddeos y m\u00fasica, los usuarios deben ser conscientes de varios aspectos relacionados con la seguridad y la privacidad.<\/p>\n<p>[safety]<\/p>\n<h2 style=\"text-align: center;\">Snaptube \u00daltima Versi\u00f3n Cambios<\/h2>\n<p>La <strong>\u00faltima versi\u00f3n<\/strong> de Snaptube ha introducido una serie de mejoras y nuevas actualizaciones para mejorar la experiencia del usuario y la funcionalidad:<\/p>\n<p>[changelog]<\/p>\n<h2 style=\"text-align: center;\">Snaptube original vs falso<\/h2>\n<p><strong>Distinguir entre el Snaptube original y sus hom\u00f3logos falsos es crucial para la seguridad del usuario.<\/strong><\/p>\n<p>El Snaptube original, conocido por su facilidad para descargar v\u00eddeos de plataformas como YouTube y Facebook, se puede descargar de forma segura desde nuestro sitio web. Al mismo tiempo, las versiones falsas suelen estar al acecho en fuentes de terceros.<\/p>\n<p>La <strong>autenticidad se comprueba a\u00fan m\u00e1s verificando el desarrollo de la aplicaci\u00f3n bajo Mobiuspace<\/strong>, se\u00f1alado en la descripci\u00f3n de la aplicaci\u00f3n en los canales oficiales. La verdadera Snaptube ofrece una interfaz sencilla y f\u00e1cil de usar con un navegador integrado, compatible con varias resoluciones y formatos de v\u00eddeo, a diferencia de las falsificaciones, que est\u00e1n plagadas de anuncios excesivos y solicitudes de permisos irrelevantes, claras se\u00f1ales de alarma.<\/p>\n<p>Estas aplicaciones falsificadas no s\u00f3lo corren el riesgo de introducir malware en tu dispositivo, sino que tambi\u00e9n suponen una amenaza para tu informaci\u00f3n personal. Para combatirlas, es esencial que denuncies cualquier aplicaci\u00f3n Snaptube sospechosa y falsa a la tienda de aplicaciones o directamente a nosotros. En resumen, opta siempre por las descargas de fuentes de confianza, como nuestro sitio web, y mantente alerta a los signos de falsificaci\u00f3n de aplicaciones para proteger tu dispositivo y tus datos personales.<\/p>\n<p>[faq]<\/p>\n<p style=\"text-align: center;\">[link-3]<\/p>\n<div id=\"gtx-trans\" style=\"position: absolute; left: 620px; top: 183.109px;\">\n<div class=\"gtx-trans-icon\"><\/div>\n<\/div>\n","protected":false},"excerpt":{"rendered":"<p>[btn-1] [img-1] [link-1] [btn-2] [table] \u00bfQu\u00e9 es Snaptube? Snaptube es una aplicaci\u00f3n para Android que descarga sin esfuerzo v\u00eddeos de redes sociales populares y otros sitios web de entretenimiento como YouTube, Facebook, TikTok, Instagram, DailyMotion y WhatsApp. Snaptube tambi\u00e9n permite a los usuarios convertir los archivos de v\u00eddeo a formato MP3 y guardarlos para un [&hellip;]<\/p>\n","protected":false},"author":1,"featured_media":0,"parent":0,"menu_order":0,"comment_status":"closed","ping_status":"closed","template":"","meta":{"_acf_changed":false,"site-sidebar-layout":"no-sidebar","site-content-layout":"plain-container","ast-site-content-layout":"normal-width-container","site-content-style":"unboxed","site-sidebar-style":"unboxed","ast-global-header-display":"","ast-banner-title-visibility":"","ast-main-header-display":"","ast-hfb-above-header-display":"","ast-hfb-below-header-display":"","ast-hfb-mobile-header-display":"","site-post-title":"","ast-breadcrumbs-content":"disabled","ast-featured-img":"disabled","footer-sml-layout":"","theme-transparent-header-meta":"default","adv-header-id-meta":"","stick-header-meta":"default","header-above-stick-meta":"","header-main-stick-meta":"","header-below-stick-meta":"","astra-migrate-meta-layouts":"set","ast-page-background-enabled":"default","ast-page-background-meta":{"desktop":{"background-color":"","background-image":"","background-repeat":"repeat","background-position":"center center","background-size":"auto","background-attachment":"scroll","background-type":"","background-media":"","overlay-type":"","overlay-color":"","overlay-opacity":"","overlay-gradient":""},"tablet":{"background-color":"","background-image":"","background-repeat":"repeat","background-position":"center center","background-size":"auto","background-attachment":"scroll","background-type":"","background-media":"","overlay-type":"","overlay-color":"","overlay-opacity":"","overlay-gradient":""},"mobile":{"background-color":"","background-image":"","background-repeat":"repeat","background-position":"center center","background-size":"auto","background-attachment":"scroll","background-type":"","background-media":"","overlay-type":"","overlay-color":"","overlay-opacity":"","overlay-gradient":""}},"ast-content-background-meta":{"desktop":{"background-color":"var(--ast-global-color-5)","background-image":"","background-repeat":"repeat","background-position":"center center","background-size":"auto","background-attachment":"scroll","background-type":"","background-media":"","overlay-type":"","overlay-color":"","overlay-opacity":"","overlay-gradient":""},"tablet":{"background-color":"var(--ast-global-color-5)","background-image":"","background-repeat":"repeat","background-position":"center center","background-size":"auto","background-attachment":"scroll","background-type":"","background-media":"","overlay-type":"","overlay-color":"","overlay-opacity":"","overlay-gradient":""},"mobile":{"background-color":"var(--ast-global-color-5)","background-image":"","background-repeat":"repeat","background-position":"center center","background-size":"auto","background-attachment":"scroll","background-type":"","background-media":"","overlay-type":"","overlay-color":"","overlay-opacity":"","overlay-gradient":""}},"footnotes":""},"class_list":["post-327","page","type-page","status-publish","hentry"],"acf":[],"_links":{"self":[{"href":"https:\/\/snaptubeappz.com\/es\/wp-json\/wp\/v2\/pages\/327","targetHints":{"allow":["GET"]}}],"collection":[{"href":"https:\/\/snaptubeappz.com\/es\/wp-json\/wp\/v2\/pages"}],"about":[{"href":"https:\/\/snaptubeappz.com\/es\/wp-json\/wp\/v2\/types\/page"}],"author":[{"embeddable":true,"href":"https:\/\/snaptubeappz.com\/es\/wp-json\/wp\/v2\/users\/1"}],"replies":[{"embeddable":true,"href":"https:\/\/snaptubeappz.com\/es\/wp-json\/wp\/v2\/comments?post=327"}],"version-history":[{"count":6,"href":"https:\/\/snaptubeappz.com\/es\/wp-json\/wp\/v2\/pages\/327\/revisions"}],"predecessor-version":[{"id":5983,"href":"https:\/\/snaptubeappz.com\/es\/wp-json\/wp\/v2\/pages\/327\/revisions\/5983"}],"wp:attachment":[{"href":"https:\/\/snaptubeappz.com\/es\/wp-json\/wp\/v2\/media?parent=327"}],"curies":[{"name":"wp","href":"https:\/\/api.w.org\/{rel}","templated":true}]}}