{"id":3225,"date":"2020-03-13T13:44:04","date_gmt":"2020-03-13T13:44:04","guid":{"rendered":"https:\/\/snaptubeappz.com\/disclaimer\/"},"modified":"2025-08-29T19:34:01","modified_gmt":"2025-08-29T19:34:01","slug":"disclaimer","status":"publish","type":"page","link":"https:\/\/snaptubeappz.com\/es\/disclaimer\/","title":{"rendered":"Descargo de responsabilidad"},"content":{"rendered":"<p>La informaci\u00f3n contenida en <a href=\"https:\/\/snaptubeappz.com\/es\/\">https:\/\/snaptubeappz.com\/es\/<\/a> es s\u00f3lo para fines de informaci\u00f3n general. La informaci\u00f3n es proporcionada por https:\/\/snaptubeappz.com y mientras nos esforzamos por mantener la informaci\u00f3n actualizada y correcta, no hacemos representaciones o garant\u00edas de ning\u00fan tipo, expresa o impl\u00edcita, acerca de la integridad, exactitud, fiabilidad, adecuaci\u00f3n o disponibilidad con respecto a https:\/\/snaptubeappz.com o la informaci\u00f3n, productos, servicios o gr\u00e1ficos relacionados contenidos en https:\/\/snaptubeappz.com para cualquier prop\u00f3sito. Por lo tanto, cualquier confianza que deposite en dicha informaci\u00f3n ser\u00e1 estrictamente por su cuenta y riesgo.<\/p>\n<p>En ning\u00fan caso seremos responsables de p\u00e9rdidas o da\u00f1os, incluidos, entre otros, p\u00e9rdidas o da\u00f1os indirectos o consecuentes, o cualquier p\u00e9rdida o da\u00f1o derivado de la p\u00e9rdida de datos o beneficios que se deriven del uso de https:\/\/snaptubeappz.com o est\u00e9n relacionados con \u00e9l.<\/p>\n<p>A trav\u00e9s de https:\/\/snaptubeappz.com puede enlazar con otros sitios web que no est\u00e1n bajo el control de https:\/\/snaptubeappz.com. No tenemos control alguno sobre la naturaleza, el contenido y la disponibilidad de dichos sitios. La inclusi\u00f3n de cualquier enlace no implica necesariamente una recomendaci\u00f3n o aprobaci\u00f3n de las opiniones expresadas en ellos.<\/p>\n<p>Hacemos todo lo posible para que https:\/\/snaptubeappz.com funcione correctamente. Sin embargo, https:\/\/snaptubeappz.com no se hace responsable de que https:\/\/snaptubeappz.com no est\u00e9 disponible temporalmente debido a problemas t\u00e9cnicos que escapen a nuestro control.<\/p>\n","protected":false},"excerpt":{"rendered":"<p>La informaci\u00f3n contenida en https:\/\/snaptubeappz.com\/es\/ es s\u00f3lo para fines de informaci\u00f3n general. La informaci\u00f3n es proporcionada por https:\/\/snaptubeappz.com y mientras nos esforzamos por mantener la informaci\u00f3n actualizada y correcta, no hacemos representaciones o garant\u00edas de ning\u00fan tipo, expresa o impl\u00edcita, acerca de la integridad, exactitud, fiabilidad, adecuaci\u00f3n o disponibilidad con respecto a https:\/\/snaptubeappz.com o la [&hellip;]<\/p>\n","protected":false},"author":1,"featured_media":0,"parent":0,"menu_order":0,"comment_status":"closed","ping_status":"closed","template":"","meta":{"_acf_changed":false,"site-sidebar-layout":"no-sidebar","site-content-layout":"plain-container","ast-site-content-layout":"","site-content-style":"default","site-sidebar-style":"default","ast-global-header-display":"","ast-banner-title-visibility":"","ast-main-header-display":"","ast-hfb-above-header-display":"","ast-hfb-below-header-display":"","ast-hfb-mobile-header-display":"","site-post-title":"","ast-breadcrumbs-content":"","ast-featured-img":"","footer-sml-layout":"","theme-transparent-header-meta":"default","adv-header-id-meta":"","stick-header-meta":"default","header-above-stick-meta":"","header-main-stick-meta":"","header-below-stick-meta":"","astra-migrate-meta-layouts":"set","ast-page-background-enabled":"default","ast-page-background-meta":{"desktop":{"background-color":"","background-image":"","background-repeat":"repeat","background-position":"center center","background-size":"auto","background-attachment":"scroll","background-type":"","background-media":"","overlay-type":"","overlay-color":"","overlay-opacity":"","overlay-gradient":""},"tablet":{"background-color":"","background-image":"","background-repeat":"repeat","background-position":"center center","background-size":"auto","background-attachment":"scroll","background-type":"","background-media":"","overlay-type":"","overlay-color":"","overlay-opacity":"","overlay-gradient":""},"mobile":{"background-color":"","background-image":"","background-repeat":"repeat","background-position":"center center","background-size":"auto","background-attachment":"scroll","background-type":"","background-media":"","overlay-type":"","overlay-color":"","overlay-opacity":"","overlay-gradient":""}},"ast-content-background-meta":{"desktop":{"background-color":"var(--ast-global-color-5)","background-image":"","background-repeat":"repeat","background-position":"center center","background-size":"auto","background-attachment":"scroll","background-type":"","background-media":"","overlay-type":"","overlay-color":"","overlay-opacity":"","overlay-gradient":""},"tablet":{"background-color":"var(--ast-global-color-5)","background-image":"","background-repeat":"repeat","background-position":"center center","background-size":"auto","background-attachment":"scroll","background-type":"","background-media":"","overlay-type":"","overlay-color":"","overlay-opacity":"","overlay-gradient":""},"mobile":{"background-color":"var(--ast-global-color-5)","background-image":"","background-repeat":"repeat","background-position":"center center","background-size":"auto","background-attachment":"scroll","background-type":"","background-media":"","overlay-type":"","overlay-color":"","overlay-opacity":"","overlay-gradient":""}},"footnotes":""},"class_list":["post-3225","page","type-page","status-publish","hentry"],"acf":[],"_links":{"self":[{"href":"https:\/\/snaptubeappz.com\/es\/wp-json\/wp\/v2\/pages\/3225","targetHints":{"allow":["GET"]}}],"collection":[{"href":"https:\/\/snaptubeappz.com\/es\/wp-json\/wp\/v2\/pages"}],"about":[{"href":"https:\/\/snaptubeappz.com\/es\/wp-json\/wp\/v2\/types\/page"}],"author":[{"embeddable":true,"href":"https:\/\/snaptubeappz.com\/es\/wp-json\/wp\/v2\/users\/1"}],"replies":[{"embeddable":true,"href":"https:\/\/snaptubeappz.com\/es\/wp-json\/wp\/v2\/comments?post=3225"}],"version-history":[{"count":1,"href":"https:\/\/snaptubeappz.com\/es\/wp-json\/wp\/v2\/pages\/3225\/revisions"}],"predecessor-version":[{"id":6017,"href":"https:\/\/snaptubeappz.com\/es\/wp-json\/wp\/v2\/pages\/3225\/revisions\/6017"}],"wp:attachment":[{"href":"https:\/\/snaptubeappz.com\/es\/wp-json\/wp\/v2\/media?parent=3225"}],"curies":[{"name":"wp","href":"https:\/\/api.w.org\/{rel}","templated":true}]}}