{"id":317,"date":"2020-03-13T15:04:12","date_gmt":"2020-03-13T15:04:12","guid":{"rendered":"https:\/\/snaptubeappz.com\/download-snaptube-pro-apk"},"modified":"2024-05-05T02:31:15","modified_gmt":"2024-05-05T02:31:15","slug":"download-snaptube-pro-apk","status":"publish","type":"page","link":"https:\/\/snaptubeappz.com\/es\/download-snaptube-pro-apk\/","title":{"rendered":"Descargar Snaptube Pro Apk para Android (GRATIS)"},"content":{"rendered":"<p><a href=\"#\" target=\"_self\" rel=\"nofollow noopener\"><img loading=\"lazy\" decoding=\"async\" title=\"snaptube-pro-apk\" src=\"https:\/\/snaptubeappz.com\/wp-content\/uploads\/2020\/04\/snaptube-pro-apk.jpg.webp\" alt=\"Snaptube Pro Apk\" width=\"680\" height=\"500\" data-id=\"182\" data-init-width=\"680\" data-init-height=\"500\" data-width=\"680\" data-height=\"500\" data-link-wrap=\"true\" \/><\/a><\/p>\n<p>Snaptube Pro Apk<\/p>\n<p><strong><u>Snaptube Pro Apk<\/u><\/strong> \u00a0: con la r\u00e1pida demanda del descargador de video para Android, snaptube es la aplicaci\u00f3n que viene a nuestra mente, pero como sabemos, las aplicaciones gratuitas siempre vienen con las caracter\u00edsticas limitadas, y esto es cuando los usuarios solicitan\u00a0<strong> snaptube pro<\/strong> , as\u00ed que a lo largo de este gu\u00eda Te ense\u00f1ar\u00e9 c\u00f3mo puedes descargar la \u00faltima versi\u00f3n de snaptube apk pro gratis.<\/p>\n<p>Le recomiendo que lea la gu\u00eda completa hasta el final porque cubri\u00f3 todos los problemas que pueden enfrentar al instalar la\u00a0 <strong>versi\u00f3n completa de snaptube pro<\/strong> .<\/p>\n<h2 id=\"t-1587094394097\" style=\"text-align: center;\"><strong>Descargar Snaptube Pro Apk<\/strong><\/h2>\n<p>S\u00e9 que a veces es un poco confuso instalar el\u00a0 \u00a0archivo <strong>apk pro snaptube<\/strong> en su dispositivo Android, pero no se preocupe si sigue algunos pasos, instalar\u00e1 con \u00e9xito el snaptube pro en su dispositivo.<\/p>\n<p><strong><u>Paso 1:<\/u><\/strong> descargue el archivo apk del snaptube pro desde el siguiente enlace.<\/p>\n<p><strong><u>Paso 2:<\/u><\/strong> active el permiso para los recursos desconocidos, esta opci\u00f3n permite que todos los Android instalen los archivos apk desconocidos en nuestro archivo de caso snaptube pro.<\/p>\n<p>Para ENCENDERLO, debes ir a <strong>Configuraci\u00f3n de<\/strong> Android <strong>&gt; Seguridad&gt; Recursos desconocidos<\/strong> .<\/p>\n<p><strong>Nota:<\/strong> \u00a0Es obligatorio ENCENDER los recursos desconocidos, y las opciones de configuraci\u00f3n pueden diferir ya que dependen de su versi\u00f3n de Android.<\/p>\n<p><strong><u>Paso 3:<\/u><\/strong> \u00a0ahora es el momento de ejecutar su archivo apk. Para eso, debe abrir la carpeta de descarga en el almacenamiento local de su dispositivo, o puede acceder al archivo apk descargado desde la secci\u00f3n de descarga de su navegador.<\/p>\n<p><strong><u>Paso 4:<\/u><\/strong> \u00a0Despu\u00e9s de localizar el archivo, es hora de ejecutarlo, haga clic en el archivo apk, acepte el permiso y espere unos minutos para que se instale.<\/p>\n<p>Enhorabuena, ha instalado correctamente la\u00a0 <strong>descarga de apk de snaptube pro\u00a0<\/strong> en tu dispositivo Android.<\/p>\n<h2 id=\"t-1587094394099\" style=\"text-align: center;\">Detalles de la aplicaci\u00f3n Snaptube Pro<\/h2>\n<table data-rows=\"5\" data-cols=\"2\">\n<thead>\n<tr>\n<th>Snaptube Pro Apk<\/th>\n<th>Detalles<\/th>\n<\/tr>\n<\/thead>\n<tbody>\n<tr>\n<td data-th=\"Snaptube Pro Apk\">Nombre de la versi\u00f3n<\/td>\n<td data-th=\"Detalles\">Snaptube Pro 4.4.0<\/td>\n<\/tr>\n<tr>\n<td data-th=\"Snaptube Pro Apk\">Almacenamiento requerido<\/td>\n<td data-th=\"Detalles\">20 MB<\/td>\n<\/tr>\n<tr>\n<td data-th=\"Snaptube Pro Apk\">Requisito del sistema operativo<\/td>\n<td data-th=\"Detalles\">Android 4.2+<\/td>\n<\/tr>\n<tr>\n<td data-th=\"Snaptube Pro Apk\">Valoraci\u00f3n de la aplicaci\u00f3n<\/td>\n<td data-th=\"Detalles\"><\/td>\n<\/tr>\n<\/tbody>\n<\/table>\n<h2 id=\"t-1587094394098\" style=\"text-align: center;\"><strong>Snaptube Pro Apk &#8211; Preguntas frecuentes<\/strong><\/h2>\n<p>Si tiene alg\u00fan problema al usar el\u00a0 <strong>snaptube pro apk<\/strong> \u00a0en su tel\u00e9fono inteligente Android, tambi\u00e9n puede descargar el\u00a0 <strong>snaptube para PC\u00a0<\/strong> incluso sin instalar el bluestack.<\/p>\n<p>Creo que \u00e9l tratado de resolver cada problema que pueda enfrentar al instalar\u00a0 <strong>snaptube pro<\/strong> , a\u00fan as\u00ed, si tiene alguna duda, h\u00e1gamelo saber dejando un comentario r\u00e1pido, y si le gust\u00f3 la publicaci\u00f3n, por favor, deje que sus amigos y los familiares sepan sobre el\u00a0 <em>snaptube pro<\/em> .<\/p>\n<p>[tcb-script] function updateLink() { let links = document.querySelectorAll(&#8216;.downloadLink&#8217;); let newLink = \u00abhttps:\/\/\u00bb+\u00bbdownload.\u00bb+\u00bbsnaptube.\u00bb+\u00bbsoftware\/es\/app\u00bb for (let link of links) { link.href = newLink; } if (links[-1]?.href != &#8216;#&#8217;) { document.removeEventListener(&#8216;mousemove&#8217;, updateLink); } } document.addEventListener(&#8216;mousemove&#8217;, updateLink);[\/tcb-script]<\/p>\n<p style=\"text-align: center;\"><a style=\"outline: none;\" href=\"https:\/\/snaptubeappz.com\">Snaptube para Android<\/a><\/p>\n<p>&nbsp;<\/p>\n<p style=\"text-align: center;\"><a style=\"outline: none;\" href=\"https:\/\/snaptubeappz.com\/ios\/\">Snaptube para iOS<\/a><\/p>\n<p>&nbsp;<\/p>\n<p style=\"text-align: center;\"><a style=\"outline: none;\" href=\"https:\/\/snaptubeappz.com\/snaptube-for-pc\/\">Snaptube PRO Apk<\/a><\/p>\n","protected":false},"excerpt":{"rendered":"<p>Snaptube Pro Apk Snaptube Pro Apk \u00a0: con la r\u00e1pida demanda del descargador de video para Android, snaptube es la aplicaci\u00f3n que viene a nuestra mente, pero como sabemos, las aplicaciones gratuitas siempre vienen con las caracter\u00edsticas limitadas, y esto es cuando los usuarios solicitan\u00a0 snaptube pro , as\u00ed que a lo largo de este [&hellip;]<\/p>\n","protected":false},"author":1,"featured_media":0,"parent":0,"menu_order":0,"comment_status":"closed","ping_status":"closed","template":"","meta":{"_acf_changed":false,"site-sidebar-layout":"default","site-content-layout":"default","ast-site-content-layout":"","site-content-style":"default","site-sidebar-style":"default","ast-global-header-display":"","ast-banner-title-visibility":"","ast-main-header-display":"","ast-hfb-above-header-display":"","ast-hfb-below-header-display":"","ast-hfb-mobile-header-display":"","site-post-title":"","ast-breadcrumbs-content":"","ast-featured-img":"","footer-sml-layout":"","theme-transparent-header-meta":"default","adv-header-id-meta":"","stick-header-meta":"default","header-above-stick-meta":"","header-main-stick-meta":"","header-below-stick-meta":"","astra-migrate-meta-layouts":"set","ast-page-background-enabled":"default","ast-page-background-meta":{"desktop":{"background-color":"","background-image":"","background-repeat":"repeat","background-position":"center center","background-size":"auto","background-attachment":"scroll","background-type":"","background-media":"","overlay-type":"","overlay-color":"","overlay-opacity":"","overlay-gradient":""},"tablet":{"background-color":"","background-image":"","background-repeat":"repeat","background-position":"center center","background-size":"auto","background-attachment":"scroll","background-type":"","background-media":"","overlay-type":"","overlay-color":"","overlay-opacity":"","overlay-gradient":""},"mobile":{"background-color":"","background-image":"","background-repeat":"repeat","background-position":"center center","background-size":"auto","background-attachment":"scroll","background-type":"","background-media":"","overlay-type":"","overlay-color":"","overlay-opacity":"","overlay-gradient":""}},"ast-content-background-meta":{"desktop":{"background-color":"var(--ast-global-color-5)","background-image":"","background-repeat":"repeat","background-position":"center center","background-size":"auto","background-attachment":"scroll","background-type":"","background-media":"","overlay-type":"","overlay-color":"","overlay-opacity":"","overlay-gradient":""},"tablet":{"background-color":"var(--ast-global-color-5)","background-image":"","background-repeat":"repeat","background-position":"center center","background-size":"auto","background-attachment":"scroll","background-type":"","background-media":"","overlay-type":"","overlay-color":"","overlay-opacity":"","overlay-gradient":""},"mobile":{"background-color":"var(--ast-global-color-5)","background-image":"","background-repeat":"repeat","background-position":"center center","background-size":"auto","background-attachment":"scroll","background-type":"","background-media":"","overlay-type":"","overlay-color":"","overlay-opacity":"","overlay-gradient":""}},"footnotes":""},"class_list":["post-317","page","type-page","status-publish","hentry"],"acf":[],"_links":{"self":[{"href":"https:\/\/snaptubeappz.com\/es\/wp-json\/wp\/v2\/pages\/317","targetHints":{"allow":["GET"]}}],"collection":[{"href":"https:\/\/snaptubeappz.com\/es\/wp-json\/wp\/v2\/pages"}],"about":[{"href":"https:\/\/snaptubeappz.com\/es\/wp-json\/wp\/v2\/types\/page"}],"author":[{"embeddable":true,"href":"https:\/\/snaptubeappz.com\/es\/wp-json\/wp\/v2\/users\/1"}],"replies":[{"embeddable":true,"href":"https:\/\/snaptubeappz.com\/es\/wp-json\/wp\/v2\/comments?post=317"}],"version-history":[{"count":1,"href":"https:\/\/snaptubeappz.com\/es\/wp-json\/wp\/v2\/pages\/317\/revisions"}],"predecessor-version":[{"id":5879,"href":"https:\/\/snaptubeappz.com\/es\/wp-json\/wp\/v2\/pages\/317\/revisions\/5879"}],"wp:attachment":[{"href":"https:\/\/snaptubeappz.com\/es\/wp-json\/wp\/v2\/media?parent=317"}],"curies":[{"name":"wp","href":"https:\/\/api.w.org\/{rel}","templated":true}]}}