{"id":3166,"date":"2020-03-13T13:47:18","date_gmt":"2020-03-13T13:47:18","guid":{"rendered":"https:\/\/snaptubeappz.com\/contact\/"},"modified":"2023-02-25T17:55:31","modified_gmt":"2023-02-25T17:55:31","slug":"contact","status":"publish","type":"page","link":"https:\/\/snaptubeappz.com\/es\/contact\/","title":{"rendered":"Contacta con nosotros"},"content":{"rendered":"<p>Gracias por considerar Snaptube para todas sus necesidades de descarga de v\u00eddeo. Estamos orgullosos de ofrecer una aplicaci\u00f3n sencilla y f\u00e1cil de usar que le permite descargar v\u00eddeos de plataformas populares como YouTube, Facebook, Instagram, y m\u00e1s.<\/p>\n<p>Entendemos que usted puede tener preguntas o preocupaciones, y estamos aqu\u00ed para ayudar. No dudes en ponerte en contacto con nosotros a trav\u00e9s de cualquiera de los m\u00e9todos que se indican a continuaci\u00f3n. Nuestro equipo de asistencia est\u00e1 a su disposici\u00f3n para ayudarle con cualquier problema que pueda encontrar o simplemente para responder a cualquier pregunta que pueda tener.<\/p>\n<h2>Datos de contacto:<\/h2>\n<p><strong>Correo electr\u00f3nico<\/strong>: <a href=\"mailto:developer@snaptubeappz.com\">developer@snaptubeappz.com<\/a><br \/>\n<strong>Tel\u00e9fono<\/strong>: +1-555-1234-567 +1-555-1234-567<br \/>\n<strong>Direcci\u00f3n<\/strong>: 1234 Main Street, Suite 567 1234 Main Street, Suite 567, Anytown EE.UU.<\/p>\n<p>Valoramos sus comentarios y sugerencias. Si tiene alguna idea sobre c\u00f3mo podemos mejorar nuestra aplicaci\u00f3n o si tiene alguna solicitud de caracter\u00edsticas, por favor h\u00e1ganoslo saber. Siempre estamos buscando maneras de hacer Snaptube a\u00fan mejor.<\/p>\n<p>Gracias por elegir Snaptube. Esperamos tener noticias tuyas pronto.<\/p>\n","protected":false},"excerpt":{"rendered":"<p>Gracias por considerar Snaptube para todas sus necesidades de descarga de v\u00eddeo. Estamos orgullosos de ofrecer una aplicaci\u00f3n sencilla y f\u00e1cil de usar que le permite descargar v\u00eddeos de plataformas populares como YouTube, Facebook, Instagram, y m\u00e1s. Entendemos que usted puede tener preguntas o preocupaciones, y estamos aqu\u00ed para ayudar. No dudes en ponerte en [&hellip;]<\/p>\n","protected":false},"author":1,"featured_media":0,"parent":0,"menu_order":0,"comment_status":"closed","ping_status":"closed","template":"","meta":{"_acf_changed":false,"site-sidebar-layout":"no-sidebar","site-content-layout":"plain-container","ast-site-content-layout":"normal-width-container","site-content-style":"unboxed","site-sidebar-style":"unboxed","ast-global-header-display":"","ast-banner-title-visibility":"","ast-main-header-display":"","ast-hfb-above-header-display":"","ast-hfb-below-header-display":"","ast-hfb-mobile-header-display":"","site-post-title":"","ast-breadcrumbs-content":"disabled","ast-featured-img":"disabled","footer-sml-layout":"","theme-transparent-header-meta":"default","adv-header-id-meta":"","stick-header-meta":"default","header-above-stick-meta":"","header-main-stick-meta":"","header-below-stick-meta":"","astra-migrate-meta-layouts":"default","ast-page-background-enabled":"default","ast-page-background-meta":{"desktop":{"background-color":"","background-image":"","background-repeat":"repeat","background-position":"center center","background-size":"auto","background-attachment":"scroll","background-type":"","background-media":"","overlay-type":"","overlay-color":"","overlay-opacity":"","overlay-gradient":""},"tablet":{"background-color":"","background-image":"","background-repeat":"repeat","background-position":"center center","background-size":"auto","background-attachment":"scroll","background-type":"","background-media":"","overlay-type":"","overlay-color":"","overlay-opacity":"","overlay-gradient":""},"mobile":{"background-color":"","background-image":"","background-repeat":"repeat","background-position":"center center","background-size":"auto","background-attachment":"scroll","background-type":"","background-media":"","overlay-type":"","overlay-color":"","overlay-opacity":"","overlay-gradient":""}},"ast-content-background-meta":{"desktop":{"background-color":"var(--ast-global-color-5)","background-image":"","background-repeat":"repeat","background-position":"center center","background-size":"auto","background-attachment":"scroll","background-type":"","background-media":"","overlay-type":"","overlay-color":"","overlay-opacity":"","overlay-gradient":""},"tablet":{"background-color":"var(--ast-global-color-5)","background-image":"","background-repeat":"repeat","background-position":"center center","background-size":"auto","background-attachment":"scroll","background-type":"","background-media":"","overlay-type":"","overlay-color":"","overlay-opacity":"","overlay-gradient":""},"mobile":{"background-color":"var(--ast-global-color-5)","background-image":"","background-repeat":"repeat","background-position":"center center","background-size":"auto","background-attachment":"scroll","background-type":"","background-media":"","overlay-type":"","overlay-color":"","overlay-opacity":"","overlay-gradient":""}},"footnotes":""},"class_list":["post-3166","page","type-page","status-publish","hentry"],"acf":[],"_links":{"self":[{"href":"https:\/\/snaptubeappz.com\/es\/wp-json\/wp\/v2\/pages\/3166","targetHints":{"allow":["GET"]}}],"collection":[{"href":"https:\/\/snaptubeappz.com\/es\/wp-json\/wp\/v2\/pages"}],"about":[{"href":"https:\/\/snaptubeappz.com\/es\/wp-json\/wp\/v2\/types\/page"}],"author":[{"embeddable":true,"href":"https:\/\/snaptubeappz.com\/es\/wp-json\/wp\/v2\/users\/1"}],"replies":[{"embeddable":true,"href":"https:\/\/snaptubeappz.com\/es\/wp-json\/wp\/v2\/comments?post=3166"}],"version-history":[{"count":0,"href":"https:\/\/snaptubeappz.com\/es\/wp-json\/wp\/v2\/pages\/3166\/revisions"}],"wp:attachment":[{"href":"https:\/\/snaptubeappz.com\/es\/wp-json\/wp\/v2\/media?parent=3166"}],"curies":[{"name":"wp","href":"https:\/\/api.w.org\/{rel}","templated":true}]}}