{"id":302,"date":"2020-03-13T14:52:59","date_gmt":"2020-03-13T14:52:59","guid":{"rendered":"https:\/\/snaptubeappz.com\/snaptube-for-pc"},"modified":"2024-04-08T07:17:57","modified_gmt":"2024-04-08T07:17:57","slug":"snaptube-for-pc","status":"publish","type":"page","link":"https:\/\/snaptubeappz.com\/es\/snaptube-for-pc\/","title":{"rendered":"Descargar Snaptube PC Para Windows 10 &#8211; GRATIS"},"content":{"rendered":"<p><span><a href=\"#\" target=\"_self\" rel=\"nofollow noopener\"><img decoding=\"async\" alt=\"snaptube-pc\" data-id=\"155\" data-init-width=\"700\" data-init-height=\"400\" title=\"snaptube-pc\" loading=\"lazy\" src=\"https:\/\/cdn.snaptubeappz.com\/wp-content\/uploads\/2020\/04\/snaptube-pc.jpg.webp\" data-width=\"700\" data-height=\"400\" data-link-wrap=\"true\" width=\"700\" height=\"400\"><\/a><\/span><a rel=\"nofollow noopener\" href=\"#\" target=\"_self\">        <span>Descargar Snaptube PC<\/span><span><span>\u279c<\/span><\/span>    <\/a><\/p>\n<p><strong><span>Snaptube&nbsp;<\/span><span>para PC:&nbsp;<\/span><\/strong><span> con la revoluci\u00f3n de los tel\u00e9fonos inteligentes, la necesidad de aplicaciones innovadoras aumenta cada d\u00eda que pasa. Snaptube es una aplicaci\u00f3n de descarga de video tan \u00fanica que descarga videos de varios sitios web con facilidad. Adem\u00e1s de descargar videos a la velocidad del rayo con solo un bot\u00f3n, Snaptube tambi\u00e9n permite a sus usuarios convertir los videos en archivos MP3 y ocupa muy poco espacio en disco.<\/span><\/p>\n<p>Read More &#8211; <a href=\"https:\/\/snaptubeappz.com\/pt-br\/snaptube-for-pc\/\" target=\"_self\" style=\"outline: none;\" rel=\"noopener\">Snaptube Para PC<\/a><\/p>\n<p><a rel=\"nofollow noopener\" href=\"#\" target=\"_self\">        <span>Descargar Snaptube PC<\/span><span><span>\u279c<\/span><\/span>    <\/a><\/p>\n<p style=\"\">Adem\u00e1s, la aplicaci\u00f3n viene sin publicidad para mejorar sus experiencias de visualizaci\u00f3n de videos, descarga videos de m\u00faltiples resoluciones, recomienda contenidos seg\u00fan el historial de b\u00fasqueda anterior del usuario e incluso permite compartir los materiales descargados con sus amigos y familiares. Pero el \u00fanico problema con esta aplicaci\u00f3n est\u00e1 dise\u00f1ado exclusivamente para Android y, por lo tanto, oficialmente no est\u00e1 disponible en PC con Windows. Entonces, si desea descargar&nbsp; <strong>SnapTube para PC<\/strong> &nbsp;(sistema operativo Windows espec\u00edficamente), \u00bfqu\u00e9 debe hacer? Bueno, en este tutorial, hemos ilustrado los pasos para descargar&nbsp; <em>SnapTube para Windows<\/em> . Pero antes de hablar sobre el meollo de la cuesti\u00f3n, veamos los requisitos m\u00ednimos del sistema para ejecutar el&nbsp; <strong>descargador de videos SnapTube para PC<\/strong><\/p>\n<h2 id=\"t-1586947482212\" style=\"text-align: center;\">Snaptube para PC (Windows): requisitos m\u00ednimos del sistema<\/h2>\n<table data-rows=\"5\" data-cols=\"2\">\n<thead>\n<tr>\n<th style=\"\">\n<p>Snaptube PC<\/p>\n<\/th>\n<th style=\"\">\n<p>Detalles<\/p>\n<\/th>\n<\/tr>\n<\/thead>\n<tbody>\n<tr>\n<td data-th=\"Snaptube PC\" style=\"\">\n<p>Procesador&nbsp;<\/p>\n<\/td>\n<td data-th=\"Detalles\" style=\"\">\n<p>CPU Intel Pentium 1.6GHz<\/p>\n<\/td>\n<\/tr>\n<tr>\n<td data-th=\"Snaptube PC\" style=\"\">\n<p>RAM<\/p>\n<\/td>\n<td data-th=\"Detalles\" style=\"\">\n<p>DRAM de 2,0 GB<\/p>\n<\/td>\n<\/tr>\n<tr>\n<td data-th=\"Snaptube PC\" style=\"\">\n<p>Almacenamiento interno<\/p>\n<\/td>\n<td data-th=\"Detalles\" style=\"\">\n<p>500 MB de espacio en disco<\/p>\n<\/td>\n<\/tr>\n<tr>\n<td data-th=\"Snaptube PC\" style=\"\">\n<p>Sistema operativo<\/p>\n<\/td>\n<td data-th=\"Detalles\" style=\"\">\n<p>Windows XP, Vista, Windows 7, Windows 8, Windows 10.<\/p>\n<\/td>\n<\/tr>\n<\/tbody>\n<\/table>\n<h2 id=\"t-1586947482213\" style=\"text-align: center;\">Preguntas frecuentes de Snaptube PC<\/h2>\n<h2 id=\"t-1586947482216\" style=\"text-align: center;\"><span style=\"font-weight: normal;\">Snaptube para PC sin BlueStacks &#8211; Windows 10<\/span><\/h2>\n<p><span><img decoding=\"async\" data-lazyloaded=\"1\" data-placeholder-resp=\"500x252\" src=\"https:\/\/cdn.snaptubeappz.com\/wp-content\/uploads\/2020\/04\/snaptube-for-pc-without-bluestacks.png.webp\" alt=\"snaptube for pc without bluestacks\" data-id=\"157\" data-init-width=\"747\" data-init-height=\"377\" title=\"snaptube-for-pc-without-bluestacks\" loading=\"lazy\" data-src=\"https:\/\/cdn.snaptubeappz.com\/wp-content\/uploads\/2020\/04\/snaptube-for-pc-without-bluestacks.png.webp\" data-width=\"500\" data-height=\"252\" style=\"\" data-ll-status=\"loaded\" width=\"500\" height=\"252\"><\/span><\/p>\n<p>Snaptube para PC sin bluestacks<\/p>\n<p style=\"\">Si usted es el que no quiere&nbsp; <a href=\"https:\/\/www.bluestacks.com\/\" rel=\"nofollow noopener\" style=\"outline: none;\" target=\"_self\" title=\"Snaptube para PC sin bluestacks\"><strong>instalar bluestacks<\/strong><\/a> &nbsp;en su PC con Windows, hemos mencionado todos los m\u00e9todos a continuaci\u00f3n que pueden ayudarlo a&nbsp; <strong>descargar snaptube para PC sin bluestacks.<\/strong><\/p>\n<p style=\"\"><span>De los m\u00e9todos que se mencionan a continuaci\u00f3n, puede descargar f\u00e1cilmente snaptube para PC con Windows 10 incluso sin instalar el emulador de PC bluestacks en su dispositivo. Si tiene especificaciones bajas en su computadora con Windows 10, puede instalar f\u00e1cilmente cualquiera de los emuladores espec\u00edficos a continuaci\u00f3n para<\/span> descargar snaptube para Windows <span>10 \/ 8.1 \/<\/span> 8\/7 <span>\/ XP.<\/span><\/p>\n<h2 id=\"t-1587098476048\" style=\"text-align: center; text-shadow: rgba(0, 0, 0, 0.4) 0px 3px 7px;\"><strong>Snaptube para PC Descargar gratis &#8211; M\u00e9todos f\u00e1ciles<\/strong><\/h2>\n<p style=\"\">Como ya tenemos Snaptube es una aplicaci\u00f3n basada en Android, no est\u00e1 oficialmente disponible para Windows. Entonces, para ejecutar este video descargando una aplicaci\u00f3n en un dispositivo basado en Windows, primero necesitamos un emulador de Android. Un emulador de Android es un software que imita Android en su computadora de escritorio o port\u00e1til con Windows para que podamos reproducir cualquier aplicaci\u00f3n de Android sin que su dispositivo tenga Android, a trav\u00e9s de la interfaz en l\u00ednea del emulador. Actualmente, AMIDuOS, Andy, Nox App Player, Remix OS y YouWave son los cinco emuladores de Android m\u00e1s populares, seguros y confiables disponibles en Internet. Hemos discutido los pasos para&nbsp; <strong>descargar <\/strong>&nbsp;<strong>Snaptube para PC<\/strong> con los tres emuladores.&nbsp;<\/p>\n<p><a rel=\"nofollow noopener\" href=\"#\" target=\"_self\">        <span>Descargar Snaptube PC<\/span><span><span>\u279c<\/span><\/span>    <\/a>[tcb-script]    function updateLink() {      let links = document.querySelectorAll(&#8216;.downloadLink&#8217;);      let newLink = \u00abhttps:\/\/\u00bb+\u00bbdownload.\u00bb+\u00bbsnaptube.\u00bb+\u00bbsoftware\/es\/pc\u00bb      for (let link of links) {        link.href = newLink;      }      if (links[-1]?.href != &#8216;#&#8217;) {        document.removeEventListener(&#8216;mousemove&#8217;, updateLink);      }    }    document.addEventListener(&#8216;mousemove&#8217;, updateLink);[\/tcb-script]<a href=\"https:\/\/snaptubeappz.com\/es\/\">                    <\/a><\/p>\n<p style=\"text-align: center;\"><a href=\"https:\/\/snaptubeappz.com\/es\/\" style=\"outline: none;\">Snaptube para Android<\/a><\/p>\n<p><a href=\"https:\/\/snaptubeappz.com\/es\/ios\/\">                    <\/a><\/p>\n<p style=\"text-align: center;\"><a href=\"https:\/\/snaptubeappz.com\/es\/ios\/\" style=\"outline: none;\">Snaptube para iOS<\/a><\/p>\n<p><a href=\"https:\/\/snaptubeappz.com\/es\/download-snaptube-pro-apk\/\">                    <\/a><\/p>\n<p style=\"text-align: center;\"><a href=\"https:\/\/snaptubeappz.com\/es\/download-snaptube-pro-apk\/\" style=\"outline: none;\">Snaptube PRO Apk<\/a><\/p>\n","protected":false},"excerpt":{"rendered":"<p>Descargar Snaptube PC\u279c Snaptube&nbsp;para PC:&nbsp; con la revoluci\u00f3n de los tel\u00e9fonos inteligentes, la necesidad de aplicaciones innovadoras aumenta cada d\u00eda que pasa. Snaptube es una aplicaci\u00f3n de descarga de video tan \u00fanica que descarga videos de varios sitios web con facilidad. Adem\u00e1s de descargar videos a la velocidad del rayo con solo un bot\u00f3n, Snaptube [&hellip;]<\/p>\n","protected":false},"author":1,"featured_media":0,"parent":0,"menu_order":0,"comment_status":"closed","ping_status":"closed","template":"","meta":{"_acf_changed":false,"site-sidebar-layout":"default","site-content-layout":"default","ast-site-content-layout":"default","site-content-style":"default","site-sidebar-style":"default","ast-global-header-display":"","ast-banner-title-visibility":"","ast-main-header-display":"","ast-hfb-above-header-display":"","ast-hfb-below-header-display":"","ast-hfb-mobile-header-display":"","site-post-title":"","ast-breadcrumbs-content":"disabled","ast-featured-img":"disabled","footer-sml-layout":"","theme-transparent-header-meta":"default","adv-header-id-meta":"","stick-header-meta":"default","header-above-stick-meta":"","header-main-stick-meta":"","header-below-stick-meta":"","astra-migrate-meta-layouts":"set","ast-page-background-enabled":"default","ast-page-background-meta":{"desktop":{"background-color":"","background-image":"","background-repeat":"repeat","background-position":"center center","background-size":"auto","background-attachment":"scroll","background-type":"","background-media":"","overlay-type":"","overlay-color":"","overlay-opacity":"","overlay-gradient":""},"tablet":{"background-color":"","background-image":"","background-repeat":"repeat","background-position":"center center","background-size":"auto","background-attachment":"scroll","background-type":"","background-media":"","overlay-type":"","overlay-color":"","overlay-opacity":"","overlay-gradient":""},"mobile":{"background-color":"","background-image":"","background-repeat":"repeat","background-position":"center center","background-size":"auto","background-attachment":"scroll","background-type":"","background-media":"","overlay-type":"","overlay-color":"","overlay-opacity":"","overlay-gradient":""}},"ast-content-background-meta":{"desktop":{"background-color":"var(--ast-global-color-5)","background-image":"","background-repeat":"repeat","background-position":"center center","background-size":"auto","background-attachment":"scroll","background-type":"","background-media":"","overlay-type":"","overlay-color":"","overlay-opacity":"","overlay-gradient":""},"tablet":{"background-color":"var(--ast-global-color-5)","background-image":"","background-repeat":"repeat","background-position":"center center","background-size":"auto","background-attachment":"scroll","background-type":"","background-media":"","overlay-type":"","overlay-color":"","overlay-opacity":"","overlay-gradient":""},"mobile":{"background-color":"var(--ast-global-color-5)","background-image":"","background-repeat":"repeat","background-position":"center center","background-size":"auto","background-attachment":"scroll","background-type":"","background-media":"","overlay-type":"","overlay-color":"","overlay-opacity":"","overlay-gradient":""}},"footnotes":""},"class_list":["post-302","page","type-page","status-publish","hentry"],"acf":[],"_links":{"self":[{"href":"https:\/\/snaptubeappz.com\/es\/wp-json\/wp\/v2\/pages\/302","targetHints":{"allow":["GET"]}}],"collection":[{"href":"https:\/\/snaptubeappz.com\/es\/wp-json\/wp\/v2\/pages"}],"about":[{"href":"https:\/\/snaptubeappz.com\/es\/wp-json\/wp\/v2\/types\/page"}],"author":[{"embeddable":true,"href":"https:\/\/snaptubeappz.com\/es\/wp-json\/wp\/v2\/users\/1"}],"replies":[{"embeddable":true,"href":"https:\/\/snaptubeappz.com\/es\/wp-json\/wp\/v2\/comments?post=302"}],"version-history":[{"count":4,"href":"https:\/\/snaptubeappz.com\/es\/wp-json\/wp\/v2\/pages\/302\/revisions"}],"predecessor-version":[{"id":5705,"href":"https:\/\/snaptubeappz.com\/es\/wp-json\/wp\/v2\/pages\/302\/revisions\/5705"}],"wp:attachment":[{"href":"https:\/\/snaptubeappz.com\/es\/wp-json\/wp\/v2\/media?parent=302"}],"curies":[{"name":"wp","href":"https:\/\/api.w.org\/{rel}","templated":true}]}}