{"id":2911,"date":"2023-02-20T18:07:40","date_gmt":"2023-02-20T18:07:40","guid":{"rendered":"https:\/\/snaptubeappz.com\/uninstall-snaptube\/"},"modified":"2023-02-21T16:37:43","modified_gmt":"2023-02-21T16:37:43","slug":"uninstall-snaptube","status":"publish","type":"page","link":"https:\/\/snaptubeappz.com\/es\/uninstall-snaptube\/","title":{"rendered":"Desinstalar Snaptube App &#8211; \u00bfC\u00f3mo eliminar Snaptube?"},"content":{"rendered":"<p>Con <a href=\"https:\/\/snaptubeappz.com\/es\/\"><strong>Snaptube<\/strong><\/a>, los usuarios pueden descargar v\u00eddeos de diversos sitios web. Sin embargo, si desea desinstalarlo de su dispositivo Android, esto se puede hacer r\u00e1pidamente. En este art\u00edculo, te guiaremos a trav\u00e9s de los pasos para desinstalar Snaptube de tu dispositivo Android. Adem\u00e1s, te proporcionaremos algunos pasos adicionales para asegurarte de que la aplicaci\u00f3n se elimina por completo.<\/p>\n<figure id=\"attachment_2805\" aria-describedby=\"caption-attachment-2805\" style=\"width: 520px\" class=\"wp-caption aligncenter\"><img loading=\"lazy\" decoding=\"async\" class=\"wp-image-2805\" src=\"https:\/\/snaptubeappz.com\/wp-content\/uploads\/2023\/02\/Uninstall-Snaptube-App-300x200.png\" alt=\"Desinstalar Snaptube\" width=\"520\" height=\"346\" srcset=\"https:\/\/snaptubeappz.com\/wp-content\/uploads\/2023\/02\/Uninstall-Snaptube-App-300x200.png 300w, https:\/\/snaptubeappz.com\/wp-content\/uploads\/2023\/02\/Uninstall-Snaptube-App-1024x683.png 1024w, https:\/\/snaptubeappz.com\/wp-content\/uploads\/2023\/02\/Uninstall-Snaptube-App-768x512.png 768w, https:\/\/snaptubeappz.com\/wp-content\/uploads\/2023\/02\/Uninstall-Snaptube-App.png 1080w\" sizes=\"auto, (max-width: 520px) 100vw, 520px\" \/><figcaption id=\"caption-attachment-2805\" class=\"wp-caption-text\"><strong>Desinstalar Snaptube<\/strong><\/figcaption><\/figure>\n<p><strong>Paso 1: Localiza el icono de la aplicaci\u00f3n Snaptube en tu dispositivo Android.<\/strong><\/p>\n<p>Para desinstalar Snaptube, toca el icono de la aplicaci\u00f3n en la pantalla de inicio o en el caj\u00f3n de aplicaciones de tu dispositivo Android.<\/p>\n<figure id=\"attachment_2823\" aria-describedby=\"caption-attachment-2823\" style=\"width: 238px\" class=\"wp-caption aligncenter\"><img loading=\"lazy\" decoding=\"async\" class=\"wp-image-2823\" src=\"https:\/\/snaptubeappz.com\/wp-content\/uploads\/2023\/02\/Locate-the-Snaptube-app-icon-on-your-Android-device.png\" alt=\"Localiza el icono de la aplicaci\u00f3n Snaptube en tu dispositivo Android\" width=\"238\" height=\"470\" srcset=\"https:\/\/snaptubeappz.com\/wp-content\/uploads\/2023\/02\/Locate-the-Snaptube-app-icon-on-your-Android-device.png 278w, https:\/\/snaptubeappz.com\/wp-content\/uploads\/2023\/02\/Locate-the-Snaptube-app-icon-on-your-Android-device-152x300.png 152w\" sizes=\"auto, (max-width: 238px) 100vw, 238px\" \/><figcaption id=\"caption-attachment-2823\" class=\"wp-caption-text\">Localiza el icono de la aplicaci\u00f3n Snaptube en tu dispositivo Android<\/figcaption><\/figure>\n<p><strong>Paso 2: Mant\u00e9n pulsado el icono de la aplicaci\u00f3n Snaptube.<\/strong><\/p>\n<p>Una vez localizado el icono de la aplicaci\u00f3n Snaptube, mant\u00e9n pulsado el icono hasta que aparezca un men\u00fa.<\/p>\n<figure id=\"attachment_2839\" aria-describedby=\"caption-attachment-2839\" style=\"width: 231px\" class=\"wp-caption aligncenter\"><img loading=\"lazy\" decoding=\"async\" class=\"wp-image-2839\" src=\"https:\/\/snaptubeappz.com\/wp-content\/uploads\/2023\/02\/Long-press-the-Snaptube-app-icon.png\" alt=\"Mant\u00e9n pulsado el icono de la aplicaci\u00f3n Snaptube\" width=\"231\" height=\"470\" srcset=\"https:\/\/snaptubeappz.com\/wp-content\/uploads\/2023\/02\/Long-press-the-Snaptube-app-icon.png 280w, https:\/\/snaptubeappz.com\/wp-content\/uploads\/2023\/02\/Long-press-the-Snaptube-app-icon-147x300.png 147w\" sizes=\"auto, (max-width: 231px) 100vw, 231px\" \/><figcaption id=\"caption-attachment-2839\" class=\"wp-caption-text\">Mant\u00e9n pulsado el icono de la aplicaci\u00f3n Snaptube<\/figcaption><\/figure>\n<p><strong>Paso 3: Selecciona \u00abDesinstalar\u00bb.<\/strong><\/p>\n<p>Selecciona la opci\u00f3n \u00abDesinstalar\u00bb del men\u00fa que aparece para comenzar el proceso de desinstalaci\u00f3n.<\/p>\n<p><strong>Paso 4: Confirma la desinstalaci\u00f3n.<\/strong><\/p>\n<p>Aparecer\u00e1 un cuadro de di\u00e1logo de confirmaci\u00f3n pidi\u00e9ndote que confirmes que quieres desinstalar la aplicaci\u00f3n. Haz clic en \u00abAceptar\u00bb para confirmar.<\/p>\n<p>&nbsp;<\/p>\n<figure id=\"attachment_2853\" aria-describedby=\"caption-attachment-2853\" style=\"width: 231px\" class=\"wp-caption aligncenter\"><img loading=\"lazy\" decoding=\"async\" class=\"wp-image-2853\" src=\"https:\/\/snaptubeappz.com\/wp-content\/uploads\/2023\/02\/Confirm-the-uninstallation.png\" alt=\"Confirmar la desinstalaci\u00f3n\" width=\"231\" height=\"470\" srcset=\"https:\/\/snaptubeappz.com\/wp-content\/uploads\/2023\/02\/Confirm-the-uninstallation.png 275w, https:\/\/snaptubeappz.com\/wp-content\/uploads\/2023\/02\/Confirm-the-uninstallation-148x300.png 148w\" sizes=\"auto, (max-width: 231px) 100vw, 231px\" \/><figcaption id=\"caption-attachment-2853\" class=\"wp-caption-text\">Confirmar la desinstalaci\u00f3n<\/figcaption><\/figure>\n<p><strong>Paso 5: Espera a que finalice el proceso de desinstalaci\u00f3n.<\/strong><\/p>\n<p>Espere unos segundos mientras se completa el proceso de desinstalaci\u00f3n. Una vez finalizado el proceso, recibir\u00e1s una notificaci\u00f3n confirmando que tu dispositivo Android ha desinstalado la app Snaptube.<\/p>\n<p><strong>Paso 6: Borra los datos y la cach\u00e9 de la aplicaci\u00f3n.<\/strong><\/p>\n<p>Es una buena idea borrar los datos y la cach\u00e9 de la aplicaci\u00f3n despu\u00e9s de desinstalarla. Esto eliminar\u00e1 cualquier dato sobrante y liberar\u00e1 espacio en tu dispositivo. Para ello, ve a \u00abAjustes\u00bb &gt; \u00abApps\u00bb &gt; \u00abSnaptube\u00bb y selecciona \u00abAlmacenamiento\u00bb. Haz clic en \u00abBorrar datos\u00bb y \u00abBorrar cach\u00e9\u00bb.<\/p>\n<p><strong>Paso 7: Comprueba si hay archivos sobrantes.<\/strong><\/p>\n<p>A\u00fan tendr\u00e1s archivos sobrantes en tu dispositivo aunque hayas desinstalado y borrado los datos de la app. Puedes utilizar una aplicaci\u00f3n de gesti\u00f3n de archivos para comprobar si hay archivos sobrantes. Busca los archivos o carpetas que tengan \u00abSnaptube\u00bb en el nombre y elim\u00ednalos.<\/p>\n<p><strong>Paso 8: Reinicia tu dispositivo.<\/strong><\/p>\n<p>Para asegurarte de que todos los archivos y procesos sobrantes se eliminan por completo de tu dispositivo, debes reiniciarlo despu\u00e9s de desinstalar la aplicaci\u00f3n.<\/p>\n<p><strong>Paso 9: Comprueba si hay actualizaciones.<\/strong><\/p>\n<p>Es posible que Snaptube siga apareciendo como instalada en tu cuenta si la instalaste previamente desde Google Play Store. Comprueba si hay actualizaciones en Google Play Store para asegurarte de que la aplicaci\u00f3n se ha eliminado por completo de tu cuenta. Si la aplicaci\u00f3n aparece en la lista de actualizaciones, desinst\u00e1lala.<\/p>\n<p>Leer m\u00e1s &#8211; <a href=\"https:\/\/snaptubeappz.com\/es\/ios\/\"><strong>Snaptube para iPhone<\/strong><\/a><\/p>\n<h2>Tutorial en v\u00eddeo sobre c\u00f3mo desinstalar Snaptube de tu dispositivo Android<\/h2>\n<p>Si ya no necesita la aplicaci\u00f3n Snaptube o desea liberar algo de espacio en su dispositivo Android, este tutorial le guiar\u00e1 a trav\u00e9s de la desinstalaci\u00f3n de Snaptube.<\/p>\n<p><center><br \/>\n<iframe loading=\"lazy\" src=\"https:\/\/www.youtube.com\/embed\/G2LdWRYFoZc?autoplay=0&amp;fs=0&amp;iv_load_policy=3&amp;showinfo=0&amp;rel=0&amp;cc_load_policy=0&amp;start=0&amp;end=0\" width=\"788.54\" height=\"443\" frameborder=\"0\" marginwidth=\"0\" marginheight=\"0\" scrolling=\"no\"><\/iframe><\/center>&nbsp;<\/p>\n<h2>Conclusi\u00f3n sobre la eliminaci\u00f3n de Snaptube<\/h2>\n<p>En conclusi\u00f3n, desinstalar la aplicaci\u00f3n Snaptube de tu dispositivo Android es un proceso sencillo que se puede completar en unos pocos pasos. Usted puede asegurarse de que la aplicaci\u00f3n se elimina de su dispositivo Android siguiendo estos pasos, la comprobaci\u00f3n de los archivos sobrantes, reiniciar el dispositivo y comprobar si hay actualizaciones.<\/p>\n<p>Leer m\u00e1s &#8211; <strong><a href=\"https:\/\/snaptubeappz.com\/es\/snaptube-for-pc\/\">Descargar Snaptube PC<\/a><\/strong><\/p>\n","protected":false},"excerpt":{"rendered":"<p>Con Snaptube, los usuarios pueden descargar v\u00eddeos de diversos sitios web. Sin embargo, si desea desinstalarlo de su dispositivo Android, esto se puede hacer r\u00e1pidamente. En este art\u00edculo, te guiaremos a trav\u00e9s de los pasos para desinstalar Snaptube de tu dispositivo Android. Adem\u00e1s, te proporcionaremos algunos pasos adicionales para asegurarte de que la aplicaci\u00f3n se [&hellip;]<\/p>\n","protected":false},"author":1,"featured_media":0,"parent":0,"menu_order":0,"comment_status":"open","ping_status":"open","template":"","meta":{"_acf_changed":false,"site-sidebar-layout":"default","site-content-layout":"default","ast-site-content-layout":"default","site-content-style":"default","site-sidebar-style":"default","ast-global-header-display":"","ast-banner-title-visibility":"","ast-main-header-display":"","ast-hfb-above-header-display":"","ast-hfb-below-header-display":"","ast-hfb-mobile-header-display":"","site-post-title":"","ast-breadcrumbs-content":"disabled","ast-featured-img":"","footer-sml-layout":"","theme-transparent-header-meta":"default","adv-header-id-meta":"","stick-header-meta":"default","header-above-stick-meta":"","header-main-stick-meta":"","header-below-stick-meta":"","astra-migrate-meta-layouts":"default","ast-page-background-enabled":"default","ast-page-background-meta":{"desktop":{"background-color":"","background-image":"","background-repeat":"repeat","background-position":"center center","background-size":"auto","background-attachment":"scroll","background-type":"","background-media":"","overlay-type":"","overlay-color":"","overlay-opacity":"","overlay-gradient":""},"tablet":{"background-color":"","background-image":"","background-repeat":"repeat","background-position":"center center","background-size":"auto","background-attachment":"scroll","background-type":"","background-media":"","overlay-type":"","overlay-color":"","overlay-opacity":"","overlay-gradient":""},"mobile":{"background-color":"","background-image":"","background-repeat":"repeat","background-position":"center center","background-size":"auto","background-attachment":"scroll","background-type":"","background-media":"","overlay-type":"","overlay-color":"","overlay-opacity":"","overlay-gradient":""}},"ast-content-background-meta":{"desktop":{"background-color":"var(--ast-global-color-5)","background-image":"","background-repeat":"repeat","background-position":"center center","background-size":"auto","background-attachment":"scroll","background-type":"","background-media":"","overlay-type":"","overlay-color":"","overlay-opacity":"","overlay-gradient":""},"tablet":{"background-color":"var(--ast-global-color-5)","background-image":"","background-repeat":"repeat","background-position":"center center","background-size":"auto","background-attachment":"scroll","background-type":"","background-media":"","overlay-type":"","overlay-color":"","overlay-opacity":"","overlay-gradient":""},"mobile":{"background-color":"var(--ast-global-color-5)","background-image":"","background-repeat":"repeat","background-position":"center center","background-size":"auto","background-attachment":"scroll","background-type":"","background-media":"","overlay-type":"","overlay-color":"","overlay-opacity":"","overlay-gradient":""}},"footnotes":""},"class_list":["post-2911","page","type-page","status-publish","hentry"],"acf":[],"_links":{"self":[{"href":"https:\/\/snaptubeappz.com\/es\/wp-json\/wp\/v2\/pages\/2911","targetHints":{"allow":["GET"]}}],"collection":[{"href":"https:\/\/snaptubeappz.com\/es\/wp-json\/wp\/v2\/pages"}],"about":[{"href":"https:\/\/snaptubeappz.com\/es\/wp-json\/wp\/v2\/types\/page"}],"author":[{"embeddable":true,"href":"https:\/\/snaptubeappz.com\/es\/wp-json\/wp\/v2\/users\/1"}],"replies":[{"embeddable":true,"href":"https:\/\/snaptubeappz.com\/es\/wp-json\/wp\/v2\/comments?post=2911"}],"version-history":[{"count":0,"href":"https:\/\/snaptubeappz.com\/es\/wp-json\/wp\/v2\/pages\/2911\/revisions"}],"wp:attachment":[{"href":"https:\/\/snaptubeappz.com\/es\/wp-json\/wp\/v2\/media?parent=2911"}],"curies":[{"name":"wp","href":"https:\/\/api.w.org\/{rel}","templated":true}]}}