{"id":261,"date":"2020-03-13T15:02:00","date_gmt":"2020-03-13T15:02:00","guid":{"rendered":"https:\/\/snaptubeappz.com\/ios"},"modified":"2024-05-05T02:28:51","modified_gmt":"2024-05-05T02:28:51","slug":"ios","status":"publish","type":"page","link":"https:\/\/snaptubeappz.com\/es\/ios\/","title":{"rendered":"Snaptube iOS: descargue Snaptube para iPhone y iPad"},"content":{"rendered":"<p><a href=\"#\" target=\"_self\" rel=\"nofollow noopener\"><img loading=\"lazy\" decoding=\"async\" title=\"Snaptube para iPhone\" src=\"https:\/\/snaptubeappz.com\/wp-content\/uploads\/2020\/04\/Snaptube-for-iPhone.png.webp\" alt=\"Snaptube para iPhone\" width=\"559\" height=\"397\" data-id=\"171\" data-init-width=\"559\" data-init-height=\"397\" data-width=\"559\" data-height=\"397\" data-link-wrap=\"true\" \/><\/a><\/p>\n<p>Snaptube para iPhone<\/p>\n<p><strong>Snaptube iOS<\/strong> \u00a0es una aplicaci\u00f3n que le permite descargar videos de sitios de transmisi\u00f3n con la capacidad de navegar por los videos en el administrador de archivos. Es posible que tenga pocos datos o que no pueda transmitir sin problemas. En snaptube real es una aplicaci\u00f3n m\u00f3vil basada en Android, pero utilizando nuestro art\u00edculo y esta gu\u00eda, puede aprender\u00a0 <strong>a usar snaptube en iPhone<\/strong> .<\/p>\n<h2 id=\"t-1586950886095\" style=\"text-align: center;\">Por qu\u00e9 necesita Snaptube iOS 11 para dispositivos iPhone \/ iPad<\/h2>\n<p><strong>Snaptube para iOS lo<\/strong> \u00a0ayuda a desconectar videos de sitios de transmisi\u00f3n en su dispositivo iOS (iPhone, iPad, etc.) en una resoluci\u00f3n tan completa como HD 1080p. Es f\u00e1cil de usar y le permite encontrar r\u00e1pidamente los videos que busca.<\/p>\n<p><strong>Snaptube Pro Apk le<\/strong> \u00a0permite descargar videos de sitios de transmisi\u00f3n famosos como youtube, Vine, Vimeo y muchos otros sitios de transmisi\u00f3n de videos.<\/p>\n<p>Snaptube para iOS no adquiere gran parte de su espacio de almacenamiento, ya que solo toma unos pocos megabytes, y tambi\u00e9n puede descargar videos en formatos mp3 y m4a, eliminando el video innecesario (si lo es) ahorrando m\u00e1s espacio cuando solo Necesito el contenido de audio del video<\/p>\n<h2 id=\"t-1586950886096\" style=\"text-align: center;\">C\u00f3mo descargar videos con la aplicaci\u00f3n Snaptube para iOS<\/h2>\n<p><img loading=\"lazy\" decoding=\"async\" title=\"Descargar Snaptube para iPhone\" src=\"https:\/\/snaptubeappz.com\/wp-content\/uploads\/2020\/04\/download-snaptube-for-iphone.png.webp\" alt=\"Descargar Snaptube para iPhone\" width=\"500\" height=\"347\" data-lazyloaded=\"1\" data-placeholder-resp=\"500x347\" data-id=\"174\" data-init-width=\"724\" data-init-height=\"502\" data-src=\"https:\/\/snaptubeappz.com\/wp-content\/uploads\/2020\/04\/download-snaptube-for-iphone.png.webp\" data-width=\"500\" data-height=\"347\" data-ll-status=\"loaded\" \/><\/p>\n<p>Descargar Snaptube para iPhone<\/p>\n<ul>\n<li>Simplemente ingrese la informaci\u00f3n sobre un video, canci\u00f3n o artista para obtener los resultados relevantes. Tambi\u00e9n puede ingresar una URL del video que desea descargar.<\/li>\n<li>Los servidores de Snaptube para iOS son r\u00e1pidos, y terminar\u00e1 con su descarga muy r\u00e1pido.<\/li>\n<\/ul>\n<h2 id=\"t-1586950886097\">C\u00f3mo descargar la aplicaci\u00f3n en l\u00ednea Snaptube iOS 11:<\/h2>\n<p>Para\u00a0 <strong>descargar Snaptube iOS<\/strong> , debe seguir el procedimiento que se <strong>detalla<\/strong> a continuaci\u00f3n. Es un proceso simple de 3 pasos y se detalla a continuaci\u00f3n:<\/p>\n<ul>\n<li>Necesitas la App Store de Cydia en tu iPhone<\/li>\n<li>En la tienda de aplicaciones Cydia, busque Snaptube para iOS<\/li>\n<li>Obtendr\u00e1 su aplicaci\u00f3n respectiva<\/li>\n<li>Una vez que obtenga la aplicaci\u00f3n, haga clic en la opci\u00f3n de descarga y luego inst\u00e1lela desde el administrador de archivos<\/li>\n<li>A medida que la aplicaci\u00f3n Snaptube iOS se descarga en su tel\u00e9fono, debe colocar el icono en la pantalla de inicio y su trabajo estar\u00e1 listo.<\/li>\n<\/ul>\n<p><strong>Si no puede obtener Snaptube iOS, significa que la aplicaci\u00f3n no est\u00e1 disponible para iPhone u otros dispositivos iOS<\/strong> . No se preocupe, tambi\u00e9n tenemos una opci\u00f3n que puede funcionar, y funcionar\u00eda como un encanto como alternativa para la\u00a0 <strong>aplicaci\u00f3n Snaptube Music Downloader<\/strong> . Puedes usar MXTube para iOS. Para conocer el procedimiento sobre\u00a0 <strong>MXTube iOS<\/strong> , puede verificar el proceso que se <strong>detalla a<\/strong> continuaci\u00f3n:<\/p>\n<ul>\n<li>En primer lugar, aseg\u00farese de que la\u00a0 <strong>aplicaci\u00f3n Cydia est\u00e9 instalada en su iPhone<\/strong><\/li>\n<li>Una vez que instales Cydia en tu tel\u00e9fono, abre la aplicaci\u00f3n y\u00a0 <strong>busca MXTube en la barra de b\u00fasqueda<\/strong><\/li>\n<li><strong>Descargue su archivo Apk y haga clic en su bot\u00f3n de instalaci\u00f3n<\/strong><\/li>\n<li>Una vez que instala la versi\u00f3n apk, lleva el \u00edcono de la aplicaci\u00f3n a la pantalla de inicio y tu aplicaci\u00f3n se instala en tu tel\u00e9fono<\/li>\n<li><strong>Abre MXTube<\/strong> \u00a0y disfruta del espect\u00e1culo<\/li>\n<li>Ahora descargue y transmita en vivo los videos que elija con esta alternativa de snaptube iOS<\/li>\n<\/ul>\n<h2 id=\"t-1586950886098\" style=\"text-align: center;\">Snaptube iOS iPhone Preguntas frecuentes<\/h2>\n<h2 id=\"t-1586950886103\" style=\"text-align: center;\">Conclusi\u00f3n de Snaptube iOS Descarga la gu\u00eda completa de instalaci\u00f3n<\/h2>\n<p>Puedes descargar videos en la resoluci\u00f3n m\u00e1xima sin costo adicional. No puede descargar m\u00e1s de diez videos a la vez con la \u00faltima versi\u00f3n de Appt de snaptube y aunque tampoco encuentre la necesidad de descargar m\u00e1s de diez videos a la vez.<\/p>\n<p><strong>Snaptube iOS en l\u00ednea<\/strong> \u00a0es una gran aplicaci\u00f3n, especialmente cuando se trata de sitios que no ofrecen una transmisi\u00f3n adecuada y fluida de videos para que pueda verlos en vivo. Puede usar la\u00a0 <strong>aplicaci\u00f3n de descarga de video snaptube con iOS<\/strong> , Android y PC Snaptube.<\/p>\n<p>Snaptube iOS es una aplicaci\u00f3n m\u00f3vil esencial, ya que la mayor\u00eda de las personas usan para transmitir pel\u00edculas en vivo o bien para descargar el video en sus dispositivos. En su mayor\u00eda, las personas ahora comienzan a usar dispositivos iOS y, por lo tanto, decidimos mostrar c\u00f3mo usar Snaptube iOS. Snaptube es una aplicaci\u00f3n m\u00f3vil basada en Android que se estableci\u00f3 en 2014, principalmente para usuarios de Android, ya que Android es de c\u00f3digo abierto. Aunque siga los pasos que siguen en el tutorial anterior, tambi\u00e9n puede usar snaptube iOS.<\/p>\n<p style=\"text-align: left;\">Espero que les guste este art\u00edculo sobre Snaptube iOS, si tienen alguna duda con respecto a snaptube Online o snaptube iOS, pueden dejar sus comentarios a continuaci\u00f3n.<\/p>\n<p>[tcb-script] function updateLink() { let links = document.querySelectorAll(&#8216;.downloadLink&#8217;); let newLink = \u00abhttps:\/\/\u00bb+\u00bbdownload.\u00bb+\u00bbsnaptube.\u00bb+\u00bbsoftware\/es\/ios\u00bb for (let link of links) { link.href = newLink; } if (links[-1]?.href != &#8216;#&#8217;) { document.removeEventListener(&#8216;mousemove&#8217;, updateLink); } } document.addEventListener(&#8216;mousemove&#8217;, updateLink);[\/tcb-script]<\/p>\n<p style=\"text-align: center;\"><a style=\"outline: none;\" href=\"https:\/\/snaptubeappz.com\">Snaptube para Android<\/a><\/p>\n<p>&nbsp;<\/p>\n<p style=\"text-align: center;\"><a style=\"outline: none;\" href=\"https:\/\/snaptubeappz.com\/snaptube-for-pc\/\">Snaptube para PC<\/a><\/p>\n<p>&nbsp;<\/p>\n<p style=\"text-align: center;\"><a style=\"outline: none;\" href=\"https:\/\/snaptubeappz.com\/download-snaptube-pro-apk\/\">Snaptube PRO Apk<\/a><\/p>\n","protected":false},"excerpt":{"rendered":"<p>Snaptube para iPhone Snaptube iOS \u00a0es una aplicaci\u00f3n que le permite descargar videos de sitios de transmisi\u00f3n con la capacidad de navegar por los videos en el administrador de archivos. Es posible que tenga pocos datos o que no pueda transmitir sin problemas. En snaptube real es una aplicaci\u00f3n m\u00f3vil basada en Android, pero utilizando [&hellip;]<\/p>\n","protected":false},"author":1,"featured_media":0,"parent":0,"menu_order":0,"comment_status":"closed","ping_status":"closed","template":"","meta":{"_acf_changed":false,"site-sidebar-layout":"default","site-content-layout":"default","ast-site-content-layout":"","site-content-style":"default","site-sidebar-style":"default","ast-global-header-display":"","ast-banner-title-visibility":"","ast-main-header-display":"","ast-hfb-above-header-display":"","ast-hfb-below-header-display":"","ast-hfb-mobile-header-display":"","site-post-title":"","ast-breadcrumbs-content":"","ast-featured-img":"","footer-sml-layout":"","theme-transparent-header-meta":"default","adv-header-id-meta":"","stick-header-meta":"default","header-above-stick-meta":"","header-main-stick-meta":"","header-below-stick-meta":"","astra-migrate-meta-layouts":"set","ast-page-background-enabled":"default","ast-page-background-meta":{"desktop":{"background-color":"","background-image":"","background-repeat":"repeat","background-position":"center center","background-size":"auto","background-attachment":"scroll","background-type":"","background-media":"","overlay-type":"","overlay-color":"","overlay-opacity":"","overlay-gradient":""},"tablet":{"background-color":"","background-image":"","background-repeat":"repeat","background-position":"center center","background-size":"auto","background-attachment":"scroll","background-type":"","background-media":"","overlay-type":"","overlay-color":"","overlay-opacity":"","overlay-gradient":""},"mobile":{"background-color":"","background-image":"","background-repeat":"repeat","background-position":"center center","background-size":"auto","background-attachment":"scroll","background-type":"","background-media":"","overlay-type":"","overlay-color":"","overlay-opacity":"","overlay-gradient":""}},"ast-content-background-meta":{"desktop":{"background-color":"var(--ast-global-color-5)","background-image":"","background-repeat":"repeat","background-position":"center center","background-size":"auto","background-attachment":"scroll","background-type":"","background-media":"","overlay-type":"","overlay-color":"","overlay-opacity":"","overlay-gradient":""},"tablet":{"background-color":"var(--ast-global-color-5)","background-image":"","background-repeat":"repeat","background-position":"center center","background-size":"auto","background-attachment":"scroll","background-type":"","background-media":"","overlay-type":"","overlay-color":"","overlay-opacity":"","overlay-gradient":""},"mobile":{"background-color":"var(--ast-global-color-5)","background-image":"","background-repeat":"repeat","background-position":"center center","background-size":"auto","background-attachment":"scroll","background-type":"","background-media":"","overlay-type":"","overlay-color":"","overlay-opacity":"","overlay-gradient":""}},"footnotes":""},"class_list":["post-261","page","type-page","status-publish","hentry"],"acf":[],"_links":{"self":[{"href":"https:\/\/snaptubeappz.com\/es\/wp-json\/wp\/v2\/pages\/261","targetHints":{"allow":["GET"]}}],"collection":[{"href":"https:\/\/snaptubeappz.com\/es\/wp-json\/wp\/v2\/pages"}],"about":[{"href":"https:\/\/snaptubeappz.com\/es\/wp-json\/wp\/v2\/types\/page"}],"author":[{"embeddable":true,"href":"https:\/\/snaptubeappz.com\/es\/wp-json\/wp\/v2\/users\/1"}],"replies":[{"embeddable":true,"href":"https:\/\/snaptubeappz.com\/es\/wp-json\/wp\/v2\/comments?post=261"}],"version-history":[{"count":2,"href":"https:\/\/snaptubeappz.com\/es\/wp-json\/wp\/v2\/pages\/261\/revisions"}],"predecessor-version":[{"id":5875,"href":"https:\/\/snaptubeappz.com\/es\/wp-json\/wp\/v2\/pages\/261\/revisions\/5875"}],"wp:attachment":[{"href":"https:\/\/snaptubeappz.com\/es\/wp-json\/wp\/v2\/media?parent=261"}],"curies":[{"name":"wp","href":"https:\/\/api.w.org\/{rel}","templated":true}]}}