{"id":5805,"date":"2024-05-04T19:13:20","date_gmt":"2024-05-04T19:13:20","guid":{"rendered":"https:\/\/snaptubeappz.com\/?page_id=5805"},"modified":"2024-05-04T19:13:20","modified_gmt":"2024-05-04T19:13:20","slug":"online","status":"publish","type":"page","link":"https:\/\/snaptubeappz.com\/de\/online\/","title":{"rendered":"Snaptube Online &#8211; MP4 HD Videos Kostenlos Herunterladen"},"content":{"rendered":"<p>[downloader_section]<\/p>\n<p>Willkommen bei <strong>Snaptube Online<\/strong>, Ihrer zentralen Plattform f\u00fcr den Offline-Download von Videos von Ihren bevorzugten Online-Video-Streaming-Plattformen.<\/p>\n<p>Unsere Plattform unterst\u00fctzt eine breite Palette von Websites, darunter Facebook, Instagram, Vimeo, Dailymotion, TikTok und viele mehr. Der Snaptube Online Video Downloader ist die ultimative L\u00f6sung f\u00fcr alle Ihre Bed\u00fcrfnisse beim Herunterladen von Videos von diesen beliebten Plattformen. St\u00f6bern und herunterladen, jederzeit und \u00fcberall.<\/p>\n<p>[btn]<\/p>\n<p>[table_of_content]<\/p>\n<p>[steps]<\/p>\n<p>[feature]<\/p>\n<h2 style=\"text-align: center;\">Einschr\u00e4nkungen bei der Verwendung der Snaptube Online Web App im Vergleich zur Verwendung der Snaptube App auf dem Handy<\/h2>\n<p>Snaptube Online ist zwar eine vielseitige Plattform f\u00fcr das Herunterladen von Videos, aber im Vergleich zur <a href=\"https:\/\/snaptubeappz.com\/de\/\">Snaptube-App<\/a> gibt es auch einige Einschr\u00e4nkungen:<\/p>\n<p>[limitations]<\/p>\n<p>[faq]<\/p>\n<p>[links]<\/p>\n","protected":false},"excerpt":{"rendered":"<p>[downloader_section] Willkommen bei Snaptube Online, Ihrer zentralen Plattform f\u00fcr den Offline-Download von Videos von Ihren bevorzugten Online-Video-Streaming-Plattformen. Unsere Plattform unterst\u00fctzt eine breite Palette von Websites, darunter Facebook, Instagram, Vimeo, Dailymotion, TikTok und viele mehr. Der Snaptube Online Video Downloader ist die ultimative L\u00f6sung f\u00fcr alle Ihre Bed\u00fcrfnisse beim Herunterladen von Videos von diesen beliebten Plattformen. [&hellip;]<\/p>\n","protected":false},"author":1,"featured_media":0,"parent":0,"menu_order":0,"comment_status":"closed","ping_status":"closed","template":"","meta":{"_acf_changed":false,"site-sidebar-layout":"default","site-content-layout":"","ast-site-content-layout":"default","site-content-style":"default","site-sidebar-style":"default","ast-global-header-display":"","ast-banner-title-visibility":"","ast-main-header-display":"","ast-hfb-above-header-display":"","ast-hfb-below-header-display":"","ast-hfb-mobile-header-display":"","site-post-title":"","ast-breadcrumbs-content":"disabled","ast-featured-img":"disabled","footer-sml-layout":"","theme-transparent-header-meta":"default","adv-header-id-meta":"","stick-header-meta":"default","header-above-stick-meta":"","header-main-stick-meta":"","header-below-stick-meta":"","astra-migrate-meta-layouts":"set","ast-page-background-enabled":"default","ast-page-background-meta":{"desktop":{"background-color":"","background-image":"","background-repeat":"repeat","background-position":"center center","background-size":"auto","background-attachment":"scroll","background-type":"","background-media":"","overlay-type":"","overlay-color":"","overlay-opacity":"","overlay-gradient":""},"tablet":{"background-color":"","background-image":"","background-repeat":"repeat","background-position":"center center","background-size":"auto","background-attachment":"scroll","background-type":"","background-media":"","overlay-type":"","overlay-color":"","overlay-opacity":"","overlay-gradient":""},"mobile":{"background-color":"","background-image":"","background-repeat":"repeat","background-position":"center center","background-size":"auto","background-attachment":"scroll","background-type":"","background-media":"","overlay-type":"","overlay-color":"","overlay-opacity":"","overlay-gradient":""}},"ast-content-background-meta":{"desktop":{"background-color":"var(--ast-global-color-5)","background-image":"","background-repeat":"repeat","background-position":"center center","background-size":"auto","background-attachment":"scroll","background-type":"","background-media":"","overlay-type":"","overlay-color":"","overlay-opacity":"","overlay-gradient":""},"tablet":{"background-color":"var(--ast-global-color-5)","background-image":"","background-repeat":"repeat","background-position":"center center","background-size":"auto","background-attachment":"scroll","background-type":"","background-media":"","overlay-type":"","overlay-color":"","overlay-opacity":"","overlay-gradient":""},"mobile":{"background-color":"var(--ast-global-color-5)","background-image":"","background-repeat":"repeat","background-position":"center center","background-size":"auto","background-attachment":"scroll","background-type":"","background-media":"","overlay-type":"","overlay-color":"","overlay-opacity":"","overlay-gradient":""}},"footnotes":""},"class_list":["post-5805","page","type-page","status-publish","hentry"],"acf":[],"_links":{"self":[{"href":"https:\/\/snaptubeappz.com\/de\/wp-json\/wp\/v2\/pages\/5805","targetHints":{"allow":["GET"]}}],"collection":[{"href":"https:\/\/snaptubeappz.com\/de\/wp-json\/wp\/v2\/pages"}],"about":[{"href":"https:\/\/snaptubeappz.com\/de\/wp-json\/wp\/v2\/types\/page"}],"author":[{"embeddable":true,"href":"https:\/\/snaptubeappz.com\/de\/wp-json\/wp\/v2\/users\/1"}],"replies":[{"embeddable":true,"href":"https:\/\/snaptubeappz.com\/de\/wp-json\/wp\/v2\/comments?post=5805"}],"version-history":[{"count":3,"href":"https:\/\/snaptubeappz.com\/de\/wp-json\/wp\/v2\/pages\/5805\/revisions"}],"predecessor-version":[{"id":5873,"href":"https:\/\/snaptubeappz.com\/de\/wp-json\/wp\/v2\/pages\/5805\/revisions\/5873"}],"wp:attachment":[{"href":"https:\/\/snaptubeappz.com\/de\/wp-json\/wp\/v2\/media?parent=5805"}],"curies":[{"name":"wp","href":"https:\/\/api.w.org\/{rel}","templated":true}]}}