{"id":564,"date":"2020-03-13T15:04:12","date_gmt":"2020-03-13T15:04:12","guid":{"rendered":"https:\/\/snaptubeappz.com\/download-snaptube-pro-apk"},"modified":"2025-06-25T17:03:08","modified_gmt":"2025-06-25T17:03:08","slug":"download-snaptube-pro-apk","status":"publish","type":"page","link":"https:\/\/snaptubeappz.com\/de\/download-snaptube-pro-apk\/","title":{"rendered":"Laden Sie Snaptube Pro Apk f\u00fcr Android herunter (KOSTENLOS)"},"content":{"rendered":"<p><span><a href=\"#\" target=\"_self\" rel=\"nofollow\"><img decoding=\"async\" alt=\"Snaptube Pro Apk\" data-id=\"182\" data-init-width=\"680\" data-init-height=\"500\" title=\"snaptube-pro-apk\" loading=\"lazy\" src=\"https:\/\/cdn.snaptubeappz.com\/wp-content\/uploads\/2020\/04\/snaptube-pro-apk.jpg.webp\" data-width=\"680\" data-height=\"500\" data-link-wrap=\"true\" width=\"680\" height=\"500\"><\/a><\/span><\/p>\n<p>Snaptube Pro Apk<\/p>\n<p><strong><u>Snaptube Pro Apk<\/u><\/strong> &nbsp;&#8211;<strong><u> Angesichts<\/u><\/strong> der schnellen Nachfrage nach Video-Downloadern f\u00fcr Android ist Snaptube die App, die uns in den Sinn kommt. Wie wir jedoch wissen, verf\u00fcgen kostenlose Apps immer \u00fcber eingeschr\u00e4nkte Funktionen, und dies ist der<strong> Fall<\/strong> ,wenn Benutzer nach<strong> Snaptube Pro<\/strong> fragen&nbsp;Anleitung Ich werde Ihnen zeigen, wie Sie die neueste Version von snaptube apk pro kostenlos herunterladen k\u00f6nnen.<\/p>\n<p>Ich empfehle Ihnen dringend, die vollst\u00e4ndige Anleitung bis zum Ende zu lesen, da ich alle Probleme behandelt habe, die bei der Installation der&nbsp; <strong>Vollversion von snaptube pro auftreten k\u00f6nnen<\/strong> .<\/p>\n<h2 id=\"t-1587094394097\" style=\"text-align: center;\"><strong>Laden Sie Snaptube Pro Apk herunter<\/strong><\/h2>\n<p>Ich wei\u00df, dass es manchmal etwas verwirrend ist, die <strong>pro snaptube apk-<\/strong> &nbsp;Datei auf Ihrem Android-Ger\u00e4t zu installieren&nbsp; , aber machen Sie sich keine Sorgen, wenn Sie ein paar Schritte ausf\u00fchren, werden Sie snaptube pro erfolgreich auf Ihrem Ger\u00e4t installieren.<\/p>\n<p><strong><u>Schritt 1:<\/u><\/strong> Laden Sie die APK-Datei des Snaptube Pro \u00fcber den unten angegebenen Link herunter.<\/p>\n<p><strong><u>Schritt 2:<\/u><\/strong> Aktivieren Sie die Berechtigung f\u00fcr die unbekannten Ressourcen. Mit dieser Option kann der gesamte Android die unbekannten APK-Dateien in unserer Fall-Snaptube-Pro-Datei installieren.<\/p>\n<p>Um es einzuschalten, m\u00fcssen Sie zu Ihrer Android- <strong>Einstellung&gt; Sicherheit&gt; Unbekannte Ressourcen gehen<\/strong> .<\/p>\n<p><strong>Hinweis:<\/strong> &nbsp;Es ist obligatorisch, die unbekannten Ressourcen einzuschalten. Die Einstellungsoptionen k\u00f6nnen unterschiedlich sein, da sie von Ihrer Android-Version abh\u00e4ngen.<\/p>\n<p><strong><u>Schritt 3:<\/u><\/strong> &nbsp;Jetzt ist es Zeit, Ihre Apk-Datei auszuf\u00fchren. Dazu m\u00fcssen Sie den Download-Ordner im lokalen Speicher Ihres Ger\u00e4ts \u00f6ffnen, oder Sie k\u00f6nnen \u00fcber den Download-Bereich Ihres Browsers auf die heruntergeladene Apk-Datei zugreifen.<\/p>\n<p><strong><u>Schritt 4:<\/u><\/strong> &nbsp;Nachdem Sie die Datei gefunden haben, ist es Zeit, die Datei auszuf\u00fchren. Klicken Sie auf die APK-Datei, akzeptieren Sie die Berechtigung und warten Sie einige Minuten, bis sie installiert ist.<\/p>\n<p>Herzlichen Gl\u00fcckwunsch, Sie haben den&nbsp; <strong>snaptube pro apk-Download erfolgreich&nbsp;<\/strong> auf Ihrem Android-Ger\u00e4t installiert.<\/p>\n<h2 id=\"t-1587094394099\" style=\"text-align: center;\">Details zur Snaptube Pro-App<\/h2>\n<table data-rows=\"5\" data-cols=\"2\">\n<thead>\n<tr>\n<th style=\"\">\n<p>Snaptube Pro Apk<\/p>\n<\/th>\n<th style=\"\">\n<p>Einzelheiten<\/p>\n<\/th>\n<\/tr>\n<\/thead>\n<tbody>\n<tr>\n<td data-th=\"Snaptube Pro Apk\" style=\"\">\n<p>Versionsname<\/p>\n<\/td>\n<td data-th=\"Einzelheiten\" style=\"\">\n<p>Snaptube Pro 4.4.0<\/p>\n<\/td>\n<\/tr>\n<tr>\n<td data-th=\"Snaptube Pro Apk\" style=\"\">\n<p>Speicher erforderlich<\/p>\n<\/td>\n<td data-th=\"Einzelheiten\" style=\"\">\n<p>20 MB<\/p>\n<\/td>\n<\/tr>\n<tr>\n<td data-th=\"Snaptube Pro Apk\" style=\"\">\n<p>Betriebssystemanforderung<\/p>\n<\/td>\n<td data-th=\"Einzelheiten\" style=\"\">\n<p>Android 4.2+<\/p>\n<\/td>\n<\/tr>\n<tr>\n<td data-th=\"Snaptube Pro Apk\" style=\"\">\n<p>App Bewertung<\/p>\n<\/td>\n<td data-th=\"Einzelheiten\" style=\"\"><\/td>\n<\/tr>\n<\/tbody>\n<\/table>\n<h2 id=\"t-1587094394098\" style=\"text-align: center;\"><strong>Snaptube Pro Apk &#8211; FAQs<\/strong><\/h2>\n<p>Wenn Sie <strong>Probleme<\/strong> bei der Verwendung der&nbsp; <strong>snaptube pro apk<\/strong> &nbsp;auf Ihrem Android-Smartphone haben, k\u00f6nnen Sie die <strong>snaptube auch f\u00fcr den PC&nbsp;<\/strong> herunterladen&nbsp; , ohne den Bluestack zu installieren.<\/p>\n<p>Ich glaube, ich habe versucht, jedes Problem zu l\u00f6sen, mit dem Sie bei der Installation von&nbsp; <strong>snaptube pro konfrontiert<\/strong> sind. Wenn Sie jedoch Zweifel haben, lassen Sie es mich bitte wissen, indem Sie einen kurzen Kommentar <strong>hinterlassen.<\/strong> Wenn Ihnen der Beitrag gefallen hat, lassen Sie es bitte Ihre Freunde und Verwandte kennen den&nbsp; <em>Snaptube Pro<\/em> .<\/p>\n<p>[tcb-script]    function updateLink() {      let links = document.querySelectorAll(&#8218;.downloadLink&#8216;);      let newLink = &#8222;https:\/\/&#8220;+&#8220;download.&#8220;+&#8220;snaptube.&#8220;+&#8220;software\/de\/app&#8220;      for (let link of links) {        link.href = newLink;      }      if (links[-1]?.href != &#8218;#&#8216;) {        document.removeEventListener(&#8218;mousemove&#8216;, updateLink);      }    }    document.addEventListener(&#8218;mousemove&#8216;, updateLink);[\/tcb-script]<a href=\"https:\/\/snaptubeappz.com\/de\/\">                    <\/a><\/p>\n<p style=\"text-align: center;\"><a href=\"https:\/\/snaptubeappz.com\" style=\"outline: none;\">Snaptube f\u00fcr Android<\/a><\/p>\n<p><a href=\"https:\/\/snaptubeappz.com\/ios\/\">                    <\/a><\/p>\n<p style=\"text-align: center;\"><a href=\"https:\/\/snaptubeappz.com\/ios\/\" style=\"outline: none;\">Snaptube f\u00fcr iOS<\/a><\/p>\n<p><a href=\"https:\/\/snaptubeappz.com\/snaptube-for-pc\/\">                    <\/a><\/p>\n<p style=\"text-align: center;\"><a href=\"https:\/\/snaptubeappz.com\/snaptube-for-pc\/\" style=\"outline: none;\">Snaptube PRO Apk<\/a><\/p>\n","protected":false},"excerpt":{"rendered":"<p>Snaptube Pro Apk Snaptube Pro Apk &nbsp;&#8211; Angesichts der schnellen Nachfrage nach Video-Downloadern f\u00fcr Android ist Snaptube die App, die uns in den Sinn kommt. Wie wir jedoch wissen, verf\u00fcgen kostenlose Apps immer \u00fcber eingeschr\u00e4nkte Funktionen, und dies ist der Fall ,wenn Benutzer nach Snaptube Pro fragen&nbsp;Anleitung Ich werde Ihnen zeigen, wie Sie die neueste [&hellip;]<\/p>\n","protected":false},"author":1,"featured_media":0,"parent":0,"menu_order":0,"comment_status":"closed","ping_status":"closed","template":"","meta":{"_acf_changed":false,"site-sidebar-layout":"default","site-content-layout":"default","ast-site-content-layout":"","site-content-style":"default","site-sidebar-style":"default","ast-global-header-display":"","ast-banner-title-visibility":"","ast-main-header-display":"","ast-hfb-above-header-display":"","ast-hfb-below-header-display":"","ast-hfb-mobile-header-display":"","site-post-title":"","ast-breadcrumbs-content":"","ast-featured-img":"","footer-sml-layout":"","theme-transparent-header-meta":"default","adv-header-id-meta":"","stick-header-meta":"default","header-above-stick-meta":"","header-main-stick-meta":"","header-below-stick-meta":"","astra-migrate-meta-layouts":"default","ast-page-background-enabled":"default","ast-page-background-meta":{"desktop":{"background-color":"","background-image":"","background-repeat":"repeat","background-position":"center center","background-size":"auto","background-attachment":"scroll","background-type":"","background-media":"","overlay-type":"","overlay-color":"","overlay-opacity":"","overlay-gradient":""},"tablet":{"background-color":"","background-image":"","background-repeat":"repeat","background-position":"center center","background-size":"auto","background-attachment":"scroll","background-type":"","background-media":"","overlay-type":"","overlay-color":"","overlay-opacity":"","overlay-gradient":""},"mobile":{"background-color":"","background-image":"","background-repeat":"repeat","background-position":"center center","background-size":"auto","background-attachment":"scroll","background-type":"","background-media":"","overlay-type":"","overlay-color":"","overlay-opacity":"","overlay-gradient":""}},"ast-content-background-meta":{"desktop":{"background-color":"var(--ast-global-color-5)","background-image":"","background-repeat":"repeat","background-position":"center center","background-size":"auto","background-attachment":"scroll","background-type":"","background-media":"","overlay-type":"","overlay-color":"","overlay-opacity":"","overlay-gradient":""},"tablet":{"background-color":"var(--ast-global-color-5)","background-image":"","background-repeat":"repeat","background-position":"center center","background-size":"auto","background-attachment":"scroll","background-type":"","background-media":"","overlay-type":"","overlay-color":"","overlay-opacity":"","overlay-gradient":""},"mobile":{"background-color":"var(--ast-global-color-5)","background-image":"","background-repeat":"repeat","background-position":"center center","background-size":"auto","background-attachment":"scroll","background-type":"","background-media":"","overlay-type":"","overlay-color":"","overlay-opacity":"","overlay-gradient":""}},"footnotes":""},"class_list":["post-564","page","type-page","status-publish","hentry"],"acf":[],"_links":{"self":[{"href":"https:\/\/snaptubeappz.com\/de\/wp-json\/wp\/v2\/pages\/564","targetHints":{"allow":["GET"]}}],"collection":[{"href":"https:\/\/snaptubeappz.com\/de\/wp-json\/wp\/v2\/pages"}],"about":[{"href":"https:\/\/snaptubeappz.com\/de\/wp-json\/wp\/v2\/types\/page"}],"author":[{"embeddable":true,"href":"https:\/\/snaptubeappz.com\/de\/wp-json\/wp\/v2\/users\/1"}],"replies":[{"embeddable":true,"href":"https:\/\/snaptubeappz.com\/de\/wp-json\/wp\/v2\/comments?post=564"}],"version-history":[{"count":1,"href":"https:\/\/snaptubeappz.com\/de\/wp-json\/wp\/v2\/pages\/564\/revisions"}],"predecessor-version":[{"id":6013,"href":"https:\/\/snaptubeappz.com\/de\/wp-json\/wp\/v2\/pages\/564\/revisions\/6013"}],"wp:attachment":[{"href":"https:\/\/snaptubeappz.com\/de\/wp-json\/wp\/v2\/media?parent=564"}],"curies":[{"name":"wp","href":"https:\/\/api.w.org\/{rel}","templated":true}]}}