{"id":5419,"date":"2024-03-31T10:41:28","date_gmt":"2024-03-31T10:41:28","guid":{"rendered":"https:\/\/snaptubeappz.com\/?page_id=5419"},"modified":"2025-06-25T16:56:51","modified_gmt":"2025-06-25T16:56:51","slug":"is-snaptube-safe","status":"publish","type":"page","link":"https:\/\/snaptubeappz.com\/de\/is-snaptube-safe\/","title":{"rendered":"Ist es sicher, Snaptube herunterzuladen und zu benutzen?"},"content":{"rendered":"<p>In den letzten Jahren ist das Herunterladen von Videos von verschiedenen Plattformen immer beliebter geworden, und <a href=\"https:\/\/snaptubeappz.com\/de\/\">Snaptube<\/a> hat sich zu einer weit verbreiteten App entwickelt.<\/p>\n<p>Die App hat aufgrund ihrer benutzerfreundlichen Oberfl\u00e4che und vielf\u00e4ltigen Funktionen eine gro\u00dfe Anh\u00e4ngerschaft gewonnen. Es stellt sich jedoch die Frage, ob es sicher ist, Snaptube herunterzuladen und zu verwenden?<\/p>\n<p><span style=\"text-decoration: underline;\"><em><strong>Crux<\/strong> <\/em><\/span>&#8211; Nach einer gr\u00fcndlichen Untersuchung und einem detaillierten Test auf der renommierten VirusTotal-Plattform wurde best\u00e4tigt, dass die Snaptube-App sicher ist, wenn sie von der sicheren Plattform heruntergeladen wird.<\/p>\n<p>[btn]<\/p>\n<p>Einige Benutzer sind besorgt \u00fcber die Sicherheit der App und fragen sich, ob sie ein Risiko f\u00fcr ihre Ger\u00e4te oder ihre Privatsph\u00e4re darstellt.<\/p>\n<p>Bevor wir etwas \u00fcber die Sicherheit von <strong>snaptube sagen k\u00f6nnen<\/strong>, m\u00fcssen wir verschiedene Aspekte ber\u00fccksichtigen, darunter die Verf\u00fcgbarkeit der App in den offiziellen App-Stores, die erforderlichen Berechtigungen und die Erfahrungen der Benutzer.<\/p>\n<p>[faq-1]<\/p>\n<p>[faq-2]<\/p>\n<h2 style=\"text-align: center;\">Snaptubes Sicherheitstest auf VirusTotal<\/h2>\n<p><strong>Um die Sicherheit von Snaptube zu bewerten, wurde ein VirusTotal-Test durchgef\u00fchrt.<\/strong><\/p>\n<p>VirusTotal ist eine Website, die Dateien und URLs auf potenzielle Viren, W\u00fcrmer, Trojaner und andere b\u00f6sartige Inhalte untersucht. Sie verwendet mehrere Antivirus-Engines und Website-Scanner, um einen detaillierten Bericht \u00fcber die Sicherheit der eingereichten Inhalte zu erstellen.<\/p>\n<p>Nachdem die APK-Datei von Snaptube an VirusTotal gesendet wurde, waren die Ergebnisse beruhigend. <strong>Die Analyse ergab, dass die App sicher und frei von b\u00f6sartigen Inhalten ist.<\/strong> Dieses Ergebnis gibt Nutzern, die sich Sorgen um die Sicherheit der App machen, zus\u00e4tzliche Sicherheit, da sie von mehreren vertrauensw\u00fcrdigen Antivirenl\u00f6sungen \u00fcberpr\u00fcft wurde.<\/p>\n<p>Wer sich n\u00e4her mit den Einzelheiten des Tests befassen m\u00f6chte, kann den detaillierten Bericht auf der <a href=\"https:\/\/www.virustotal.com\/gui\/file\/2050196cc91a7bfe493ec1fed79fe22dea4dd5adb27ed5b912d133ceed02d8b0\/detection\" data-schema-attribute=\"mentions\" target=\"_blank\" rel=\"noopener\">VirusTotal-Website<\/a> einsehen. Es ist immer eine gute Praxis, solche Tests durchzuf\u00fchren oder sich auf vertrauensw\u00fcrdige Quellen zu beziehen, wenn man Zweifel an der Sicherheit einer Software oder Anwendung hat.<\/p>\n<p>[faq-3]<\/p>\n","protected":false},"excerpt":{"rendered":"<p>In den letzten Jahren ist das Herunterladen von Videos von verschiedenen Plattformen immer beliebter geworden, und Snaptube hat sich zu einer weit verbreiteten App entwickelt. Die App hat aufgrund ihrer benutzerfreundlichen Oberfl\u00e4che und vielf\u00e4ltigen Funktionen eine gro\u00dfe Anh\u00e4ngerschaft gewonnen. Es stellt sich jedoch die Frage, ob es sicher ist, Snaptube herunterzuladen und zu verwenden? Crux [&hellip;]<\/p>\n","protected":false},"author":1,"featured_media":0,"parent":0,"menu_order":0,"comment_status":"closed","ping_status":"closed","template":"","meta":{"_acf_changed":false,"site-sidebar-layout":"default","site-content-layout":"","ast-site-content-layout":"default","site-content-style":"default","site-sidebar-style":"default","ast-global-header-display":"","ast-banner-title-visibility":"","ast-main-header-display":"","ast-hfb-above-header-display":"","ast-hfb-below-header-display":"","ast-hfb-mobile-header-display":"","site-post-title":"","ast-breadcrumbs-content":"disabled","ast-featured-img":"","footer-sml-layout":"","theme-transparent-header-meta":"default","adv-header-id-meta":"","stick-header-meta":"default","header-above-stick-meta":"","header-main-stick-meta":"","header-below-stick-meta":"","astra-migrate-meta-layouts":"set","ast-page-background-enabled":"default","ast-page-background-meta":{"desktop":{"background-color":"","background-image":"","background-repeat":"repeat","background-position":"center center","background-size":"auto","background-attachment":"scroll","background-type":"","background-media":"","overlay-type":"","overlay-color":"","overlay-opacity":"","overlay-gradient":""},"tablet":{"background-color":"","background-image":"","background-repeat":"repeat","background-position":"center center","background-size":"auto","background-attachment":"scroll","background-type":"","background-media":"","overlay-type":"","overlay-color":"","overlay-opacity":"","overlay-gradient":""},"mobile":{"background-color":"","background-image":"","background-repeat":"repeat","background-position":"center center","background-size":"auto","background-attachment":"scroll","background-type":"","background-media":"","overlay-type":"","overlay-color":"","overlay-opacity":"","overlay-gradient":""}},"ast-content-background-meta":{"desktop":{"background-color":"var(--ast-global-color-5)","background-image":"","background-repeat":"repeat","background-position":"center center","background-size":"auto","background-attachment":"scroll","background-type":"","background-media":"","overlay-type":"","overlay-color":"","overlay-opacity":"","overlay-gradient":""},"tablet":{"background-color":"var(--ast-global-color-5)","background-image":"","background-repeat":"repeat","background-position":"center center","background-size":"auto","background-attachment":"scroll","background-type":"","background-media":"","overlay-type":"","overlay-color":"","overlay-opacity":"","overlay-gradient":""},"mobile":{"background-color":"var(--ast-global-color-5)","background-image":"","background-repeat":"repeat","background-position":"center center","background-size":"auto","background-attachment":"scroll","background-type":"","background-media":"","overlay-type":"","overlay-color":"","overlay-opacity":"","overlay-gradient":""}},"footnotes":""},"class_list":["post-5419","page","type-page","status-publish","hentry"],"acf":[],"_links":{"self":[{"href":"https:\/\/snaptubeappz.com\/de\/wp-json\/wp\/v2\/pages\/5419","targetHints":{"allow":["GET"]}}],"collection":[{"href":"https:\/\/snaptubeappz.com\/de\/wp-json\/wp\/v2\/pages"}],"about":[{"href":"https:\/\/snaptubeappz.com\/de\/wp-json\/wp\/v2\/types\/page"}],"author":[{"embeddable":true,"href":"https:\/\/snaptubeappz.com\/de\/wp-json\/wp\/v2\/users\/1"}],"replies":[{"embeddable":true,"href":"https:\/\/snaptubeappz.com\/de\/wp-json\/wp\/v2\/comments?post=5419"}],"version-history":[{"count":3,"href":"https:\/\/snaptubeappz.com\/de\/wp-json\/wp\/v2\/pages\/5419\/revisions"}],"predecessor-version":[{"id":5446,"href":"https:\/\/snaptubeappz.com\/de\/wp-json\/wp\/v2\/pages\/5419\/revisions\/5446"}],"wp:attachment":[{"href":"https:\/\/snaptubeappz.com\/de\/wp-json\/wp\/v2\/media?parent=5419"}],"curies":[{"name":"wp","href":"https:\/\/api.w.org\/{rel}","templated":true}]}}