{"id":5367,"date":"2024-03-21T09:43:36","date_gmt":"2024-03-21T09:43:36","guid":{"rendered":"https:\/\/snaptubeappz.com\/?page_id=5367"},"modified":"2024-03-31T11:09:51","modified_gmt":"2024-03-31T11:09:51","slug":"about-us","status":"publish","type":"page","link":"https:\/\/snaptubeappz.com\/de\/about-us\/","title":{"rendered":"\u00dcber uns \u2013 Lernen Sie das Team hinter Snaptube Appz"},"content":{"rendered":"<p>Willkommen auf der <a href=\"https:\/\/snaptubeappz.com\/de\/\">offiziellen Website von Snaptubeappz<\/a>, Ihrem ultimativen Ziel f\u00fcr alle Informationen zu Snaptubeappz, einer renommierten Anwendung zum Herunterladen von Videos und Musik, die speziell f\u00fcr Android-Ger\u00e4te entwickelt wurde.<\/p>\n<h2>Der Beginn der Reise<\/h2>\n<p>Snaptubeappz wurde im November 2014 gegr\u00fcndet und hat die Art und Weise, wie Benutzer mit digitalen Inhalten interagieren, revolutioniert. Diese kostenlose Android-App erleichtert das Herunterladen von Videos und Audio und dient als Social-Media-Aggregator. Es unterst\u00fctzt eine breite Palette von Videoaufl\u00f6sungen und Audioformaten und richtet sich ab Februar 2024 an \u00fcber 150 Millionen Benutzer.<\/p>\n<h2>Unser Gr\u00fcnder und Team<\/h2>\n<p>Der Vision\u00e4r hinter Snaptubeappz ist <a href=\"https:\/\/www.linkedin.com\/in\/chao-ding-1b67672b9\/\" data-schema-attribute=\"about\" target=\"_blank\" rel=\"noopener\">Chao Ding<\/a>, ein ehemaliger junger Ingenieur, dessen Faszination f\u00fcr das Potenzial der Technologie, Leben zu ver\u00e4ndern, zur Gr\u00fcndung von Snaptubeappz f\u00fchrte. Seine Reise, unterst\u00fctzt von einem engagierten Team aus Ingenieuren, Entwicklern und Designern, verwandelte seinen Traum in die Realit\u00e4t von Snaptubeappz heute: Die gemeinsamen Bem\u00fchungen dieses Teams und die gemeinsame Vision f\u00fcr Innovation treiben den Erfolg von Snaptubeappz voran.<\/p>\n<figure id=\"attachment_5069\" aria-describedby=\"caption-attachment-5069\" style=\"width: 300px\" class=\"wp-caption alignnone\"><img loading=\"lazy\" decoding=\"async\" class=\"wp-image-5069 size-medium\" src=\"https:\/\/snaptubeappz.com\/wp-content\/uploads\/2024\/03\/Chao-Ding-Founder-of-Snaptube-Appz-300x295.webp\" alt=\"Chao Ding Founder of Snaptube Appz\" width=\"300\" height=\"295\" srcset=\"https:\/\/snaptubeappz.com\/wp-content\/uploads\/2024\/03\/Chao-Ding-Founder-of-Snaptube-Appz-300x295.webp 300w, https:\/\/snaptubeappz.com\/wp-content\/uploads\/2024\/03\/Chao-Ding-Founder-of-Snaptube-Appz.webp 631w\" sizes=\"auto, (max-width: 300px) 100vw, 300px\" \/><figcaption id=\"caption-attachment-5069\" class=\"wp-caption-text\"><span class=\"Y2IQFc\" lang=\"de\"><a href=\"https:\/\/gravatar.com\/snaptubeappz\" data-schema-attribute=\"mentions\" target=\"_blank\" rel=\"noopener\">Chao Ding<\/a> Gr\u00fcnder der Snaptube App<\/span><\/figcaption><\/figure>\n<h2>Unsere Bewerbung<\/h2>\n<p>Snaptubeappz bietet eine benutzerfreundliche Oberfl\u00e4che und effiziente Funktionalit\u00e4t und ist damit ein vertrauensw\u00fcrdiger Begleiter f\u00fcr Millionen Menschen weltweit. Es zeichnet sich durch seine F\u00e4higkeit aus, Videos herunterzuladen, Speicherplatz freizugeben und Musik zu verwalten und so den unterschiedlichen Benutzerbed\u00fcrfnissen gerecht zu werden. Trotz Herausforderungen wie der Entfernung aus dem Google Play Store ergriff das Unternehmen sofort Ma\u00dfnahmen, um Bedenken auszur\u00e4umen, und unterstreicht damit sein Engagement f\u00fcr kontinuierliche Verbesserung und das Vertrauen der Benutzer.<\/p>\n<h2>Unternehmenskultur<\/h2>\n<p>Bei Snaptubeappz ist unsere Kultur von Innovation, Zusammenarbeit und Respekt gepr\u00e4gt. Wir sch\u00e4tzen die einzigartigen Beitr\u00e4ge jedes Teammitglieds und schaffen ein Umfeld, in dem Kreativit\u00e4t, kontinuierliches Lernen und pers\u00f6nliches Wachstum gef\u00f6rdert werden. Unsere gemeinsame Leidenschaft f\u00fcr Technologie und Innovation verbindet uns und treibt unsere Mission voran, die Grenzen von Technologie und Benutzererfahrung neu zu definieren.<\/p>\n<h2>Standort<\/h2>\n<p>Unser Hauptsitz in Shenzhen, Guangdong, China, ein Zentrum f\u00fcr technologische Innovation, ist eine st\u00e4ndige Quelle der Inspiration. Hier arbeiten wir zusammen, um Chao Dings Vision zum Leben zu erwecken und die F\u00e4higkeiten von Snaptubeappz kontinuierlich zu verbessern und zu erweitern. Dieser strategische Standort h\u00e4lt uns an der Spitze der Technologiebranche und inspiriert uns zu Innovationen und Spitzenleistungen.<\/p>\n<p><iframe loading=\"lazy\" style=\"border: 0;\" src=\"https:\/\/www.google.com\/maps\/embed?pb=!1m18!1m12!1m3!1d235679.12090543256!2d113.9357084524362!3d22.635651710705055!2m3!1f0!2f0!3f0!3m2!1i1024!2i768!4f13.1!3m3!1m2!1s0x3403f408d0e15291%3A0xfdee550db79280c9!2sShenzhen%2C%20Guangdong%20Province%2C%20China!5e0!3m2!1sen!2sin!4v1702212679147!5m2!1sen!2sin\" width=\"600\" height=\"450\" allowfullscreen=\"allowfullscreen\"><\/iframe><\/p>\n<p>Seien Sie dabei, wenn wir die digitale Landschaft App f\u00fcr App weiter ver\u00e4ndern, wobei Snaptubeappz die F\u00fchrung \u00fcbernimmt.<\/p>\n<p><em><span style=\"text-decoration: underline;\"><strong>Hinweis<\/strong> <\/span>\u2013 SnaptubeAppz.com ist eine unabh\u00e4ngige Plattform und nicht mit den offiziellen Entwicklern von Snaptube verbunden. Wir sind nicht der offizielle Anbieter der Snaptube-App. Snaptube geh\u00f6rt seinen offiziellen Sch\u00f6pfern.<\/em><\/p>\n","protected":false},"excerpt":{"rendered":"<p>Willkommen auf der offiziellen Website von Snaptubeappz, Ihrem ultimativen Ziel f\u00fcr alle Informationen zu Snaptubeappz, einer renommierten Anwendung zum Herunterladen von Videos und Musik, die speziell f\u00fcr Android-Ger\u00e4te entwickelt wurde. Der Beginn der Reise Snaptubeappz wurde im November 2014 gegr\u00fcndet und hat die Art und Weise, wie Benutzer mit digitalen Inhalten interagieren, revolutioniert. Diese kostenlose [&hellip;]<\/p>\n","protected":false},"author":1,"featured_media":0,"parent":0,"menu_order":0,"comment_status":"closed","ping_status":"closed","template":"","meta":{"_acf_changed":false,"site-sidebar-layout":"default","site-content-layout":"","ast-site-content-layout":"default","site-content-style":"default","site-sidebar-style":"default","ast-global-header-display":"","ast-banner-title-visibility":"","ast-main-header-display":"","ast-hfb-above-header-display":"","ast-hfb-below-header-display":"","ast-hfb-mobile-header-display":"","site-post-title":"","ast-breadcrumbs-content":"disabled","ast-featured-img":"","footer-sml-layout":"","theme-transparent-header-meta":"default","adv-header-id-meta":"","stick-header-meta":"default","header-above-stick-meta":"","header-main-stick-meta":"","header-below-stick-meta":"","astra-migrate-meta-layouts":"set","ast-page-background-enabled":"default","ast-page-background-meta":{"desktop":{"background-color":"","background-image":"","background-repeat":"repeat","background-position":"center center","background-size":"auto","background-attachment":"scroll","background-type":"","background-media":"","overlay-type":"","overlay-color":"","overlay-opacity":"","overlay-gradient":""},"tablet":{"background-color":"","background-image":"","background-repeat":"repeat","background-position":"center center","background-size":"auto","background-attachment":"scroll","background-type":"","background-media":"","overlay-type":"","overlay-color":"","overlay-opacity":"","overlay-gradient":""},"mobile":{"background-color":"","background-image":"","background-repeat":"repeat","background-position":"center center","background-size":"auto","background-attachment":"scroll","background-type":"","background-media":"","overlay-type":"","overlay-color":"","overlay-opacity":"","overlay-gradient":""}},"ast-content-background-meta":{"desktop":{"background-color":"var(--ast-global-color-5)","background-image":"","background-repeat":"repeat","background-position":"center center","background-size":"auto","background-attachment":"scroll","background-type":"","background-media":"","overlay-type":"","overlay-color":"","overlay-opacity":"","overlay-gradient":""},"tablet":{"background-color":"var(--ast-global-color-5)","background-image":"","background-repeat":"repeat","background-position":"center center","background-size":"auto","background-attachment":"scroll","background-type":"","background-media":"","overlay-type":"","overlay-color":"","overlay-opacity":"","overlay-gradient":""},"mobile":{"background-color":"var(--ast-global-color-5)","background-image":"","background-repeat":"repeat","background-position":"center center","background-size":"auto","background-attachment":"scroll","background-type":"","background-media":"","overlay-type":"","overlay-color":"","overlay-opacity":"","overlay-gradient":""}},"footnotes":""},"class_list":["post-5367","page","type-page","status-publish","hentry"],"acf":[],"_links":{"self":[{"href":"https:\/\/snaptubeappz.com\/de\/wp-json\/wp\/v2\/pages\/5367","targetHints":{"allow":["GET"]}}],"collection":[{"href":"https:\/\/snaptubeappz.com\/de\/wp-json\/wp\/v2\/pages"}],"about":[{"href":"https:\/\/snaptubeappz.com\/de\/wp-json\/wp\/v2\/types\/page"}],"author":[{"embeddable":true,"href":"https:\/\/snaptubeappz.com\/de\/wp-json\/wp\/v2\/users\/1"}],"replies":[{"embeddable":true,"href":"https:\/\/snaptubeappz.com\/de\/wp-json\/wp\/v2\/comments?post=5367"}],"version-history":[{"count":5,"href":"https:\/\/snaptubeappz.com\/de\/wp-json\/wp\/v2\/pages\/5367\/revisions"}],"predecessor-version":[{"id":5386,"href":"https:\/\/snaptubeappz.com\/de\/wp-json\/wp\/v2\/pages\/5367\/revisions\/5386"}],"wp:attachment":[{"href":"https:\/\/snaptubeappz.com\/de\/wp-json\/wp\/v2\/media?parent=5367"}],"curies":[{"name":"wp","href":"https:\/\/api.w.org\/{rel}","templated":true}]}}