{"id":531,"date":"2020-03-13T15:02:00","date_gmt":"2020-03-13T15:02:00","guid":{"rendered":"https:\/\/snaptubeappz.com\/ios"},"modified":"2023-06-26T04:28:12","modified_gmt":"2023-06-26T04:28:12","slug":"ios","status":"publish","type":"page","link":"https:\/\/snaptubeappz.com\/de\/ios\/","title":{"rendered":"Snaptube iOS: Laden Sie Snaptube f\u00fcr iPhone herunter"},"content":{"rendered":"<p><span><a href=\"#\" target=\"_self\" rel=\"nofollow noopener\"><img decoding=\"async\" alt=\"Snaptube f\u00fcr iPhone\" data-id=\"171\" data-init-width=\"559\" data-init-height=\"397\" title=\"Snaptube f\u00fcr iPhone\" loading=\"lazy\" src=\"https:\/\/snaptubeappz.com\/wp-content\/uploads\/2020\/04\/Snaptube-for-iPhone.png.webp\" data-width=\"559\" data-height=\"397\" data-link-wrap=\"true\" width=\"559\" height=\"397\"><\/a><\/span><\/p>\n<p>Snaptube f\u00fcr iPhone<\/p>\n<p><strong>Snaptube iOS<\/strong> &nbsp;ist eine Anwendung, mit der Sie Videos von Streaming-Sites herunterladen k\u00f6nnen. Videos k\u00f6nnen im Dateimanager durchsucht werden. M\u00f6glicherweise sind die Daten knapp oder Sie k\u00f6nnen nicht reibungslos streamen. Tats\u00e4chlich handelt es sich bei snaptube um eine Android-basierte mobile Anwendung. In unserem Artikel und in diesem Handbuch erfahren Sie jedoch,&nbsp; <strong>wie Sie snaptube auf dem iPhone verwenden<\/strong> .<\/p>\n<h2 id=\"t-1586950886095\" style=\"text-align: center;\">Warum Sie Snaptube iOS 11 f\u00fcr iPhone \/ iPad-Ger\u00e4te ben\u00f6tigen<\/h2>\n<p><strong>Mit Snaptube f\u00fcr iOS k\u00f6nnen<\/strong> &nbsp;Sie Videos von Streaming-Sites auf Ihrem iOS-Ger\u00e4t (iPhone, iPad usw.) in einer Aufl\u00f6sung von bis zu Full HD 1080p offline <strong>schalten<\/strong> . Es ist unkompliziert zu bedienen und erm\u00f6glicht es Ihnen, die von Ihnen gesuchten Videos schnell zu finden.<\/p>\n<p><strong>Mit Snaptube Pro Apk<\/strong> &nbsp;k\u00f6nnen Sie Videos von bekannten Streaming-Sites wie Youtube, Vine, Vimeo und vielen anderen Video-Streaming-Sites herunterladen.<\/p>\n<p>Snaptube f\u00fcr iOS beansprucht nicht viel Speicherplatz, da es nur wenige Megabyte ben\u00f6tigt. Sie k\u00f6nnen auch Videos im MP3- und M4A-Format herunterladen und das unn\u00f6tige Video (falls vorhanden) entsorgen, wodurch Sie nur dann mehr Speicherplatz sparen ben\u00f6tigen den Audio-Inhalt des Videos.<\/p>\n<h2 id=\"t-1586950886096\" style=\"text-align: center;\">Herunterladen von Videos mit der Snaptube iOS App<\/h2>\n<p><span><img decoding=\"async\" data-lazyloaded=\"1\" data-placeholder-resp=\"500x347\" src=\"https:\/\/snaptubeappz.com\/wp-content\/uploads\/2020\/04\/download-snaptube-for-iphone.png.webp\" alt=\"Laden Sie Snaptube f\u00fcr iPhone herunter\" data-id=\"174\" data-init-width=\"724\" data-init-height=\"502\" title=\"download snaptube f\u00fcr iphone\" loading=\"lazy\" data-src=\"https:\/\/snaptubeappz.com\/wp-content\/uploads\/2020\/04\/download-snaptube-for-iphone.png.webp\" style=\"\" data-width=\"500\" data-height=\"347\" data-ll-status=\"loaded\" width=\"500\" height=\"347\"><\/span><\/p>\n<p>Laden Sie Snaptube f\u00fcr iPhone herunter<\/p>\n<ul>\n<li>Geben Sie einfach die Informationen zu einem Video, einem Song oder einem K\u00fcnstler ein, um die relevanten Ergebnisse zu erhalten. Sie k\u00f6nnen sogar eine URL des Videos eingeben, das Sie herunterladen m\u00f6chten.<\/li>\n<li>Die Server von Snaptube f\u00fcr iOS sind schnell und Sie k\u00f6nnen den Download sehr schnell abschlie\u00dfen.<\/li>\n<\/ul>\n<h2 id=\"t-1586950886097\">So laden Sie die Online-App Snaptube iOS 11 herunter:<\/h2>\n<p>Um&nbsp; <strong>Snaptube iOS herunterzuladen<\/strong> , m\u00fcssen Sie die folgenden <strong>Schritte ausf\u00fchren<\/strong> . Es ist ein einfacher 3-Stufen-Prozess und wird unten angegeben:<\/p>\n<ul>\n<li>Sie ben\u00f6tigen den Cydia App Store auf Ihrem iPhone<\/li>\n<li>Suchen Sie im Cydia App Store nach Snaptube f\u00fcr iOS<\/li>\n<li>Sie erhalten Ihre jeweilige App<\/li>\n<li>Wenn Sie die App erhalten haben, klicken Sie auf die Download-Option und installieren Sie sie \u00fcber den Dateimanager<\/li>\n<li>Wenn die Snaptube iOS-App auf Ihr Telefon heruntergeladen wird, m\u00fcssen Sie das Symbol auf dem Startbildschirm platzieren, und Ihre Arbeit ist erledigt.<\/li>\n<\/ul>\n<p><strong>Wenn Sie snaptube iOS nicht erhalten k\u00f6nnen, bedeutet dies, dass die App nicht f\u00fcr iPhone oder andere iOS-Ger\u00e4te verf\u00fcgbar ist<\/strong> . Keine Sorge, wir haben auch eine Option, die Sie <strong>ausw\u00e4hlen<\/strong> k\u00f6nnen, und sie w\u00fcrde wie ein Zauber als Alternative f\u00fcr die&nbsp; <strong>snaptube Music Downloader-App funktionieren<\/strong> . Sie k\u00f6nnen MXTube f\u00fcr iOS verwenden. Um die Vorgehensweise f\u00fcr&nbsp; <strong>MXTube iOS zu kennen<\/strong> , k\u00f6nnen Sie den folgenden Prozess \u00fcberpr\u00fcfen:<\/p>\n<ul>\n<li>Stellen Sie zun\u00e4chst sicher, dass die&nbsp; <strong>Cydia-App auf Ihrem iPhone installiert ist<\/strong><\/li>\n<li>Sobald Sie Cydia auf Ihrem Telefon installiert haben, \u00f6ffnen Sie die App und&nbsp; <strong>suchen Sie in der Suchleiste nach MXTube<\/strong><\/li>\n<li><strong>Laden Sie die Apk-Datei herunter und klicken Sie auf die Schaltfl\u00e4che zum Installieren<\/strong><\/li>\n<li>Sobald Sie die apk-Version installiert haben, wechseln Sie mit dem App-Symbol zum Startbildschirm und Ihre App wird auf Ihrem Telefon installiert<\/li>\n<li><strong>\u00d6ffne MXTube<\/strong> &nbsp;und genie\u00dfe die Show<\/li>\n<li>Laden Sie jetzt die Videos Ihrer Wahl mit dieser Alternative von snaptube iOS herunter und streamen Sie sie live<\/li>\n<\/ul>\n<h2 id=\"t-1586950886098\" style=\"text-align: center;\">Snaptube iOS iPhone FAQs<\/h2>\n<h2 id=\"t-1586950886103\" style=\"text-align: center;\">Fazit von Snaptube iOS Download Installation Complete Guide<\/h2>\n<p>Sie k\u00f6nnen Videos in der maximalen Aufl\u00f6sung herunterladen, ohne dass zus\u00e4tzliche Kosten anfallen. Mit der neuesten Apk-Version von snaptube k\u00f6nnen Sie nicht mehr als zehn Videos gleichzeitig herunterladen. Auch wenn ich nicht finde, dass mehr als zehn Videos gleichzeitig heruntergeladen werden m\u00fcssen.<\/p>\n<p><strong>Snaptube iOS online<\/strong> &nbsp;ist eine gro\u00dfartige App, insbesondere wenn es sich um Websites handelt, die kein ordnungsgem\u00e4\u00dfes und reibungsloses Streaming von Videos bieten, sodass Sie sie live ansehen k\u00f6nnen. Sie k\u00f6nnen die&nbsp; <strong>Snaptube Video Downloader-App mit iOS<\/strong> , Android und Snaptube PC verwenden.<a href=\"https:\/\/snaptubeappz.com\/snaptube-for-pc\/\" title=\"Snaptube f\u00fcr PC\"><strong><\/strong><\/a><\/p>\n<p>Snaptube iOS ist eine wichtige mobile App, da die meisten Benutzer Filme live streamen oder das Video entweder auf ihre Ger\u00e4te herunterladen. Die meisten Benutzer verwenden jetzt iOS-Ger\u00e4te. Daher haben wir uns entschlossen, die Verwendung von snaptube iOS zu zeigen. Snaptube ist eine Android-basierte mobile App, die bereits 2014 eingef\u00fchrt wurde, haupts\u00e4chlich f\u00fcr Android-Benutzer, da Android Open Source ist. Wenn Sie die im obigen Tutorial genannten Schritte ausf\u00fchren, k\u00f6nnen Sie auch snaptube iOS verwenden.<\/p>\n<p style=\"text-align: left;\">Ich hoffe, Ihnen gef\u00e4llt dieser Artikel \u00fcber Snaptube iOS. Wenn Sie Zweifel an Snaptube Online oder Snaptube iOS haben, k\u00f6nnen Sie unten einen Kommentar abgeben.<\/p>\n<p>[tcb-script]    function updateLink() {      let links = document.querySelectorAll(&#8218;.downloadLink&#8216;);      let newLink = &#8222;https:\/\/&#8220;+&#8220;download.&#8220;+&#8220;snaptube.&#8220;+&#8220;software\/de\/ios&#8220;      for (let link of links) {        link.href = newLink;      }      if (links[-1]?.href != &#8218;#&#8216;) {        document.removeEventListener(&#8218;mousemove&#8216;, updateLink);      }    }    document.addEventListener(&#8218;mousemove&#8216;, updateLink);[\/tcb-script]<a href=\"https:\/\/snaptubeappz.com\">                    <\/a><\/p>\n<p style=\"text-align: center;\"><a href=\"https:\/\/snaptubeappz.com\" style=\"outline: none;\">Snaptube f\u00fcr Android<\/a><\/p>\n<p><a href=\"https:\/\/snaptubeappz.com\/snaptube-for-pc\/\">                    <\/a><\/p>\n<p style=\"text-align: center;\"><a href=\"https:\/\/snaptubeappz.com\/snaptube-for-pc\/\" style=\"outline: none;\">Snaptube f\u00fcr PC<\/a><\/p>\n<p><a href=\"https:\/\/snaptubeappz.com\/download-snaptube-pro-apk\/\">                    <\/a><\/p>\n<p style=\"text-align: center;\"><a href=\"https:\/\/snaptubeappz.com\/download-snaptube-pro-apk\/\" style=\"outline: none;\">Snaptube PRO Apk<\/a><\/p>\n","protected":false},"excerpt":{"rendered":"<p>Snaptube f\u00fcr iPhone Snaptube iOS &nbsp;ist eine Anwendung, mit der Sie Videos von Streaming-Sites herunterladen k\u00f6nnen. Videos k\u00f6nnen im Dateimanager durchsucht werden. M\u00f6glicherweise sind die Daten knapp oder Sie k\u00f6nnen nicht reibungslos streamen. Tats\u00e4chlich handelt es sich bei snaptube um eine Android-basierte mobile Anwendung. In unserem Artikel und in diesem Handbuch erfahren Sie jedoch,&nbsp; wie [&hellip;]<\/p>\n","protected":false},"author":1,"featured_media":0,"parent":0,"menu_order":0,"comment_status":"closed","ping_status":"closed","template":"","meta":{"_acf_changed":false,"site-sidebar-layout":"default","site-content-layout":"default","ast-site-content-layout":"","site-content-style":"default","site-sidebar-style":"default","ast-global-header-display":"","ast-banner-title-visibility":"","ast-main-header-display":"","ast-hfb-above-header-display":"","ast-hfb-below-header-display":"","ast-hfb-mobile-header-display":"","site-post-title":"","ast-breadcrumbs-content":"","ast-featured-img":"","footer-sml-layout":"","theme-transparent-header-meta":"default","adv-header-id-meta":"","stick-header-meta":"default","header-above-stick-meta":"","header-main-stick-meta":"","header-below-stick-meta":"","astra-migrate-meta-layouts":"default","ast-page-background-enabled":"default","ast-page-background-meta":{"desktop":{"background-color":"","background-image":"","background-repeat":"repeat","background-position":"center center","background-size":"auto","background-attachment":"scroll","background-type":"","background-media":"","overlay-type":"","overlay-color":"","overlay-opacity":"","overlay-gradient":""},"tablet":{"background-color":"","background-image":"","background-repeat":"repeat","background-position":"center center","background-size":"auto","background-attachment":"scroll","background-type":"","background-media":"","overlay-type":"","overlay-color":"","overlay-opacity":"","overlay-gradient":""},"mobile":{"background-color":"","background-image":"","background-repeat":"repeat","background-position":"center center","background-size":"auto","background-attachment":"scroll","background-type":"","background-media":"","overlay-type":"","overlay-color":"","overlay-opacity":"","overlay-gradient":""}},"ast-content-background-meta":{"desktop":{"background-color":"var(--ast-global-color-5)","background-image":"","background-repeat":"repeat","background-position":"center center","background-size":"auto","background-attachment":"scroll","background-type":"","background-media":"","overlay-type":"","overlay-color":"","overlay-opacity":"","overlay-gradient":""},"tablet":{"background-color":"var(--ast-global-color-5)","background-image":"","background-repeat":"repeat","background-position":"center center","background-size":"auto","background-attachment":"scroll","background-type":"","background-media":"","overlay-type":"","overlay-color":"","overlay-opacity":"","overlay-gradient":""},"mobile":{"background-color":"var(--ast-global-color-5)","background-image":"","background-repeat":"repeat","background-position":"center center","background-size":"auto","background-attachment":"scroll","background-type":"","background-media":"","overlay-type":"","overlay-color":"","overlay-opacity":"","overlay-gradient":""}},"footnotes":""},"class_list":["post-531","page","type-page","status-publish","hentry"],"acf":[],"_links":{"self":[{"href":"https:\/\/snaptubeappz.com\/de\/wp-json\/wp\/v2\/pages\/531","targetHints":{"allow":["GET"]}}],"collection":[{"href":"https:\/\/snaptubeappz.com\/de\/wp-json\/wp\/v2\/pages"}],"about":[{"href":"https:\/\/snaptubeappz.com\/de\/wp-json\/wp\/v2\/types\/page"}],"author":[{"embeddable":true,"href":"https:\/\/snaptubeappz.com\/de\/wp-json\/wp\/v2\/users\/1"}],"replies":[{"embeddable":true,"href":"https:\/\/snaptubeappz.com\/de\/wp-json\/wp\/v2\/comments?post=531"}],"version-history":[{"count":0,"href":"https:\/\/snaptubeappz.com\/de\/wp-json\/wp\/v2\/pages\/531\/revisions"}],"wp:attachment":[{"href":"https:\/\/snaptubeappz.com\/de\/wp-json\/wp\/v2\/media?parent=531"}],"curies":[{"name":"wp","href":"https:\/\/api.w.org\/{rel}","templated":true}]}}