{"id":454,"date":"2020-03-13T14:22:39","date_gmt":"2020-03-13T14:22:39","guid":{"rendered":"https:\/\/snaptubeappz.com\/home"},"modified":"2025-09-08T13:34:39","modified_gmt":"2025-09-08T13:34:39","slug":"snaptube-apk-download-kostenlos-iinstallieren-2024","status":"publish","type":"page","link":"https:\/\/snaptubeappz.com\/de\/","title":{"rendered":"Snaptube Apk Download &#8211; Kostenlos Iinstallieren (2025)"},"content":{"rendered":"<p style=\"text-align: center;\">[btn-1]<\/p>\n<p style=\"text-align: center;\">[img-1]<\/p>\n<p style=\"text-align: center;\">[link-1]<\/p>\n<p style=\"text-align: center;\">[btn-2]<\/p>\n<p style=\"text-align: center;\">[table]<\/p>\n<h2 style=\"text-align: center;\"><strong>Was ist Snaptube?<\/strong><\/h2>\n<p style=\"text-align: left;\"><strong>Snaptube<\/strong> ist eine Android-App, die m\u00fchelos Videos von beliebten sozialen Medien und anderen unterhaltsamen Websites wie YouTube, Facebook, TikTok, Instagram, DailyMotion und WhatsApp herunterl\u00e4dt. Snaptube erm\u00f6glicht es den Nutzern auch, die Videodateien in das MP3-Format zu konvertieren und sie f\u00fcr den schnellen Zugriff zu speichern.<\/p>\n<p style=\"text-align: left;\">Snaptube wurde offiziell im November 2014 vorgestellt und fast 1 Milliarde Menschen haben die App weltweit heruntergeladen. Die Zahl der t\u00e4glich heruntergeladenen Videos liegt bei \u00fcber 90 Millionen. Leider ist Snaptube nicht mehr im Google Play Store erh\u00e4ltlich.<\/p>\n<p style=\"text-align: left;\">Es wird in bekannten App-Stores unterst\u00fctzt, darunter Uptodown.com, Aptoide.com und der 9Apps Store. Die <strong>Snaptube-App<\/strong> bietet Audio in den Formaten MP3 und M4A sowie Video in 144p, 720p, 1080p HD, 2K HD und 4K HD.<\/p>\n<p>[table_of_content]<\/p>\n<p>[install]<\/p>\n<p>[how-to-use]<\/p>\n<h2 style=\"text-align: center;\">Funktionen von Snaptube<\/h2>\n<p>Snaptube verf\u00fcgt \u00fcber verschiedene Funktionen, die sich an Benutzer richten, die Multimedia-Inhalte herunterladen und verwalten m\u00f6chten. Hier ist eine detaillierte Liste der wichtigsten Funktionen:<\/p>\n<p>[features]<\/p>\n<h2 style=\"text-align: center;\">Sicherheit und Datenschutz von Snaptube<\/h2>\n<p>Die <strong>Sicherheit und der Schutz der Privatsph\u00e4re bei der Verwendung einer Anwendung wie Snaptube sind wichtige Aspekte.<\/strong> Snaptube bietet zwar eine bequeme M\u00f6glichkeit, Videos und Musik herunterzuladen, doch sollten die Benutzer einige Aspekte im Zusammenhang mit der Sicherheit und dem Datenschutz beachten.<\/p>\n<p>[safety]<\/p>\n<h2 style=\"text-align: center;\">Snaptube Neueste Version Changelog<\/h2>\n<p>Die <strong>neueste Version von Snaptube<\/strong> hat eine Reihe von Verbesserungen und neuen Updates eingef\u00fchrt, um die Benutzerfreundlichkeit und Funktionalit\u00e4t zu verbessern:<\/p>\n<p>[changelog]<\/p>\n<h2 style=\"text-align: center;\">Snaptube Original vs. F\u00e4lschung<\/h2>\n<p><strong>Die Unterscheidung zwischen dem originalen Snaptube und seinen gef\u00e4lschten Gegenst\u00fccken ist f\u00fcr die Sicherheit der Nutzer entscheidend.<\/strong><\/p>\n<p>Das Original von Snaptube, das f\u00fcr das einfache Herunterladen von Videos von Plattformen wie YouTube und Facebook bekannt ist, kann sicher von unserer Website heruntergeladen werden. Gleichzeitig lauern die gef\u00e4lschten Versionen oft auf Drittanbieter-Quellen.<\/p>\n<p><strong>Die Echtheit wird au\u00dferdem durch die \u00dcberpr\u00fcfung der Entwicklung der App unter Mobiuspace \u00fcberpr\u00fcft,<\/strong> die in der Beschreibung der App auf den offiziellen Kan\u00e4len vermerkt ist. Das echte Snaptube bietet eine unkomplizierte, benutzerfreundliche Oberfl\u00e4che mit einem integrierten Browser, der verschiedene Videoaufl\u00f6sungen und -formate unterst\u00fctzt, im Gegensatz zu den F\u00e4lschungen, die mit \u00fcberm\u00e4\u00dfiger Werbung und irrelevanten Genehmigungsanfragen gespickt sind.<\/p>\n<p>Diese gef\u00e4lschten Anwendungen bergen nicht nur das Risiko, Malware auf Ihr Ger\u00e4t zu bringen, sondern stellen auch eine Bedrohung f\u00fcr Ihre pers\u00f6nlichen Daten dar. Die Meldung verd\u00e4chtiger, gef\u00e4lschter Snaptube-Apps an den App-Store oder direkt an uns ist von entscheidender Bedeutung, um dies zu bek\u00e4mpfen. Entscheiden Sie sich also immer f\u00fcr Downloads aus vertrauensw\u00fcrdigen Quellen wie unserer Website, und achten Sie auf die Anzeichen gef\u00e4lschter Apps, um Ihr Ger\u00e4t und Ihre pers\u00f6nlichen Daten zu sch\u00fctzen.<\/p>\n<p>[faq]<\/p>\n<p style=\"text-align: center;\">[link-3]<\/p>\n<div id=\"gtx-trans\" style=\"position: absolute; left: 597px; top: 183.109px;\">\n<div class=\"gtx-trans-icon\"><\/div>\n<\/div>\n","protected":false},"excerpt":{"rendered":"<p>[btn-1] [img-1] [link-1] [btn-2] [table] Was ist Snaptube? Snaptube ist eine Android-App, die m\u00fchelos Videos von beliebten sozialen Medien und anderen unterhaltsamen Websites wie YouTube, Facebook, TikTok, Instagram, DailyMotion und WhatsApp herunterl\u00e4dt. Snaptube erm\u00f6glicht es den Nutzern auch, die Videodateien in das MP3-Format zu konvertieren und sie f\u00fcr den schnellen Zugriff zu speichern. Snaptube wurde [&hellip;]<\/p>\n","protected":false},"author":1,"featured_media":0,"parent":0,"menu_order":0,"comment_status":"closed","ping_status":"closed","template":"","meta":{"_acf_changed":false,"site-sidebar-layout":"no-sidebar","site-content-layout":"plain-container","ast-site-content-layout":"normal-width-container","site-content-style":"unboxed","site-sidebar-style":"unboxed","ast-global-header-display":"","ast-banner-title-visibility":"","ast-main-header-display":"","ast-hfb-above-header-display":"","ast-hfb-below-header-display":"","ast-hfb-mobile-header-display":"","site-post-title":"","ast-breadcrumbs-content":"disabled","ast-featured-img":"disabled","footer-sml-layout":"","theme-transparent-header-meta":"default","adv-header-id-meta":"","stick-header-meta":"default","header-above-stick-meta":"","header-main-stick-meta":"","header-below-stick-meta":"","astra-migrate-meta-layouts":"set","ast-page-background-enabled":"default","ast-page-background-meta":{"desktop":{"background-color":"","background-image":"","background-repeat":"repeat","background-position":"center center","background-size":"auto","background-attachment":"scroll","background-type":"","background-media":"","overlay-type":"","overlay-color":"","overlay-opacity":"","overlay-gradient":""},"tablet":{"background-color":"","background-image":"","background-repeat":"repeat","background-position":"center center","background-size":"auto","background-attachment":"scroll","background-type":"","background-media":"","overlay-type":"","overlay-color":"","overlay-opacity":"","overlay-gradient":""},"mobile":{"background-color":"","background-image":"","background-repeat":"repeat","background-position":"center center","background-size":"auto","background-attachment":"scroll","background-type":"","background-media":"","overlay-type":"","overlay-color":"","overlay-opacity":"","overlay-gradient":""}},"ast-content-background-meta":{"desktop":{"background-color":"var(--ast-global-color-5)","background-image":"","background-repeat":"repeat","background-position":"center center","background-size":"auto","background-attachment":"scroll","background-type":"","background-media":"","overlay-type":"","overlay-color":"","overlay-opacity":"","overlay-gradient":""},"tablet":{"background-color":"var(--ast-global-color-5)","background-image":"","background-repeat":"repeat","background-position":"center center","background-size":"auto","background-attachment":"scroll","background-type":"","background-media":"","overlay-type":"","overlay-color":"","overlay-opacity":"","overlay-gradient":""},"mobile":{"background-color":"var(--ast-global-color-5)","background-image":"","background-repeat":"repeat","background-position":"center center","background-size":"auto","background-attachment":"scroll","background-type":"","background-media":"","overlay-type":"","overlay-color":"","overlay-opacity":"","overlay-gradient":""}},"footnotes":""},"class_list":["post-454","page","type-page","status-publish","hentry"],"acf":[],"_links":{"self":[{"href":"https:\/\/snaptubeappz.com\/de\/wp-json\/wp\/v2\/pages\/454","targetHints":{"allow":["GET"]}}],"collection":[{"href":"https:\/\/snaptubeappz.com\/de\/wp-json\/wp\/v2\/pages"}],"about":[{"href":"https:\/\/snaptubeappz.com\/de\/wp-json\/wp\/v2\/types\/page"}],"author":[{"embeddable":true,"href":"https:\/\/snaptubeappz.com\/de\/wp-json\/wp\/v2\/users\/1"}],"replies":[{"embeddable":true,"href":"https:\/\/snaptubeappz.com\/de\/wp-json\/wp\/v2\/comments?post=454"}],"version-history":[{"count":10,"href":"https:\/\/snaptubeappz.com\/de\/wp-json\/wp\/v2\/pages\/454\/revisions"}],"predecessor-version":[{"id":6005,"href":"https:\/\/snaptubeappz.com\/de\/wp-json\/wp\/v2\/pages\/454\/revisions\/6005"}],"wp:attachment":[{"href":"https:\/\/snaptubeappz.com\/de\/wp-json\/wp\/v2\/media?parent=454"}],"curies":[{"name":"wp","href":"https:\/\/api.w.org\/{rel}","templated":true}]}}