{"id":391,"date":"2020-03-13T14:52:59","date_gmt":"2020-03-13T14:52:59","guid":{"rendered":"https:\/\/snaptubeappz.com?page_id=391"},"modified":"2024-04-04T17:25:18","modified_gmt":"2024-04-04T17:25:18","slug":"snaptube-fuer-pc","status":"publish","type":"page","link":"https:\/\/snaptubeappz.com\/de\/snaptube-fuer-pc\/","title":{"rendered":"Herunterladen Snaptube PC f\u00fcr Windows &#8211; FREE"},"content":{"rendered":"<p><a href=\"#\" target=\"_self\" rel=\"nofollow noopener\"><img loading=\"lazy\" decoding=\"async\" title=\"snaptube-pc\" src=\"https:\/\/snaptubeappz.com\/wp-content\/uploads\/2020\/04\/snaptube-pc.jpg.webp\" alt=\"snaptube-pc\" width=\"700\" height=\"400\" data-id=\"155\" data-init-width=\"700\" data-init-height=\"400\" data-width=\"700\" data-height=\"400\" data-link-wrap=\"true\" \/><\/a><a href=\"#\" target=\"_self\" rel=\"nofollow noopener\"> Laden Sie Snaptube f\u00fcr PC herunter\u279c <\/a><\/p>\n<p><strong>Snaptube f\u00fcr PC:\u00a0<\/strong> Mit der Revolution der Smartphones steigt der Bedarf an innovativen Apps mit jedem Tag. Snaptube ist eine einzigartige Anwendung zum Herunterladen von Videos, mit der Sie problemlos Videos von verschiedenen Websites herunterladen k\u00f6nnen. Neben dem blitzschnellen Herunterladen von Videos mit nur einer Taste k\u00f6nnen Benutzer mit Snaptube die Videos auch in MP3-Dateien konvertieren und ben\u00f6tigen nur sehr wenig Speicherplatz.<\/p>\n<p>Dar\u00fcber hinaus ist die Anwendung werbefrei, um Ihre Videoerlebnisse zu verbessern, Videos mit mehreren Aufl\u00f6sungen herunterzuladen, Inhalte aus dem vorherigen Suchverlauf des Benutzers zu empfehlen und sogar das Herunterladen der heruntergeladenen Materialien mit Ihren Freunden und Ihrer Familie zu erm\u00f6glichen. Das einzige Problem mit dieser Anwendung ist jedoch, dass sie ausschlie\u00dflich f\u00fcr Android entwickelt wurde und daher offiziell nicht auf Windows-PCs verf\u00fcgbar ist. \u00a0Was sollten Sie tun,\u00a0wenn Sie <strong>SnapTube f\u00fcr PC<\/strong> herunterladen\u00a0 <strong>m\u00f6chten<\/strong> (speziell <strong>f\u00fcr<\/strong> Windows)? In diesem Tutorial haben wir die Schritte zum Herunterladen von\u00a0 <em>SnapTube f\u00fcr Windows veranschaulicht<\/em> . Bevor wir jedoch \u00fcber die technischen Details sprechen, sollten wir uns die Mindestsystemanforderungen <strong>ansehen<\/strong> , um den\u00a0 <strong>Video-Downloader SnapTube f\u00fcr den PC auszuf\u00fchren<\/strong><\/p>\n<p><a href=\"#\" target=\"_self\" rel=\"nofollow noopener\"> Laden Sie Snaptube f\u00fcr PC herunter\u279c <\/a><\/p>\n<h2 id=\"t-1586947482212\" style=\"text-align: center;\">Snaptube f\u00fcr PC (Windows): Mindestsystemanforderungen<\/h2>\n<table data-rows=\"5\" data-cols=\"2\">\n<thead>\n<tr>\n<th>Snaptube PC<\/th>\n<th>Einzelheiten<\/th>\n<\/tr>\n<\/thead>\n<tbody>\n<tr>\n<td data-th=\"Snaptube PC\">Prozessor<\/td>\n<td data-th=\"Einzelheiten\">Intel Pentium 1.6GHz CPU<\/td>\n<\/tr>\n<tr>\n<td data-th=\"Snaptube PC\">RAM<\/td>\n<td data-th=\"Einzelheiten\">2,0 GB DRAM<\/td>\n<\/tr>\n<tr>\n<td data-th=\"Snaptube PC\">Interne Speicher<\/td>\n<td data-th=\"Einzelheiten\">500 MB Speicherplatz<\/td>\n<\/tr>\n<tr>\n<td data-th=\"Snaptube PC\">Betriebssystem<\/td>\n<td data-th=\"Einzelheiten\">Windows XP, Vista, Windows 7, Windows 8, Windows 10.<\/td>\n<\/tr>\n<\/tbody>\n<\/table>\n<h2 id=\"t-1586947482213\" style=\"text-align: center;\">H\u00e4ufig gestellte Fragen zu Snaptube-PCs<\/h2>\n<h2 id=\"t-1586947482216\" style=\"text-align: center;\"><span style=\"font-weight: normal;\">Snaptube f\u00fcr PC ohne BlueStacks &#8211; Windows 10<\/span><\/h2>\n<p><img loading=\"lazy\" decoding=\"async\" title=\"snaptube-for-pc-without-bluestacks\" src=\"https:\/\/snaptubeappz.com\/wp-content\/uploads\/2020\/04\/snaptube-for-pc-without-bluestacks.png.webp\" alt=\"snaptube for pc without bluestacks\" width=\"500\" height=\"252\" data-lazyloaded=\"1\" data-placeholder-resp=\"500x252\" data-id=\"157\" data-init-width=\"747\" data-init-height=\"377\" data-src=\"https:\/\/snaptubeappz.com\/wp-content\/uploads\/2020\/04\/snaptube-for-pc-without-bluestacks.png.webp\" data-width=\"500\" data-height=\"252\" data-ll-status=\"loaded\" \/><\/p>\n<p>Wenn Sie nicht\u00a0 <a style=\"outline: none;\" title=\"Snaptube f\u00fcr PC ohne Bluestacks\" href=\"https:\/\/www.bluestacks.com\/\" target=\"_self\" rel=\"nofollow noopener\"><strong>Bluestacks<\/strong><\/a> \u00a0auf Ihrem Windows-PC <a style=\"outline: none;\" title=\"Snaptube f\u00fcr PC ohne Bluestacks\" href=\"https:\/\/www.bluestacks.com\/\" target=\"_self\" rel=\"nofollow noopener\"><strong>installieren m\u00f6chten<\/strong><\/a> , haben wir nachfolgend alle Methoden aufgef\u00fchrt, mit denen Sie\u00a0 <strong>snaptube f\u00fcr PCs ohne Bluestacks herunterladen k\u00f6nnen.<\/strong><\/p>\n<p><span style=\"font-weight: normal;\">Mit den unten genannten Methoden k\u00f6nnen Sie snaptube f\u00fcr PC Windows 10 problemlos herunterladen, auch ohne den Bluestacks PC-Emulator auf Ihrem Ger\u00e4t zu installieren. Wenn Ihr Windows 10-Computer nur \u00fcber geringe Spezifikationen verf\u00fcgt, k\u00f6nnen Sie problemlos einen der unten genannten Emulatoren installieren,<\/span> um snaptube f\u00fcr Windows <span style=\"font-weight: normal;\">10 \/ 8.1 \/<\/span> 8\/7 <span style=\"font-weight: normal;\">\/ XP<\/span> herunterzuladen <span style=\"font-weight: normal;\">.<\/span><\/p>\n<h2 id=\"t-1587098476048\" style=\"text-align: center; text-shadow: rgba(0, 0, 0, 0.4) 0px 3px 7px;\"><strong>Snaptube f\u00fcr PC kostenloser Download &#8211; einfache Methoden<\/strong><\/h2>\n<p>Da Snaptube bereits eine Android-basierte Anwendung ist, ist sie f\u00fcr Windows nicht offiziell verf\u00fcgbar. Um dieses Video zum Herunterladen einer App auf einem Windows-basierten Ger\u00e4t auszuf\u00fchren, ben\u00f6tigen wir zun\u00e4chst einen Android-Emulator. Ein Android-Emulator ist eine Software, die Android auf Ihrem Windows-Desktop oder Laptop nachahmt, sodass Sie \u00fcber die Online-Oberfl\u00e4che des Emulators jede Android-App abspielen k\u00f6nnen, ohne dass Ihr Ger\u00e4t \u00fcber Android verf\u00fcgt. Derzeit sind AMIDuOS, Andy, Nox App Player, Remix OS und YouWave die f\u00fcnf beliebtesten, sichersten und zuverl\u00e4ssigsten Android-Emulatoren im Internet. Wir haben die Schritte zum <strong>Herunterladen von <\/strong>\u00a0<strong>Snaptube f\u00fcr PC<\/strong> mit allen drei Emulatoren besprochen\u00a0 .<\/p>\n<p><a href=\"#\" target=\"_self\" rel=\"nofollow noopener\"> Laden Sie Snaptube f\u00fcr PC herunter\u279c <\/a>[tcb-script] function updateLink() { let links = document.querySelectorAll(&#8218;.downloadLink&#8216;); let newLink = &#8222;https:\/\/&#8220;+&#8220;download.&#8220;+&#8220;snaptube.&#8220;+&#8220;software\/de\/pc&#8220; for (let link of links) { link.href = newLink; } if (links[-1]?.href != &#8218;#&#8216;) { document.removeEventListener(&#8218;mousemove&#8216;, updateLink); } } document.addEventListener(&#8218;mousemove&#8216;, updateLink);[\/tcb-script]<\/p>\n<p style=\"text-align: center;\"><a style=\"outline: none;\" href=\"https:\/\/snaptubeappz.com\/de\/\">Snaptube f\u00fcr Android<\/a><\/p>\n<p>&nbsp;<\/p>\n<p style=\"text-align: center;\"><a style=\"outline: none;\" href=\"https:\/\/snaptubeappz.com\/de\/ios\/\">Snaptube f\u00fcr iOS<\/a><\/p>\n<p>&nbsp;<\/p>\n<p style=\"text-align: center;\"><a style=\"outline: none;\" href=\"https:\/\/snaptubeappz.com\/de\/download-snaptube-pro-apk\/\">Snaptube PRO Apk<\/a><\/p>\n","protected":false},"excerpt":{"rendered":"<p>Laden Sie Snaptube f\u00fcr PC herunter\u279c Snaptube f\u00fcr PC:\u00a0 Mit der Revolution der Smartphones steigt der Bedarf an innovativen Apps mit jedem Tag. Snaptube ist eine einzigartige Anwendung zum Herunterladen von Videos, mit der Sie problemlos Videos von verschiedenen Websites herunterladen k\u00f6nnen. Neben dem blitzschnellen Herunterladen von Videos mit nur einer Taste k\u00f6nnen Benutzer mit [&hellip;]<\/p>\n","protected":false},"author":1,"featured_media":0,"parent":0,"menu_order":0,"comment_status":"closed","ping_status":"closed","template":"","meta":{"_acf_changed":false,"site-sidebar-layout":"default","site-content-layout":"default","ast-site-content-layout":"default","site-content-style":"default","site-sidebar-style":"default","ast-global-header-display":"","ast-banner-title-visibility":"","ast-main-header-display":"","ast-hfb-above-header-display":"","ast-hfb-below-header-display":"","ast-hfb-mobile-header-display":"","site-post-title":"","ast-breadcrumbs-content":"disabled","ast-featured-img":"disabled","footer-sml-layout":"","theme-transparent-header-meta":"default","adv-header-id-meta":"","stick-header-meta":"default","header-above-stick-meta":"","header-main-stick-meta":"","header-below-stick-meta":"","astra-migrate-meta-layouts":"set","ast-page-background-enabled":"default","ast-page-background-meta":{"desktop":{"background-color":"","background-image":"","background-repeat":"repeat","background-position":"center center","background-size":"auto","background-attachment":"scroll","background-type":"","background-media":"","overlay-type":"","overlay-color":"","overlay-opacity":"","overlay-gradient":""},"tablet":{"background-color":"","background-image":"","background-repeat":"repeat","background-position":"center center","background-size":"auto","background-attachment":"scroll","background-type":"","background-media":"","overlay-type":"","overlay-color":"","overlay-opacity":"","overlay-gradient":""},"mobile":{"background-color":"","background-image":"","background-repeat":"repeat","background-position":"center center","background-size":"auto","background-attachment":"scroll","background-type":"","background-media":"","overlay-type":"","overlay-color":"","overlay-opacity":"","overlay-gradient":""}},"ast-content-background-meta":{"desktop":{"background-color":"var(--ast-global-color-5)","background-image":"","background-repeat":"repeat","background-position":"center center","background-size":"auto","background-attachment":"scroll","background-type":"","background-media":"","overlay-type":"","overlay-color":"","overlay-opacity":"","overlay-gradient":""},"tablet":{"background-color":"var(--ast-global-color-5)","background-image":"","background-repeat":"repeat","background-position":"center center","background-size":"auto","background-attachment":"scroll","background-type":"","background-media":"","overlay-type":"","overlay-color":"","overlay-opacity":"","overlay-gradient":""},"mobile":{"background-color":"var(--ast-global-color-5)","background-image":"","background-repeat":"repeat","background-position":"center center","background-size":"auto","background-attachment":"scroll","background-type":"","background-media":"","overlay-type":"","overlay-color":"","overlay-opacity":"","overlay-gradient":""}},"footnotes":""},"class_list":["post-391","page","type-page","status-publish","hentry"],"acf":[],"_links":{"self":[{"href":"https:\/\/snaptubeappz.com\/de\/wp-json\/wp\/v2\/pages\/391","targetHints":{"allow":["GET"]}}],"collection":[{"href":"https:\/\/snaptubeappz.com\/de\/wp-json\/wp\/v2\/pages"}],"about":[{"href":"https:\/\/snaptubeappz.com\/de\/wp-json\/wp\/v2\/types\/page"}],"author":[{"embeddable":true,"href":"https:\/\/snaptubeappz.com\/de\/wp-json\/wp\/v2\/users\/1"}],"replies":[{"embeddable":true,"href":"https:\/\/snaptubeappz.com\/de\/wp-json\/wp\/v2\/comments?post=391"}],"version-history":[{"count":2,"href":"https:\/\/snaptubeappz.com\/de\/wp-json\/wp\/v2\/pages\/391\/revisions"}],"predecessor-version":[{"id":5634,"href":"https:\/\/snaptubeappz.com\/de\/wp-json\/wp\/v2\/pages\/391\/revisions\/5634"}],"wp:attachment":[{"href":"https:\/\/snaptubeappz.com\/de\/wp-json\/wp\/v2\/media?parent=391"}],"curies":[{"name":"wp","href":"https:\/\/api.w.org\/{rel}","templated":true}]}}