{"id":3347,"date":"2020-03-13T03:29:37","date_gmt":"2020-03-13T03:29:37","guid":{"rendered":"https:\/\/snaptubeappz.com\/privacy-policy\/"},"modified":"2023-02-26T06:14:20","modified_gmt":"2023-02-26T06:14:20","slug":"privacy-policy","status":"publish","type":"page","link":"https:\/\/snaptubeappz.com\/de\/privacy-policy\/","title":{"rendered":"Datenschutz-Bestimmungen"},"content":{"rendered":"<p>Willkommen zu <a href=\"https:\/\/snaptubeappz.com\/de\/\">https:\/\/snaptubeappz.com\/de\/<\/a> (die \u201eWebsite\u201c). Wir verstehen, dass der Datenschutz im Internet f\u00fcr die Benutzer unserer Website wichtig ist, insbesondere wenn sie Gesch\u00e4fte t\u00e4tigen. Diese Erkl\u00e4rung regelt unsere Datenschutzrichtlinien in Bezug auf die Benutzer der Website (\u201eBesucher\u201c), die sie besuchen, ohne Gesch\u00e4fte zu t\u00e4tigen, und Besucher, die sich registrieren, um Gesch\u00e4fte auf der Website abzuwickeln und die verschiedenen von Snaptube Appz angebotenen Dienste (zusammenfassend \u201eDienste\u201c) zu nutzen \u201c) (\u201eAutorisierte Kunden\u201c).<\/p>\n<p><b>\u201ePers\u00f6nlich identifizierbare Informationen\u201c<\/b><\/p>\n<p>bezieht sich auf alle Informationen, die die Person, auf die sich diese Informationen beziehen, identifizieren oder verwenden k\u00f6nnen, um sie zu identifizieren, zu kontaktieren oder zu lokalisieren, einschlie\u00dflich, aber nicht beschr\u00e4nkt auf Name, Adresse, Telefonnummer, Faxnummer, E-Mail-Adresse, Finanzprofile, Sozialversicherung Nummer und Kreditkartendaten. Pers\u00f6nlich identifizierbare Informationen umfassen keine Informationen, die anonym gesammelt werden (d. h. ohne Identifizierung des einzelnen Benutzers) oder demografische Informationen, die nicht mit einer identifizierten Person verbunden sind.<\/p>\n<p><b>Welche personenbezogenen Daten werden erfasst?<\/b><\/p>\n<p>Wir k\u00f6nnen grundlegende Benutzerprofilinformationen von allen unseren Besuchern sammeln. Wir erfassen die folgenden zus\u00e4tzlichen Informationen von unseren autorisierten Kunden: die Namen, Adressen, Telefonnummern und E-Mail-Adressen der autorisierten Kunden, die Art und Gr\u00f6\u00dfe des Unternehmens und die Art und Gr\u00f6\u00dfe des Werbeinventars, das der autorisierte Kunde zu kaufen beabsichtigt oder verkaufen.<\/p>\n<p><b>Welche Organisationen sammeln die Informationen?<\/b><\/p>\n<p>Zus\u00e4tzlich zu unserer direkten Sammlung von Informationen k\u00f6nnen unsere Drittanbieter (wie Kreditkartenunternehmen, Clearingstellen und Banken), die Dienstleistungen wie Kredit-, Versicherungs- und Treuhanddienste anbieten, diese Informationen von unseren Besuchern und autorisierten Kunden sammeln. Wir haben keine Kontrolle dar\u00fcber, wie diese Dritten solche Informationen verwenden, aber wir bitten sie, offenzulegen, wie sie pers\u00f6nliche Informationen verwenden, die ihnen von Besuchern und autorisierten Kunden zur Verf\u00fcgung gestellt werden. Einige dieser Dritten k\u00f6nnen Vermittler sein, die ausschlie\u00dflich als Glieder in der Vertriebskette fungieren und die ihnen gegebenen Informationen nicht speichern, aufbewahren oder verwenden.<\/p>\n<p><b>Wie verwendet die Website personenbezogene Daten?<\/b><\/p>\n<p>Wir verwenden personenbezogene Daten, um die Website anzupassen, geeignete Serviceangebote zu machen und Kauf- und Verkaufsanfragen auf der Website zu erf\u00fcllen. Wir k\u00f6nnen Besucher und autorisierte Kunden per E-Mail \u00fcber Recherche- oder Kauf- und Verkaufsm\u00f6glichkeiten auf der Website oder \u00fcber Informationen zum Thema der Website informieren. Wir k\u00f6nnen auch personenbezogene Daten verwenden, um Besucher und autorisierte Kunden als Antwort auf bestimmte Anfragen zu kontaktieren oder angeforderte Informationen bereitzustellen.<\/p>\n<p><b>Mit wem d\u00fcrfen die Informationen geteilt werden?<\/b><\/p>\n<p>Personenbezogene Daten \u00fcber autorisierte Kunden k\u00f6nnen mit anderen autorisierten Kunden geteilt werden, die potenzielle Transaktionen mit anderen autorisierten Kunden bewerten m\u00f6chten. Wir k\u00f6nnen aggregierte Informationen \u00fcber unsere Besucher, einschlie\u00dflich der demografischen Daten unserer Besucher und autorisierten Kunden, an unsere verbundenen Agenturen und Drittanbieter weitergeben. Wir bieten auch die M\u00f6glichkeit, den Erhalt von Informationen oder die Kontaktaufnahme durch uns oder eine in unserem Namen handelnde Agentur abzulehnen.<\/p>\n<p><b>Wie werden personenbezogene Daten gespeichert?<\/b><\/p>\n<p>Personenbezogene Daten, die von Snaptube Appz erfasst werden, werden sicher gespeichert und sind f\u00fcr Dritte oder Mitarbeiter von Snaptube Appz nicht zug\u00e4nglich, mit Ausnahme der oben angegebenen Verwendung.<\/p>\n<p>Welche Wahlm\u00f6glichkeiten stehen den Besuchern hinsichtlich der Erfassung, Verwendung und Verbreitung der Informationen zur Verf\u00fcgung?<\/p>\n<p>Besucher und autorisierte Kunden k\u00f6nnen den Erhalt unerw\u00fcnschter Informationen von uns und\/oder unseren Lieferanten und verbundenen Agenturen oder die Kontaktaufnahme durch uns ablehnen, indem sie wie angewiesen auf E-Mails antworten oder uns unter kontaktieren<\/p>\n<p><b>Werden Cookies auf der Website verwendet?<\/b><\/p>\n<p>Cookies werden aus verschiedenen Gr\u00fcnden verwendet. Wir verwenden Cookies, um Informationen \u00fcber die Pr\u00e4ferenzen unserer Besucher und die von ihnen ausgew\u00e4hlten Dienste zu erhalten. Wir verwenden Cookies auch zu Sicherheitszwecken, um unsere autorisierten Kunden zu sch\u00fctzen. Wenn beispielsweise ein autorisierter Kunde angemeldet ist und die Website l\u00e4nger als 10 Minuten nicht verwendet wird, melden wir den autorisierten Kunden automatisch ab.<\/p>\n<p><b>Wie verwendet Snaptube Appz Anmeldeinformationen?<\/b><\/p>\n<p>Snaptube Appz verwendet Anmeldeinformationen, einschlie\u00dflich, aber nicht beschr\u00e4nkt auf IP-Adressen, ISPs und Browsertypen, um Trends zu analysieren, die Website zu verwalten, die Bewegung und Nutzung eines Benutzers zu verfolgen und umfassende demografische Informationen zu sammeln.<\/p>\n<p>Welche Partner oder Dienstleister haben Zugriff auf personenbezogene Daten von Besuchern und\/oder autorisierten Kunden auf der Website?<\/p>\n<p>Snaptube Appz ist Partnerschaften und andere Zugeh\u00f6rigkeiten mit einer Reihe von Anbietern eingegangen und wird dies auch weiterhin tun. Solche Anbieter haben m\u00f6glicherweise Zugriff auf bestimmte personenbezogene Daten, wenn dies erforderlich ist, um autorisierte Kunden hinsichtlich der Serviceberechtigung zu bewerten. Unsere Datenschutzerkl\u00e4rung erstreckt sich nicht auf die Erfassung oder Verwendung dieser Informationen. Offenlegung von personenbezogenen Daten zur Einhaltung von Gesetzen. Wir werden personenbezogene Daten offenlegen, um einem Gerichtsbeschluss oder einer Vorladung oder einer Aufforderung einer Strafverfolgungsbeh\u00f6rde zur Herausgabe von Informationen nachzukommen. Wir werden auch personenbezogene Daten offenlegen, wenn dies vern\u00fcnftigerweise erforderlich ist, um die Sicherheit unserer Besucher und autorisierten Kunden zu sch\u00fctzen.<\/p>\n<p><b>Wie sichert die Website personenbezogene Daten?<\/b><\/p>\n<p>Alle unsere Mitarbeiter sind mit unseren Sicherheitsrichtlinien und -praktiken vertraut. Die personenbezogenen Daten unserer Besucher und autorisierten Kunden sind nur einer begrenzten Anzahl qualifizierter Mitarbeiter zug\u00e4nglich, die ein Passwort erhalten, um Zugang zu den Daten zu erhalten. Wir pr\u00fcfen unsere Sicherheitssysteme und -prozesse regelm\u00e4\u00dfig. Sensible Informationen wie Kreditkartennummern oder Sozialversicherungsnummern werden durch Verschl\u00fcsselungsprotokolle gesch\u00fctzt, die zum Schutz der \u00fcber das Internet gesendeten Informationen vorhanden sind. Obwohl wir wirtschaftlich angemessene Ma\u00dfnahmen ergreifen, um eine sichere Website aufrechtzuerhalten, sind elektronische Kommunikation und Datenbanken Fehlern, Manipulationen und Einbr\u00fcchen ausgesetzt, und wir k\u00f6nnen nicht garantieren oder garantieren, dass solche Ereignisse nicht stattfinden, und wir haften nicht gegen\u00fcber Besuchern oder Autorisierte Kunden f\u00fcr solche Vorkommnisse.<\/p>\n<p><b>Wie k\u00f6nnen Besucher Ungenauigkeiten in personenbezogenen Daten korrigieren?<\/b><\/p>\n<p>Besucher und autorisierte Kunden k\u00f6nnen uns kontaktieren, um ihre personenbezogenen Daten zu aktualisieren oder Ungenauigkeiten zu korrigieren, indem sie uns eine E-Mail an apksnaptubeinfo@gmail.com senden<\/p>\n<p><b>Kann ein Besucher von der Website erfasste personenbezogene Daten l\u00f6schen oder deaktivieren?<\/b><\/p>\n<p>Wir bieten Besuchern und autorisierten Kunden einen Mechanismus zum L\u00f6schen\/Deaktivieren von personenbezogenen Daten aus der Datenbank der Website, indem sie Kontakt mit uns aufnehmen. Aufgrund von Sicherungen und Aufzeichnungen von L\u00f6schungen kann es jedoch unm\u00f6glich sein, den Eintrag eines Besuchers zu l\u00f6schen, ohne einige Restinformationen beizubehalten. Bei einer Person, die die Deaktivierung von personenbezogenen Daten beantragt, werden diese Informationen funktional gel\u00f6scht, und wir werden in Zukunft keine personenbezogenen Daten in Bezug auf diese Person verkaufen, \u00fcbertragen oder verwenden.<\/p>\n<p><b>Was passiert, wenn sich die Datenschutzrichtlinie \u00e4ndert?<\/b><\/p>\n<p>Wir werden unsere Besucher und autorisierten Kunden \u00fcber \u00c4nderungen unserer Datenschutzrichtlinie informieren, indem wir solche \u00c4nderungen auf der Website ver\u00f6ffentlichen. Wenn wir jedoch unsere Datenschutzrichtlinie in einer Weise \u00e4ndern, die dazu f\u00fchren k\u00f6nnte, dass die Offenlegung von personenbezogenen Daten, die ein Besucher oder autorisierter Kunde zuvor angefordert hat, nicht offengelegt wird, werden wir diesen Besucher oder autorisierten Kunden kontaktieren, damit dieser Besucher oder autorisierte Kunde dies verhindern kann eine solche Offenlegung.<\/p>\n<p><b>Verbindungen:<\/b><\/p>\n<p>https:\/\/snaptubeappz.com enth\u00e4lt Links zu anderen Websites. Bitte beachten Sie, dass Sie, wenn Sie auf einen dieser Links klicken, zu einer anderen Website wechseln. Wir empfehlen Ihnen, die Datenschutzerkl\u00e4rungen dieser verlinkten Websites zu lesen, da deren Datenschutzrichtlinien von unseren abweichen k\u00f6nnen.<\/p>\n","protected":false},"excerpt":{"rendered":"<p>Willkommen zu https:\/\/snaptubeappz.com\/de\/ (die \u201eWebsite\u201c). Wir verstehen, dass der Datenschutz im Internet f\u00fcr die Benutzer unserer Website wichtig ist, insbesondere wenn sie Gesch\u00e4fte t\u00e4tigen. Diese Erkl\u00e4rung regelt unsere Datenschutzrichtlinien in Bezug auf die Benutzer der Website (\u201eBesucher\u201c), die sie besuchen, ohne Gesch\u00e4fte zu t\u00e4tigen, und Besucher, die sich registrieren, um Gesch\u00e4fte auf der Website abzuwickeln [&hellip;]<\/p>\n","protected":false},"author":1,"featured_media":0,"parent":0,"menu_order":0,"comment_status":"closed","ping_status":"open","template":"","meta":{"_acf_changed":false,"site-sidebar-layout":"default","site-content-layout":"default","ast-site-content-layout":"","site-content-style":"default","site-sidebar-style":"default","ast-global-header-display":"","ast-banner-title-visibility":"","ast-main-header-display":"","ast-hfb-above-header-display":"","ast-hfb-below-header-display":"","ast-hfb-mobile-header-display":"","site-post-title":"","ast-breadcrumbs-content":"","ast-featured-img":"","footer-sml-layout":"","theme-transparent-header-meta":"default","adv-header-id-meta":"","stick-header-meta":"default","header-above-stick-meta":"","header-main-stick-meta":"","header-below-stick-meta":"","astra-migrate-meta-layouts":"default","ast-page-background-enabled":"default","ast-page-background-meta":{"desktop":{"background-color":"","background-image":"","background-repeat":"repeat","background-position":"center center","background-size":"auto","background-attachment":"scroll","background-type":"","background-media":"","overlay-type":"","overlay-color":"","overlay-opacity":"","overlay-gradient":""},"tablet":{"background-color":"","background-image":"","background-repeat":"repeat","background-position":"center center","background-size":"auto","background-attachment":"scroll","background-type":"","background-media":"","overlay-type":"","overlay-color":"","overlay-opacity":"","overlay-gradient":""},"mobile":{"background-color":"","background-image":"","background-repeat":"repeat","background-position":"center center","background-size":"auto","background-attachment":"scroll","background-type":"","background-media":"","overlay-type":"","overlay-color":"","overlay-opacity":"","overlay-gradient":""}},"ast-content-background-meta":{"desktop":{"background-color":"var(--ast-global-color-5)","background-image":"","background-repeat":"repeat","background-position":"center center","background-size":"auto","background-attachment":"scroll","background-type":"","background-media":"","overlay-type":"","overlay-color":"","overlay-opacity":"","overlay-gradient":""},"tablet":{"background-color":"var(--ast-global-color-5)","background-image":"","background-repeat":"repeat","background-position":"center center","background-size":"auto","background-attachment":"scroll","background-type":"","background-media":"","overlay-type":"","overlay-color":"","overlay-opacity":"","overlay-gradient":""},"mobile":{"background-color":"var(--ast-global-color-5)","background-image":"","background-repeat":"repeat","background-position":"center center","background-size":"auto","background-attachment":"scroll","background-type":"","background-media":"","overlay-type":"","overlay-color":"","overlay-opacity":"","overlay-gradient":""}},"footnotes":""},"class_list":["post-3347","page","type-page","status-publish","hentry"],"acf":[],"_links":{"self":[{"href":"https:\/\/snaptubeappz.com\/de\/wp-json\/wp\/v2\/pages\/3347","targetHints":{"allow":["GET"]}}],"collection":[{"href":"https:\/\/snaptubeappz.com\/de\/wp-json\/wp\/v2\/pages"}],"about":[{"href":"https:\/\/snaptubeappz.com\/de\/wp-json\/wp\/v2\/types\/page"}],"author":[{"embeddable":true,"href":"https:\/\/snaptubeappz.com\/de\/wp-json\/wp\/v2\/users\/1"}],"replies":[{"embeddable":true,"href":"https:\/\/snaptubeappz.com\/de\/wp-json\/wp\/v2\/comments?post=3347"}],"version-history":[{"count":0,"href":"https:\/\/snaptubeappz.com\/de\/wp-json\/wp\/v2\/pages\/3347\/revisions"}],"wp:attachment":[{"href":"https:\/\/snaptubeappz.com\/de\/wp-json\/wp\/v2\/media?parent=3347"}],"curies":[{"name":"wp","href":"https:\/\/api.w.org\/{rel}","templated":true}]}}