{"id":3206,"date":"2020-03-13T13:44:04","date_gmt":"2020-03-13T13:44:04","guid":{"rendered":"https:\/\/snaptubeappz.com\/disclaimer\/"},"modified":"2023-07-10T12:52:42","modified_gmt":"2023-07-10T12:52:42","slug":"disclaimer","status":"publish","type":"page","link":"https:\/\/snaptubeappz.com\/de\/disclaimer\/","title":{"rendered":"Haftungsausschluss"},"content":{"rendered":"<p>Die in <a href=\"https:\/\/snaptubeappz.com\/de\/\">https:\/\/snaptubeappz.com\/de\/<\/a> enthaltenen Informationen dienen ausschlie\u00dflich der allgemeinen Information. Die Informationen werden von https:\/\/snaptubeappz.com zur Verf\u00fcgung gestellt, und obwohl wir uns bem\u00fchen, die Informationen auf dem neuesten Stand und korrekt zu halten, geben wir keine ausdr\u00fccklichen oder stillschweigenden Zusicherungen oder Gew\u00e4hrleistungen hinsichtlich der Vollst\u00e4ndigkeit, Genauigkeit, Zuverl\u00e4ssigkeit, Eignung oder Verf\u00fcgbarkeit von https:\/\/snaptubeappz.com oder der auf https:\/\/snaptubeappz.com enthaltenen Informationen, Produkte, Dienstleistungen oder zugeh\u00f6rigen Grafiken f\u00fcr irgendeinen Zweck. Jegliches Vertrauen, das Sie auf diese Informationen setzen, geschieht daher ausschlie\u00dflich auf Ihr eigenes Risiko.<\/p>\n<p>In keinem Fall haften wir f\u00fcr Verluste oder Sch\u00e4den, einschlie\u00dflich, aber nicht beschr\u00e4nkt auf indirekte oder Folgesch\u00e4den, oder Verluste oder Sch\u00e4den, die sich aus dem Verlust von Daten oder Gewinnen ergeben, die sich aus der Nutzung von https:\/\/snaptubeappz.com ergeben oder damit in Zusammenhang stehen.<\/p>\n<p>\u00dcber https:\/\/snaptubeappz.com haben Sie die M\u00f6glichkeit, sich mit anderen Websites zu verbinden, die nicht unter der Kontrolle von https:\/\/snaptubeappz.com stehen. Wir haben keine Kontrolle \u00fcber die Art, den Inhalt und die Verf\u00fcgbarkeit dieser Websites. Die Aufnahme von Links bedeutet nicht notwendigerweise eine Empfehlung oder Bef\u00fcrwortung der auf diesen Seiten vertretenen Ansichten.<\/p>\n<p>Es werden alle Anstrengungen unternommen, um den reibungslosen Betrieb von https:\/\/snaptubeappz.com zu gew\u00e4hrleisten. https:\/\/snaptubeappz.com \u00fcbernimmt jedoch keine Verantwortung und ist nicht haftbar, wenn https:\/\/snaptubeappz.com aufgrund technischer Probleme, die au\u00dferhalb unserer Kontrolle liegen, vor\u00fcbergehend nicht verf\u00fcgbar ist.<\/p>\n","protected":false},"excerpt":{"rendered":"<p>Die in https:\/\/snaptubeappz.com\/de\/ enthaltenen Informationen dienen ausschlie\u00dflich der allgemeinen Information. Die Informationen werden von https:\/\/snaptubeappz.com zur Verf\u00fcgung gestellt, und obwohl wir uns bem\u00fchen, die Informationen auf dem neuesten Stand und korrekt zu halten, geben wir keine ausdr\u00fccklichen oder stillschweigenden Zusicherungen oder Gew\u00e4hrleistungen hinsichtlich der Vollst\u00e4ndigkeit, Genauigkeit, Zuverl\u00e4ssigkeit, Eignung oder Verf\u00fcgbarkeit von https:\/\/snaptubeappz.com oder der auf [&hellip;]<\/p>\n","protected":false},"author":1,"featured_media":0,"parent":0,"menu_order":0,"comment_status":"closed","ping_status":"closed","template":"","meta":{"_acf_changed":false,"site-sidebar-layout":"no-sidebar","site-content-layout":"plain-container","ast-site-content-layout":"","site-content-style":"default","site-sidebar-style":"default","ast-global-header-display":"","ast-banner-title-visibility":"","ast-main-header-display":"","ast-hfb-above-header-display":"","ast-hfb-below-header-display":"","ast-hfb-mobile-header-display":"","site-post-title":"","ast-breadcrumbs-content":"","ast-featured-img":"","footer-sml-layout":"","theme-transparent-header-meta":"default","adv-header-id-meta":"","stick-header-meta":"default","header-above-stick-meta":"","header-main-stick-meta":"","header-below-stick-meta":"","astra-migrate-meta-layouts":"default","ast-page-background-enabled":"default","ast-page-background-meta":{"desktop":{"background-color":"","background-image":"","background-repeat":"repeat","background-position":"center center","background-size":"auto","background-attachment":"scroll","background-type":"","background-media":"","overlay-type":"","overlay-color":"","overlay-opacity":"","overlay-gradient":""},"tablet":{"background-color":"","background-image":"","background-repeat":"repeat","background-position":"center center","background-size":"auto","background-attachment":"scroll","background-type":"","background-media":"","overlay-type":"","overlay-color":"","overlay-opacity":"","overlay-gradient":""},"mobile":{"background-color":"","background-image":"","background-repeat":"repeat","background-position":"center center","background-size":"auto","background-attachment":"scroll","background-type":"","background-media":"","overlay-type":"","overlay-color":"","overlay-opacity":"","overlay-gradient":""}},"ast-content-background-meta":{"desktop":{"background-color":"var(--ast-global-color-5)","background-image":"","background-repeat":"repeat","background-position":"center center","background-size":"auto","background-attachment":"scroll","background-type":"","background-media":"","overlay-type":"","overlay-color":"","overlay-opacity":"","overlay-gradient":""},"tablet":{"background-color":"var(--ast-global-color-5)","background-image":"","background-repeat":"repeat","background-position":"center center","background-size":"auto","background-attachment":"scroll","background-type":"","background-media":"","overlay-type":"","overlay-color":"","overlay-opacity":"","overlay-gradient":""},"mobile":{"background-color":"var(--ast-global-color-5)","background-image":"","background-repeat":"repeat","background-position":"center center","background-size":"auto","background-attachment":"scroll","background-type":"","background-media":"","overlay-type":"","overlay-color":"","overlay-opacity":"","overlay-gradient":""}},"footnotes":""},"class_list":["post-3206","page","type-page","status-publish","hentry"],"acf":[],"_links":{"self":[{"href":"https:\/\/snaptubeappz.com\/de\/wp-json\/wp\/v2\/pages\/3206","targetHints":{"allow":["GET"]}}],"collection":[{"href":"https:\/\/snaptubeappz.com\/de\/wp-json\/wp\/v2\/pages"}],"about":[{"href":"https:\/\/snaptubeappz.com\/de\/wp-json\/wp\/v2\/types\/page"}],"author":[{"embeddable":true,"href":"https:\/\/snaptubeappz.com\/de\/wp-json\/wp\/v2\/users\/1"}],"replies":[{"embeddable":true,"href":"https:\/\/snaptubeappz.com\/de\/wp-json\/wp\/v2\/comments?post=3206"}],"version-history":[{"count":0,"href":"https:\/\/snaptubeappz.com\/de\/wp-json\/wp\/v2\/pages\/3206\/revisions"}],"wp:attachment":[{"href":"https:\/\/snaptubeappz.com\/de\/wp-json\/wp\/v2\/media?parent=3206"}],"curies":[{"name":"wp","href":"https:\/\/api.w.org\/{rel}","templated":true}]}}